{"id":375,"date":"2013-11-08T14:57:39","date_gmt":"2013-11-08T13:57:39","guid":{"rendered":"http:\/\/www.oeuvrequiparle.com\/decouverte\/?page_id=375"},"modified":"2013-11-11T11:34:03","modified_gmt":"2013-11-11T10:34:03","slug":"375-2","status":"publish","type":"page","link":"https:\/\/www.oeuvrequiparle.com\/decouverte\/?page_id=375","title":{"rendered":"Page de d\u00e9sinscription"},"content":{"rendered":"<h2>Page de d\u00e9sinscription<\/h2>\n<p><img loading=\"lazy\" decoding=\"async\" title=\"Encyclop\u00e9die sonore des arts visuels\" alt=\"\" src=\"https:\/\/www.oeuvrequiparle.com\/decouverte\/wp-content\/uploads\/2013\/01\/Bandeau-Blog-Decouverte.jpg\" width=\"680\" height=\"200\" \/><\/p>\n<p style=\"text-align: justify;\">Vous ne souhaitez plus recevoir l&rsquo;alerte lors de la sortie d&rsquo;une nouvelle oeuvre sonore : il suffit de nous laisser votre adresse Email dans le formulaire ci-dessous. Votre demande sera trait\u00e9e sous huit jours au maximum.<\/p>\n<p align=\"center\">\n<!-- iframe plugin v.4.8 wordpress.org\/plugins\/iframe\/ -->\n<iframe loading=\"lazy\" width=\"500\" height=\"120\" src=\"https:\/\/www.oeuvrequiparle.com\/decouverte\/forms\/form_desinscription.htm\" scrolling=\"yes\" class=\"iframe-class\" frameborder=\"0\"><\/iframe>\n<\/p>\n","protected":false},"excerpt":{"rendered":"<p>Page de d\u00e9sinscription Vous ne souhaitez plus recevoir l&rsquo;alerte lors de la sortie d&rsquo;une nouvelle oeuvre sonore : il suffit de nous laisser votre adresse Email dans le formulaire ci-dessous. Votre demande sera trait\u00e9e sous huit jours au maximum.<\/p>\n","protected":false},"author":1,"featured_media":0,"parent":0,"menu_order":0,"comment_status":"open","ping_status":"open","template":"","meta":{"footnotes":""},"yoast_head":"<!-- This site is optimized with the Yoast SEO plugin v21.5 - https:\/\/yoast.com\/wordpress\/plugins\/seo\/ -->\n<title>Page de d\u00e9sinscription - L&#039;Encyclop\u00e9die sonore des Arts Visuels<\/title>\n<meta name=\"robots\" content=\"index, follow, max-snippet:-1, max-image-preview:large, max-video-preview:-1\" \/>\n<link rel=\"canonical\" href=\"https:\/\/www.oeuvrequiparle.com\/decouverte\/?page_id=375\" \/>\n<meta property=\"og:locale\" content=\"fr_FR\" \/>\n<meta property=\"og:type\" content=\"article\" \/>\n<meta property=\"og:title\" content=\"Page de d\u00e9sinscription - L&#039;Encyclop\u00e9die sonore des Arts Visuels\" \/>\n<meta property=\"og:description\" content=\"Page de d\u00e9sinscription Vous ne souhaitez plus recevoir l&rsquo;alerte lors de la sortie d&rsquo;une nouvelle oeuvre sonore : il suffit de nous laisser votre adresse Email dans le formulaire ci-dessous. Votre demande sera trait\u00e9e sous huit jours au maximum.\" \/>\n<meta property=\"og:url\" content=\"https:\/\/www.oeuvrequiparle.com\/decouverte\/?page_id=375\" \/>\n<meta property=\"og:site_name\" content=\"L&#039;Encyclop\u00e9die sonore des Arts Visuels\" \/>\n<meta property=\"article:modified_time\" content=\"2013-11-11T10:34:03+00:00\" \/>\n<meta property=\"og:image\" content=\"https:\/\/www.oeuvrequiparle.com\/decouverte\/wp-content\/uploads\/2013\/01\/Bandeau-Blog-Decouverte.jpg\" \/>\n<meta name=\"twitter:card\" content=\"summary_large_image\" \/>\n<script type=\"application\/ld+json\" class=\"yoast-schema-graph\">{\"@context\":\"https:\/\/schema.org\",\"@graph\":[{\"@type\":\"WebPage\",\"@id\":\"https:\/\/www.oeuvrequiparle.com\/decouverte\/?page_id=375\",\"url\":\"https:\/\/www.oeuvrequiparle.com\/decouverte\/?page_id=375\",\"name\":\"Page de d\u00e9sinscription - L&#039;Encyclop\u00e9die sonore des Arts Visuels\",\"isPartOf\":{\"@id\":\"https:\/\/www.oeuvrequiparle.com\/decouverte\/#website\"},\"datePublished\":\"2013-11-08T13:57:39+00:00\",\"dateModified\":\"2013-11-11T10:34:03+00:00\",\"breadcrumb\":{\"@id\":\"https:\/\/www.oeuvrequiparle.com\/decouverte\/?page_id=375#breadcrumb\"},\"inLanguage\":\"fr-FR\",\"potentialAction\":[{\"@type\":\"ReadAction\",\"target\":[\"https:\/\/www.oeuvrequiparle.com\/decouverte\/?page_id=375\"]}]},{\"@type\":\"BreadcrumbList\",\"@id\":\"https:\/\/www.oeuvrequiparle.com\/decouverte\/?page_id=375#breadcrumb\",\"itemListElement\":[{\"@type\":\"ListItem\",\"position\":1,\"name\":\"Home\",\"item\":\"https:\/\/www.oeuvrequiparle.com\/decouverte\/\"},{\"@type\":\"ListItem\",\"position\":2,\"name\":\"Page de d\u00e9sinscription\"}]},{\"@type\":\"WebSite\",\"@id\":\"https:\/\/www.oeuvrequiparle.com\/decouverte\/#website\",\"url\":\"https:\/\/www.oeuvrequiparle.com\/decouverte\/\",\"name\":\"L&#039;Encyclop\u00e9die sonore des Arts Visuels\",\"description\":\"Par Active-Art\",\"potentialAction\":[{\"@type\":\"SearchAction\",\"target\":{\"@type\":\"EntryPoint\",\"urlTemplate\":\"https:\/\/www.oeuvrequiparle.com\/decouverte\/?s={search_term_string}\"},\"query-input\":\"required name=search_term_string\"}],\"inLanguage\":\"fr-FR\"}]}<\/script>\n<!-- \/ Yoast SEO plugin. -->","yoast_head_json":{"title":"Page de d\u00e9sinscription - L&#039;Encyclop\u00e9die sonore des Arts Visuels","robots":{"index":"index","follow":"follow","max-snippet":"max-snippet:-1","max-image-preview":"max-image-preview:large","max-video-preview":"max-video-preview:-1"},"canonical":"https:\/\/www.oeuvrequiparle.com\/decouverte\/?page_id=375","og_locale":"fr_FR","og_type":"article","og_title":"Page de d\u00e9sinscription - L&#039;Encyclop\u00e9die sonore des Arts Visuels","og_description":"Page de d\u00e9sinscription Vous ne souhaitez plus recevoir l&rsquo;alerte lors de la sortie d&rsquo;une nouvelle oeuvre sonore : il suffit de nous laisser votre adresse Email dans le formulaire ci-dessous. Votre demande sera trait\u00e9e sous huit jours au maximum.","og_url":"https:\/\/www.oeuvrequiparle.com\/decouverte\/?page_id=375","og_site_name":"L&#039;Encyclop\u00e9die sonore des Arts Visuels","article_modified_time":"2013-11-11T10:34:03+00:00","og_image":[{"url":"https:\/\/www.oeuvrequiparle.com\/decouverte\/wp-content\/uploads\/2013\/01\/Bandeau-Blog-Decouverte.jpg"}],"twitter_card":"summary_large_image","schema":{"@context":"https:\/\/schema.org","@graph":[{"@type":"WebPage","@id":"https:\/\/www.oeuvrequiparle.com\/decouverte\/?page_id=375","url":"https:\/\/www.oeuvrequiparle.com\/decouverte\/?page_id=375","name":"Page de d\u00e9sinscription - L&#039;Encyclop\u00e9die sonore des Arts Visuels","isPartOf":{"@id":"https:\/\/www.oeuvrequiparle.com\/decouverte\/#website"},"datePublished":"2013-11-08T13:57:39+00:00","dateModified":"2013-11-11T10:34:03+00:00","breadcrumb":{"@id":"https:\/\/www.oeuvrequiparle.com\/decouverte\/?page_id=375#breadcrumb"},"inLanguage":"fr-FR","potentialAction":[{"@type":"ReadAction","target":["https:\/\/www.oeuvrequiparle.com\/decouverte\/?page_id=375"]}]},{"@type":"BreadcrumbList","@id":"https:\/\/www.oeuvrequiparle.com\/decouverte\/?page_id=375#breadcrumb","itemListElement":[{"@type":"ListItem","position":1,"name":"Home","item":"https:\/\/www.oeuvrequiparle.com\/decouverte\/"},{"@type":"ListItem","position":2,"name":"Page de d\u00e9sinscription"}]},{"@type":"WebSite","@id":"https:\/\/www.oeuvrequiparle.com\/decouverte\/#website","url":"https:\/\/www.oeuvrequiparle.com\/decouverte\/","name":"L&#039;Encyclop\u00e9die sonore des Arts Visuels","description":"Par Active-Art","potentialAction":[{"@type":"SearchAction","target":{"@type":"EntryPoint","urlTemplate":"https:\/\/www.oeuvrequiparle.com\/decouverte\/?s={search_term_string}"},"query-input":"required name=search_term_string"}],"inLanguage":"fr-FR"}]}},"_links":{"self":[{"href":"https:\/\/www.oeuvrequiparle.com\/decouverte\/index.php?rest_route=\/wp\/v2\/pages\/375"}],"collection":[{"href":"https:\/\/www.oeuvrequiparle.com\/decouverte\/index.php?rest_route=\/wp\/v2\/pages"}],"about":[{"href":"https:\/\/www.oeuvrequiparle.com\/decouverte\/index.php?rest_route=\/wp\/v2\/types\/page"}],"author":[{"embeddable":true,"href":"https:\/\/www.oeuvrequiparle.com\/decouverte\/index.php?rest_route=\/wp\/v2\/users\/1"}],"replies":[{"embeddable":true,"href":"https:\/\/www.oeuvrequiparle.com\/decouverte\/index.php?rest_route=%2Fwp%2Fv2%2Fcomments&post=375"}],"version-history":[{"count":3,"href":"https:\/\/www.oeuvrequiparle.com\/decouverte\/index.php?rest_route=\/wp\/v2\/pages\/375\/revisions"}],"predecessor-version":[{"id":379,"href":"https:\/\/www.oeuvrequiparle.com\/decouverte\/index.php?rest_route=\/wp\/v2\/pages\/375\/revisions\/379"}],"wp:attachment":[{"href":"https:\/\/www.oeuvrequiparle.com\/decouverte\/index.php?rest_route=%2Fwp%2Fv2%2Fmedia&parent=375"}],"curies":[{"name":"wp","href":"https:\/\/api.w.org\/{rel}","templated":true}]}}