{"id":381,"date":"2013-11-13T08:32:57","date_gmt":"2013-11-13T07:32:57","guid":{"rendered":"http:\/\/www.oeuvrequiparle.com\/decouverte\/?page_id=381"},"modified":"2015-08-16T11:09:41","modified_gmt":"2015-08-16T10:09:41","slug":"laissez-nous-votre-avis","status":"publish","type":"page","link":"https:\/\/www.oeuvrequiparle.com\/decouverte\/?page_id=381","title":{"rendered":"Laissez-nous votre avis"},"content":{"rendered":"<h2>Laissez-nous votre avis<\/h2>\n<p><img loading=\"lazy\" decoding=\"async\" title=\"Encyclop\u00e9die sonore des arts visuels\" src=\"https:\/\/www.oeuvrequiparle.com\/decouverte\/wp-content\/uploads\/2013\/01\/Bandeau-Blog-Decouverte.jpg\" alt=\"\" width=\"680\" height=\"200\" \/><\/p>\n<p style=\"text-align: justify;\">Vous venez de d\u00e9couvrir le projet d&rsquo;encyclop\u00e9die sonore des arts visuels \u00e0 travers l&rsquo;\u00e9coute de l&rsquo;oeuvre de la semaine. Nous vous remercions de nous laisser votre avis sur notre d\u00e9marche, que ce soit pour les aspects que vous avez appr\u00e9ci\u00e9s ou au contraire sur le points \u00e0 am\u00e9liorer ou \u00e0 ajouter.<\/p>\n<p align=\"center\">\n<!-- iframe plugin v.4.8 wordpress.org\/plugins\/iframe\/ -->\n<iframe loading=\"lazy\" width=\"650\" height=\"400\" src=\"https:\/\/www.oeuvrequiparle.com\/decouverte\/forms\/form_sondage.htm\" scrolling=\"yes\" class=\"iframe-class\" frameborder=\"0\"><\/iframe>\n<\/p>\n","protected":false},"excerpt":{"rendered":"<p>Laissez-nous votre avis Vous venez de d\u00e9couvrir le projet d&rsquo;encyclop\u00e9die sonore des arts visuels \u00e0 travers l&rsquo;\u00e9coute de l&rsquo;oeuvre de la semaine. Nous vous remercions de nous laisser votre avis sur notre d\u00e9marche, que ce soit pour les aspects que &hellip; <a href=\"https:\/\/www.oeuvrequiparle.com\/decouverte\/?page_id=381\">Continuer la lecture <span class=\"meta-nav\">&rarr;<\/span><\/a><\/p>\n","protected":false},"author":1,"featured_media":0,"parent":0,"menu_order":0,"comment_status":"open","ping_status":"open","template":"","meta":{"footnotes":""},"yoast_head":"<!-- This site is optimized with the Yoast SEO plugin v21.5 - https:\/\/yoast.com\/wordpress\/plugins\/seo\/ -->\n<title>Laissez-nous votre avis - L&#039;Encyclop\u00e9die sonore des Arts Visuels<\/title>\n<meta name=\"robots\" content=\"index, follow, max-snippet:-1, max-image-preview:large, max-video-preview:-1\" \/>\n<link rel=\"canonical\" href=\"https:\/\/www.oeuvrequiparle.com\/decouverte\/?page_id=381\" \/>\n<meta property=\"og:locale\" content=\"fr_FR\" \/>\n<meta property=\"og:type\" content=\"article\" \/>\n<meta property=\"og:title\" content=\"Laissez-nous votre avis - L&#039;Encyclop\u00e9die sonore des Arts Visuels\" \/>\n<meta property=\"og:description\" content=\"Laissez-nous votre avis Vous venez de d\u00e9couvrir le projet d&rsquo;encyclop\u00e9die sonore des arts visuels \u00e0 travers l&rsquo;\u00e9coute de l&rsquo;oeuvre de la semaine. Nous vous remercions de nous laisser votre avis sur notre d\u00e9marche, que ce soit pour les aspects que &hellip; Continuer la lecture &rarr;\" \/>\n<meta property=\"og:url\" content=\"https:\/\/www.oeuvrequiparle.com\/decouverte\/?page_id=381\" \/>\n<meta property=\"og:site_name\" content=\"L&#039;Encyclop\u00e9die sonore des Arts Visuels\" \/>\n<meta property=\"article:modified_time\" content=\"2015-08-16T10:09:41+00:00\" \/>\n<meta property=\"og:image\" content=\"https:\/\/www.oeuvrequiparle.com\/decouverte\/wp-content\/uploads\/2013\/01\/Bandeau-Blog-Decouverte.jpg\" \/>\n<meta name=\"twitter:card\" content=\"summary_large_image\" \/>\n<script type=\"application\/ld+json\" class=\"yoast-schema-graph\">{\"@context\":\"https:\/\/schema.org\",\"@graph\":[{\"@type\":\"WebPage\",\"@id\":\"https:\/\/www.oeuvrequiparle.com\/decouverte\/?page_id=381\",\"url\":\"https:\/\/www.oeuvrequiparle.com\/decouverte\/?page_id=381\",\"name\":\"Laissez-nous votre avis - L&#039;Encyclop\u00e9die sonore des Arts Visuels\",\"isPartOf\":{\"@id\":\"https:\/\/www.oeuvrequiparle.com\/decouverte\/#website\"},\"datePublished\":\"2013-11-13T07:32:57+00:00\",\"dateModified\":\"2015-08-16T10:09:41+00:00\",\"breadcrumb\":{\"@id\":\"https:\/\/www.oeuvrequiparle.com\/decouverte\/?page_id=381#breadcrumb\"},\"inLanguage\":\"fr-FR\",\"potentialAction\":[{\"@type\":\"ReadAction\",\"target\":[\"https:\/\/www.oeuvrequiparle.com\/decouverte\/?page_id=381\"]}]},{\"@type\":\"BreadcrumbList\",\"@id\":\"https:\/\/www.oeuvrequiparle.com\/decouverte\/?page_id=381#breadcrumb\",\"itemListElement\":[{\"@type\":\"ListItem\",\"position\":1,\"name\":\"Home\",\"item\":\"https:\/\/www.oeuvrequiparle.com\/decouverte\/\"},{\"@type\":\"ListItem\",\"position\":2,\"name\":\"Laissez-nous votre avis\"}]},{\"@type\":\"WebSite\",\"@id\":\"https:\/\/www.oeuvrequiparle.com\/decouverte\/#website\",\"url\":\"https:\/\/www.oeuvrequiparle.com\/decouverte\/\",\"name\":\"L&#039;Encyclop\u00e9die sonore des Arts Visuels\",\"description\":\"Par Active-Art\",\"potentialAction\":[{\"@type\":\"SearchAction\",\"target\":{\"@type\":\"EntryPoint\",\"urlTemplate\":\"https:\/\/www.oeuvrequiparle.com\/decouverte\/?s={search_term_string}\"},\"query-input\":\"required name=search_term_string\"}],\"inLanguage\":\"fr-FR\"}]}<\/script>\n<!-- \/ Yoast SEO plugin. -->","yoast_head_json":{"title":"Laissez-nous votre avis - L&#039;Encyclop\u00e9die sonore des Arts Visuels","robots":{"index":"index","follow":"follow","max-snippet":"max-snippet:-1","max-image-preview":"max-image-preview:large","max-video-preview":"max-video-preview:-1"},"canonical":"https:\/\/www.oeuvrequiparle.com\/decouverte\/?page_id=381","og_locale":"fr_FR","og_type":"article","og_title":"Laissez-nous votre avis - L&#039;Encyclop\u00e9die sonore des Arts Visuels","og_description":"Laissez-nous votre avis Vous venez de d\u00e9couvrir le projet d&rsquo;encyclop\u00e9die sonore des arts visuels \u00e0 travers l&rsquo;\u00e9coute de l&rsquo;oeuvre de la semaine. Nous vous remercions de nous laisser votre avis sur notre d\u00e9marche, que ce soit pour les aspects que &hellip; Continuer la lecture &rarr;","og_url":"https:\/\/www.oeuvrequiparle.com\/decouverte\/?page_id=381","og_site_name":"L&#039;Encyclop\u00e9die sonore des Arts Visuels","article_modified_time":"2015-08-16T10:09:41+00:00","og_image":[{"url":"https:\/\/www.oeuvrequiparle.com\/decouverte\/wp-content\/uploads\/2013\/01\/Bandeau-Blog-Decouverte.jpg"}],"twitter_card":"summary_large_image","schema":{"@context":"https:\/\/schema.org","@graph":[{"@type":"WebPage","@id":"https:\/\/www.oeuvrequiparle.com\/decouverte\/?page_id=381","url":"https:\/\/www.oeuvrequiparle.com\/decouverte\/?page_id=381","name":"Laissez-nous votre avis - L&#039;Encyclop\u00e9die sonore des Arts Visuels","isPartOf":{"@id":"https:\/\/www.oeuvrequiparle.com\/decouverte\/#website"},"datePublished":"2013-11-13T07:32:57+00:00","dateModified":"2015-08-16T10:09:41+00:00","breadcrumb":{"@id":"https:\/\/www.oeuvrequiparle.com\/decouverte\/?page_id=381#breadcrumb"},"inLanguage":"fr-FR","potentialAction":[{"@type":"ReadAction","target":["https:\/\/www.oeuvrequiparle.com\/decouverte\/?page_id=381"]}]},{"@type":"BreadcrumbList","@id":"https:\/\/www.oeuvrequiparle.com\/decouverte\/?page_id=381#breadcrumb","itemListElement":[{"@type":"ListItem","position":1,"name":"Home","item":"https:\/\/www.oeuvrequiparle.com\/decouverte\/"},{"@type":"ListItem","position":2,"name":"Laissez-nous votre avis"}]},{"@type":"WebSite","@id":"https:\/\/www.oeuvrequiparle.com\/decouverte\/#website","url":"https:\/\/www.oeuvrequiparle.com\/decouverte\/","name":"L&#039;Encyclop\u00e9die sonore des Arts Visuels","description":"Par Active-Art","potentialAction":[{"@type":"SearchAction","target":{"@type":"EntryPoint","urlTemplate":"https:\/\/www.oeuvrequiparle.com\/decouverte\/?s={search_term_string}"},"query-input":"required name=search_term_string"}],"inLanguage":"fr-FR"}]}},"_links":{"self":[{"href":"https:\/\/www.oeuvrequiparle.com\/decouverte\/index.php?rest_route=\/wp\/v2\/pages\/381"}],"collection":[{"href":"https:\/\/www.oeuvrequiparle.com\/decouverte\/index.php?rest_route=\/wp\/v2\/pages"}],"about":[{"href":"https:\/\/www.oeuvrequiparle.com\/decouverte\/index.php?rest_route=\/wp\/v2\/types\/page"}],"author":[{"embeddable":true,"href":"https:\/\/www.oeuvrequiparle.com\/decouverte\/index.php?rest_route=\/wp\/v2\/users\/1"}],"replies":[{"embeddable":true,"href":"https:\/\/www.oeuvrequiparle.com\/decouverte\/index.php?rest_route=%2Fwp%2Fv2%2Fcomments&post=381"}],"version-history":[{"count":8,"href":"https:\/\/www.oeuvrequiparle.com\/decouverte\/index.php?rest_route=\/wp\/v2\/pages\/381\/revisions"}],"predecessor-version":[{"id":535,"href":"https:\/\/www.oeuvrequiparle.com\/decouverte\/index.php?rest_route=\/wp\/v2\/pages\/381\/revisions\/535"}],"wp:attachment":[{"href":"https:\/\/www.oeuvrequiparle.com\/decouverte\/index.php?rest_route=%2Fwp%2Fv2%2Fmedia&parent=381"}],"curies":[{"name":"wp","href":"https:\/\/api.w.org\/{rel}","templated":true}]}}