{"id":403,"date":"2013-12-03T16:43:31","date_gmt":"2013-12-03T15:43:31","guid":{"rendered":"http:\/\/www.oeuvrequiparle.com\/decouverte\/?page_id=403"},"modified":"2013-12-12T18:26:40","modified_gmt":"2013-12-12T17:26:40","slug":"les-commentaires-des-premiers-abonnes","status":"publish","type":"page","link":"https:\/\/www.oeuvrequiparle.com\/decouverte\/?page_id=403","title":{"rendered":"Les commentaires des premiers abonn\u00e9s"},"content":{"rendered":"<p>Top j&rsquo;adore et j&rsquo;adh\u00e8re! J&rsquo;en veux plus \u00ab\u00a0tout de suite&#8230;.\u00a0\u00bb Merci Isabelle D.<\/p>\n<p style=\"text-align: justify;\">Merci \u00e0 tous ceux qui contribuent \u00e0 cette passation de la connaissance, un concept innovant , accessibles \u00e0 tous , initiative g\u00e9niale !!! Christian V.<\/p>\n<p style=\"text-align: justify;\">Merci pour cet instant de partage, je ne suis pas connaisseuse dans l&rsquo;art que vous pr\u00e9sentez mais j&rsquo;ai beaucoup appr\u00e9ci\u00e9 votre concept. En peu de temps on peut d\u00e9couvrir et apprendre sur une \u0153uvre d&rsquo;art. Je ferai suivre. Longue vie. Myriam T.<\/p>\n<p style=\"text-align: justify;\">Une excellente d\u00e9marche que j&rsquo;appr\u00e9cie particuli\u00e8rement. Initiative \u00e0 poursuivre absolument. Le commentaire est de tr\u00e8s bonne qualit\u00e9 et fort int\u00e9ressant. Peut-\u00eatre serait il utile de r\u00e9fl\u00e9chir \u00e0 un principe d&rsquo;archivage avec classement, pour permettre de constituer une v\u00e9ritable encyclop\u00e9die dans laquelle on pourrait se replonger \u00e0 volont\u00e9. Merci. Patrick C.<\/p>\n<p><em>Note du site : il est bien sur pr\u00e9vu de laisser tous les commentaires d&rsquo;oeuvres en ligne afin de constituer cette encyclop\u00e9die jour apr\u00e8s jour&#8230;<\/em><\/p>\n<p>Je trouve que ce site est une id\u00e9e merveilleuse. Prendre quelques instants pour d\u00e9couvrir une oeuvre et son interpr\u00e9tation, quel bonheur ! Francine S.<\/p>\n<p style=\"text-align: justify;\">Je me suis r\u00e9gal\u00e9e en \u00e9coutant le r\u00e9cit. Ce fut un moment de \u00ab\u00a0d\u00e9tente\u00a0\u00bb&#8230; Je recommencerai \u00e0 regarder, \u00e9couter et mieux assimiler le commentaire&#8230; Jeanne-Marie P.<\/p>\n<p style=\"text-align: justify;\">Agr\u00e9able surprise pour un b\u00e9otien en histoire de l&rsquo;art comme moi : je vais enfin pouvoir briller en soci\u00e9t\u00e9 en parlant d&rsquo;art devant un auditoire \u00e9bahi. Merci, merci, merci ! Roger V.<\/p>\n<p style=\"text-align: justify;\">L&rsquo;\u00e9tude de l&rsquo;\u0153uvre en la repla\u00e7ant dans son contexte et \u00e0 partir de la vie de l&rsquo;artiste semble appropri\u00e9e. Un petit rappel historique de l\\&rsquo;\u00e9poque serait peut \u00eatre un plus pour le b\u00e9otien ? J&rsquo;ai appr\u00e9ci\u00e9 \u00e9galement de pouvoir lire le commentaire apr\u00e8s l&rsquo;avoir entendu, en effet, bien qu&rsquo;agr\u00e9able, \u00ab\u00a0la voix\u00a0\u00bb a un d\u00e9bit de paroles trop rapide \u00e0 mon go\u00fbt pour pouvoir r\u00e9ellement se plonger dans le texte et y r\u00e9fl\u00e9chir. Merci cependant pour cette d\u00e9marche instructive ! Adeline L.<\/p>\n<p>Tr\u00e8s int\u00e9ressant. La traduction qui suit me permet aussi de perfectionner ma diction anglaise en suivant le texte fran\u00e7ais en m\u00eame temps. Merci. Mich\u00e8le V.<\/p>\n<p style=\"text-align: justify;\">Enfin ! une encyclop\u00e9die de l&rsquo;Art comme je l&rsquo;esp\u00e9rais. Merci \u00e0 tous ceux qui contribuent \u00e0 cette passation de la connaissance, de l&rsquo;explication et de la passion des Arts. J&rsquo;appr\u00e9cie votre travail, vos id\u00e9es et le soin apport\u00e9 pour nous transporter, \u00e0 chaque fois, dans un univers diff\u00e9rent. Je me r\u00e9jouis des prochaines oeuvres \u00e0 d\u00e9guster. Et puisque No\u00ebl arrive, Merci pour ce cadeau. Bien cordialement \u00e0 chacun de vous. Evelyne C.M.<\/p>\n<p style=\"text-align: justify;\">Excellente d\u00e9marche. Le concept de \u00ab\u00a0L&rsquo;\u0153uvre de la semaine\u00a0\u00bb est excellent, et devrait permettre de parcourir en 1 ou 2 ans toute la p\u00e9riode annonc\u00e9e. J&rsquo;imagine que le choix des \u0153uvres pr\u00e9sent\u00e9es s&rsquo;inscrit dans une d\u00e9marche p\u00e9dagogique d&rsquo;ensemble. Pour ma part, je pr\u00e9f\u00e8re lire la lecture du texte \u00e0 l&rsquo;\u00e9coute, car cela est plus rapide, et me permet de mieux m\u00e9moriser. Au plan technique,je n&rsquo;ai pas trouv\u00e9 de moyen d&rsquo;afficher en plein \u00e9cran l&rsquo;\u0153uvre pr\u00e9sent\u00e9e. Dommage, car cela motiverait sans doute \u00e0 l&rsquo;\u00e9coute pendant l&rsquo;observation. Au plan du commentaire, bravo pour la qualit\u00e9 des textes. Une petite pr\u00e9f\u00e9rence pour celui sur Van Gogh, qui parle aussi de l&rsquo;artiste, de fa\u00e7on n\u00e9cessairement synth\u00e9tique, mais l&rsquo;inscrit bien dans l&rsquo;\u00e9volution de la peinture \u00e0 son \u00e9poque. Jean M.<\/p>\n<p style=\"text-align: justify;\">Tr\u00e8s bonne explication qui permet de comprendre l&rsquo;oeuvre et de conna\u00eetre le contexte dans lequel elle a \u00e9t\u00e9 faite. Le fait que le commentaire soit audio aide \u00e0 la compr\u00e9hension, car on peut ne pas quitter l&rsquo;oeuvre des yeux pendant qu&rsquo;elle nous est d\u00e9crite. J&rsquo;attend les suivantes avec impatience ! Ma\u00eblle D.<\/p>\n<p style=\"text-align: justify;\">Commentaire1: Je trouve que l&rsquo;id\u00e9e de faire conna\u00eetre les artistes de cette mani\u00e8re permet \u00e0 tout un chacun d&rsquo;apprendre l&rsquo;histoire de leur oeuvre de mani\u00e8re plus intime, de mani\u00e8re. Plus qu&rsquo;int\u00e9ressant, sublime !!! Chantal B.<\/p>\n<p style=\"text-align: justify;\">C&rsquo;est une bonne initiative qui permet d&rsquo;aller au plus profond de l&rsquo;oeuvre. Le texte a manifestement \u00e9t\u00e9 travaill\u00e9, mais il conviendrait de l&rsquo;associer \u00e0 un visuel moins statique ; cel\u00e0, me semble t il, permettrait de fixer l&rsquo;attention du lecteur (vision des autres oeuvres cit\u00e9es, gros plan sur les d\u00e9tails &#8230; \u00e0 suivre &#8230; Daniel B.<\/p>\n<p style=\"text-align: justify;\"><em>Note du site : la cr\u00e9ation d&rsquo;un visuel anim\u00e9 voire d&rsquo;une vid\u00e9o est beaucoup plus co\u00fbteuse, surtout pour un projet d&rsquo;encyclop\u00e9die gratuite. Nous avons choisi de favoriser le fond sur la forme, le discours sur les effets visuels.<\/em><\/p>\n<p style=\"text-align: justify;\">Excellente initiative !!! Accessible \u00e0 tous&#8230; Un concept simple et \u00ab\u00a0efficace\u00a0\u00bb&#8230; Une r\u00e9alisation qualitative. On va \u00e0 l&rsquo;essentiel. Et quel bonheur de recevoir une information spontan\u00e9e non commerciale ; juste enrichissante pour celui qui la re\u00e7oit.. Bravo et un grand MERCI, tout simplement, \u00e0 toute l&rsquo;\u00e9quipe&#8230; Je vous souhaite une \u00ab\u00a0bonne continuation\u00a0\u00bb. Caroline D.T.<\/p>\n<p style=\"text-align: justify;\">Etude tr\u00e8s int\u00e9ressante. J&rsquo;ai beaucoup appr\u00e9ci\u00e9 le commentaire \u00e9crit qui compl\u00e8te le commentaire oral. En effet, mon oreille n&rsquo;est pas toujours assez fine et le commentaire \u00e9crit permet de compl\u00e9ter ce qui n&rsquo;a pas \u00e9t\u00e9 bien per\u00e7u et surtout de revenir plus facilement sur des d\u00e9tails. Edith L.<\/p>\n<p style=\"text-align: justify;\">Merveilleux projet innovant et d&rsquo;un grand int\u00e9r\u00eat et qui peut amener \u00e0 une bonne connaissance de la peinture. Monique G.<\/p>\n<p style=\"text-align: justify;\">Excellente id\u00e9e ; les commentaires sonores sont int\u00e9ressants et accessibles \u00e0 tous. J&rsquo;attends la suite avec impatience. Pierre H.<\/p>\n<p style=\"text-align: justify;\">L&rsquo;auteur(e) du texte devrait se pr\u00e9senter au d\u00e9part pour que l&rsquo;on puisse mieux le ou la situer car ses commentaires au demeurant tr\u00e8s int\u00e9ressants sont forc\u00e9ment aussi tr\u00e8s personnels. A mon avis la lectrice a un d\u00e9bit un peu rapide et monocorde ce qui favorise quelques moments d&rsquo;absence vu la richesse du commentaire. Ma d\u00e9marche ne se veut que positive. En tous cas c&rsquo;est une initiative g\u00e9niale et je vous encourage fortement \u00e0 continuer pour notre plus grand plaisir. M.M.<\/p>\n<p style=\"text-align: justify;\">Tr\u00e8s belle initiative. Je suis impatient de d\u00e9couvrir d&rsquo;autres \u0153uvres. La pr\u00e9sentation est agr\u00e9able et fluide. Il serait peut-\u00eatre int\u00e9ressant d&rsquo;inclure des liens vers les autres \u0153uvres de l&rsquo;artiste. Amaury A.<\/p>\n<p style=\"text-align: justify;\">Je trouve cette id\u00e9e lumineuse, j&rsquo;adore le concept. J&rsquo;ai ador\u00e9 les commentaires, je vois l&rsquo;oeuvre d&rsquo;un oeil tout diff\u00e9rent, j&rsquo;ai vraiment red\u00e9couvert Van Gogh ! Merci pour ce beau projet, qui me permettra, ainsi qu&rsquo;\u00e0 d&rsquo;autres b\u00e9otiens, de d\u00e9couvrir l&rsquo;art avec plaisir, au calme et sans la foule des grands mus\u00e9es. Aur\u00e9lie T.<\/p>\n<p style=\"text-align: justify;\">F\u00e9licitations pour cette excellente initiative. Le commentaire est riche, \u00e9tay\u00e9,bien pr\u00e9sent\u00e9 ; la voix agr\u00e9able. Quelques gros plans seraient bienvenus : tr\u00e8s envie de voir les doigts de pieds crisp\u00e9s de ce pauvre homme qui manifestement va \u00ab\u00a0perdre pied\u00a0\u00bb sous peu. Quel dommage de ne pouvoir remercier la personne qui a eu l&rsquo;excellente id\u00e9e de m&rsquo;envoyer cette proposition. D.B<\/p>\n<p style=\"text-align: justify;\">L&rsquo;analyse de la Nuit \u00e9toil\u00e9e observe bien. Elle devrait peut-\u00eatre tenir compte de ce que le ciel \u00e9toil\u00e9 en 1889 n&rsquo;\u00e9tait pas ce qu&rsquo;il est devenu avec la pollution lumineuse d&rsquo;Avignon et d&rsquo;autres grandes villes voisines, de ce que disait VVG de son art et de ses grands objectifs \u00e0 Th\u00e9o ou Emile Bernard par exemple: il aurait fallu citer son besoin de \u00ab\u00a0r\u00e9alisme\u00a0\u00bb, de fid\u00e9lit\u00e9 \u00e0 un motif, le cypr\u00e8s, le ciel diurne ou nocturne souvent interrog\u00e9s. Comme pour d&rsquo;autres \u00ab\u00a0r\u00e9alistes\u00a0\u00bb (\u00e0 commencer par C\u00e9zanne qu&rsquo;il admirait), ces motifs se doublent d&rsquo;un sens spirituel \u00e9vident ici. Claude J.<\/p>\n<p style=\"text-align: justify;\">J&rsquo;ai trouv\u00e9 l&rsquo;ensemble tr\u00e8s complet. Cela nous permet de voir cette oeuvre de plusieurs mani\u00e8re, tout ceci bien ancr\u00e9 dans sa vie et dans l&rsquo;\u00e9poque ou Van Gogh peignait. Dominique M.<\/p>\n<p style=\"text-align: justify;\">J&rsquo;ai appr\u00e9ci\u00e9 ! je compte utiliser (en fonction des oeuvres \u00e9tudi\u00e9es) et conseiller leur \u00e9coute \u00e0 mes \u00e9l\u00e8ves dans le cadre de l&rsquo;histoire des arts. Edith W.<\/p>\n<p style=\"text-align: justify;\">j&rsquo;ai ador\u00e9! De + cela nous permet de mieux appr\u00e9cier l&rsquo;oeuvre et de mieux connaitre l&rsquo;artiste! bravo! mille fois bravo! merci et continuez! Alessandra V.<\/p>\n<p>Magnifique, riche, je vais en faire profiter mes petits enfants. Jannick L.<\/p>\n<p style=\"text-align: justify;\">Cela me para\u00eet un tr\u00e8s beau projet car il permet d&rsquo;observer et \u00e9ventuellement d&rsquo;admirer ces \u0153uvres d&rsquo;art tout en s&rsquo;enrichissant du regard des autres. Ce tableau, bien que repr\u00e9sentant un ciel \u00e0 priori tourment\u00e9, me laisse une impression de s\u00e9r\u00e9nit\u00e9, de repos. Claire L.<\/p>\n<p>Commentaires tr\u00e8s clairs et complets. Tr\u00e8s int\u00e9ressant, je suis tr\u00e8s satisfaite d&rsquo;avoir d\u00e9couvert ce site. Pascale R.B.<\/p>\n<p style=\"text-align: justify;\">Plut\u00f4t int\u00e9ressant comme processus. Le temps de regarder simplement est respect\u00e9 et la voix accompagne et n&rsquo;entre pas en \u00ab\u00a0bruitage\u00a0\u00bb avec l&rsquo;image. Par contre, le commentaire est un peu grandiloquent. Le coup du g\u00e9nie incompris, que l&rsquo;on nous fait entendre depuis le si\u00e8cle dernier, commence \u00e0 fatiguer. Soyons simple, allons directement \u00e0 votre interpr\u00e9tation et laissez chacun se faire sa propre id\u00e9e de la valeur qu&rsquo;il doit attribuer \u00e0 l&rsquo;artiste et son tableau. Laurent H.<\/p>\n<p style=\"text-align: justify;\">Bonjour. Je d\u00e9couvre votre site gr\u00e2ce \u00e0 ma belle-soeur. Loin de poss\u00e9der une grande culture des \u00ab\u00a0arts visuels \u00a0\u00bb j&rsquo;y ai trouv\u00e9 une opportunit\u00e9 de pallier cette lacune agr\u00e9ablement et de fa\u00e7on suffisamment concise pour capter l&rsquo;attention sans lasser l&rsquo;auditeur.\u00a0Mireille B.<\/p>\n<p>Excellente analyse de l&rsquo;oeuvre, je suis impatient d&rsquo;\u00e9couter les prochaines. MERCI !!! Jean-Pierre R.<\/p>\n<p style=\"text-align: justify;\">Int\u00e9ressant : permet de d\u00e9couvrir une oeuvre et son auteur et de la placer dans le contexte de son \u00e9poque avec les \u00ab\u00a0anecdotes\u00a0\u00bb s&rsquo;y r\u00e9f\u00e9rant. De la culture en quelques instants, merci pour cette d\u00e9marche innovante. Lydie L.<\/p>\n<p style=\"text-align: justify;\">Bonne initiative. Serait il possible d&rsquo;ajouter plusieurs photos de l&rsquo;oeuvre pour mieux la comprendre? Pensez vous faire une version \u00ab\u00a0enfant\u00a0\u00bb? ce serait un compl\u00e9ment int\u00e9ressant, bonne journ\u00e9e. Elisabeth T.<\/p>\n<p style=\"text-align: justify;\">Ce projet est tr\u00e8s int\u00e9ressant. La voix est agr\u00e9able \u00e0 \u00e9couter. Le texte est \u00e9rudit mais pas trop, pas pompeux, c&rsquo;est bien ! Pour une sculpture, il est dommage que l&rsquo;image soit un plan fixe : la cam\u00e9ra pourrait tourner autour&#8230; Quand le texte fait r\u00e9f\u00e9rence \u00e0 d&rsquo;autres oeuvres du m\u00eame artiste, on pourrait les voir appara\u00eetre bri\u00e8vement. Votre id\u00e9e est int\u00e9ressante. Merci de cette initiative. Pascal B.<\/p>\n<p>Id\u00e9e tr\u00e8s int\u00e9ressante, voix agr\u00e9able, texte peut \u00eatre un peu long (pour un seul visuel). Il serait bien de voir des d\u00e9tails en m\u00eame temps que la narration. Bon je suis critique, bon courage \u00e0 vous&#8230; Catherine T.<\/p>\n<p style=\"text-align: justify;\"><em>Note du site : le budget de cr\u00e9ation des histoires ne permet pas la vid\u00e9o, d&rsquo;o\u00f9 une image fixe&#8230; Mais nous notons la proposition de Pascal.<\/em><\/p>\n<p>Cette forme \u00ab\u00a0sonore\u00a0\u00bb d&rsquo;encyclop\u00e9die m&rsquo;a parue tr\u00e8s plaisante. D&rsquo;une part pour la vari\u00e9t\u00e9 dans la pr\u00e9sentation : synth\u00e9tique et anecdotique, d&rsquo;autres part par sa pr\u00e9sentation orale (langues) et \u00e9crite. Cependant je n&rsquo;ai pas r\u00e9ussi \u00e0 s\u00e9lectionner l&rsquo;oeuvre sur l&rsquo;\u00e9cran entier, elle reste dans un petit cadre. Brigitte B.<\/p>\n<p>C&rsquo;est tr\u00e8s int\u00e9ressant de d\u00e9couvrir ainsi ces oeuvres , le commentaire est clair et nous donne envie d&rsquo;aller plus loin pour mieux connaitre l&rsquo;artiste. Martine P.<\/p>\n<p>Commentaire int\u00e9ressant remettant l\u2019\u0153uvre dans son contexte historique, mais un ton de voix trop \u00ab\u00a0magistral\u00a0\u00bb,de l\u2019enthousiasme que diable !! Martine M.<\/p>\n<p style=\"text-align: justify;\">Excellente id\u00e9e et quelle joie cette page sonore sur des \u0153uvres majeures une vraie bouff\u00e9e d&rsquo;oxyg\u00e8ne parmi ces immondes mail re\u00e7u. Merci. Maxime M.<\/p>\n<p style=\"text-align: justify;\">Sujet tr\u00e8s int\u00e9ressant.cJ&rsquo;ai \u00e9t\u00e9 ravi de d\u00e9couvrir cette oeuvre et d&rsquo;\u00e9couter le documentaire pr\u00e9cis et tr\u00e8s instructif. Merci. Yannick R.<\/p>\n<p style=\"text-align: justify;\">Bonjour, j&rsquo;ai appr\u00e9ci\u00e9 le fond sonore et la diction, celle-ci parfois un peu trop rapide cependant. La d\u00e9marche est donc bonne. \u00a0Je regarde beaucoup mieux cette oeuvre qui me para\u00eet presque vivante avec la fougue de l&rsquo;une et l&rsquo;h\u00e9sitation de l&rsquo;autre. Philippe C.<\/p>\n<p>&nbsp;<\/p>\n","protected":false},"excerpt":{"rendered":"<p>Top j&rsquo;adore et j&rsquo;adh\u00e8re! J&rsquo;en veux plus \u00ab\u00a0tout de suite&#8230;.\u00a0\u00bb Merci Isabelle D. Merci \u00e0 tous ceux qui contribuent \u00e0 cette passation de la connaissance, un concept innovant , accessibles \u00e0 tous , initiative g\u00e9niale !!! Christian V. Merci pour &hellip; <a href=\"https:\/\/www.oeuvrequiparle.com\/decouverte\/?page_id=403\">Continuer la lecture <span class=\"meta-nav\">&rarr;<\/span><\/a><\/p>\n","protected":false},"author":1,"featured_media":0,"parent":0,"menu_order":0,"comment_status":"open","ping_status":"open","template":"","meta":{"footnotes":""},"yoast_head":"<!-- This site is optimized with the Yoast SEO plugin v21.5 - https:\/\/yoast.com\/wordpress\/plugins\/seo\/ -->\n<title>Les commentaires des premiers abonn\u00e9s - L&#039;Encyclop\u00e9die sonore des Arts Visuels<\/title>\n<meta name=\"robots\" content=\"index, follow, max-snippet:-1, max-image-preview:large, max-video-preview:-1\" \/>\n<link rel=\"canonical\" href=\"https:\/\/www.oeuvrequiparle.com\/decouverte\/?page_id=403\" \/>\n<meta property=\"og:locale\" content=\"fr_FR\" \/>\n<meta property=\"og:type\" content=\"article\" \/>\n<meta property=\"og:title\" content=\"Les commentaires des premiers abonn\u00e9s - L&#039;Encyclop\u00e9die sonore des Arts Visuels\" \/>\n<meta property=\"og:description\" content=\"Top j&rsquo;adore et j&rsquo;adh\u00e8re! J&rsquo;en veux plus \u00ab\u00a0tout de suite&#8230;.\u00a0\u00bb Merci Isabelle D. Merci \u00e0 tous ceux qui contribuent \u00e0 cette passation de la connaissance, un concept innovant , accessibles \u00e0 tous , initiative g\u00e9niale !!! Christian V. Merci pour &hellip; Continuer la lecture &rarr;\" \/>\n<meta property=\"og:url\" content=\"https:\/\/www.oeuvrequiparle.com\/decouverte\/?page_id=403\" \/>\n<meta property=\"og:site_name\" content=\"L&#039;Encyclop\u00e9die sonore des Arts Visuels\" \/>\n<meta property=\"article:modified_time\" content=\"2013-12-12T17:26:40+00:00\" \/>\n<meta name=\"twitter:card\" content=\"summary_large_image\" \/>\n<meta name=\"twitter:label1\" content=\"Dur\u00e9e de lecture estim\u00e9e\" \/>\n\t<meta name=\"twitter:data1\" content=\"10 minutes\" \/>\n<script type=\"application\/ld+json\" class=\"yoast-schema-graph\">{\"@context\":\"https:\/\/schema.org\",\"@graph\":[{\"@type\":\"WebPage\",\"@id\":\"https:\/\/www.oeuvrequiparle.com\/decouverte\/?page_id=403\",\"url\":\"https:\/\/www.oeuvrequiparle.com\/decouverte\/?page_id=403\",\"name\":\"Les commentaires des premiers abonn\u00e9s - L&#039;Encyclop\u00e9die sonore des Arts Visuels\",\"isPartOf\":{\"@id\":\"https:\/\/www.oeuvrequiparle.com\/decouverte\/#website\"},\"datePublished\":\"2013-12-03T15:43:31+00:00\",\"dateModified\":\"2013-12-12T17:26:40+00:00\",\"breadcrumb\":{\"@id\":\"https:\/\/www.oeuvrequiparle.com\/decouverte\/?page_id=403#breadcrumb\"},\"inLanguage\":\"fr-FR\",\"potentialAction\":[{\"@type\":\"ReadAction\",\"target\":[\"https:\/\/www.oeuvrequiparle.com\/decouverte\/?page_id=403\"]}]},{\"@type\":\"BreadcrumbList\",\"@id\":\"https:\/\/www.oeuvrequiparle.com\/decouverte\/?page_id=403#breadcrumb\",\"itemListElement\":[{\"@type\":\"ListItem\",\"position\":1,\"name\":\"Home\",\"item\":\"https:\/\/www.oeuvrequiparle.com\/decouverte\/\"},{\"@type\":\"ListItem\",\"position\":2,\"name\":\"Les commentaires des premiers abonn\u00e9s\"}]},{\"@type\":\"WebSite\",\"@id\":\"https:\/\/www.oeuvrequiparle.com\/decouverte\/#website\",\"url\":\"https:\/\/www.oeuvrequiparle.com\/decouverte\/\",\"name\":\"L&#039;Encyclop\u00e9die sonore des Arts Visuels\",\"description\":\"Par Active-Art\",\"potentialAction\":[{\"@type\":\"SearchAction\",\"target\":{\"@type\":\"EntryPoint\",\"urlTemplate\":\"https:\/\/www.oeuvrequiparle.com\/decouverte\/?s={search_term_string}\"},\"query-input\":\"required name=search_term_string\"}],\"inLanguage\":\"fr-FR\"}]}<\/script>\n<!-- \/ Yoast SEO plugin. -->","yoast_head_json":{"title":"Les commentaires des premiers abonn\u00e9s - L&#039;Encyclop\u00e9die sonore des Arts Visuels","robots":{"index":"index","follow":"follow","max-snippet":"max-snippet:-1","max-image-preview":"max-image-preview:large","max-video-preview":"max-video-preview:-1"},"canonical":"https:\/\/www.oeuvrequiparle.com\/decouverte\/?page_id=403","og_locale":"fr_FR","og_type":"article","og_title":"Les commentaires des premiers abonn\u00e9s - L&#039;Encyclop\u00e9die sonore des Arts Visuels","og_description":"Top j&rsquo;adore et j&rsquo;adh\u00e8re! J&rsquo;en veux plus \u00ab\u00a0tout de suite&#8230;.\u00a0\u00bb Merci Isabelle D. Merci \u00e0 tous ceux qui contribuent \u00e0 cette passation de la connaissance, un concept innovant , accessibles \u00e0 tous , initiative g\u00e9niale !!! Christian V. Merci pour &hellip; Continuer la lecture &rarr;","og_url":"https:\/\/www.oeuvrequiparle.com\/decouverte\/?page_id=403","og_site_name":"L&#039;Encyclop\u00e9die sonore des Arts Visuels","article_modified_time":"2013-12-12T17:26:40+00:00","twitter_card":"summary_large_image","twitter_misc":{"Dur\u00e9e de lecture estim\u00e9e":"10 minutes"},"schema":{"@context":"https:\/\/schema.org","@graph":[{"@type":"WebPage","@id":"https:\/\/www.oeuvrequiparle.com\/decouverte\/?page_id=403","url":"https:\/\/www.oeuvrequiparle.com\/decouverte\/?page_id=403","name":"Les commentaires des premiers abonn\u00e9s - L&#039;Encyclop\u00e9die sonore des Arts Visuels","isPartOf":{"@id":"https:\/\/www.oeuvrequiparle.com\/decouverte\/#website"},"datePublished":"2013-12-03T15:43:31+00:00","dateModified":"2013-12-12T17:26:40+00:00","breadcrumb":{"@id":"https:\/\/www.oeuvrequiparle.com\/decouverte\/?page_id=403#breadcrumb"},"inLanguage":"fr-FR","potentialAction":[{"@type":"ReadAction","target":["https:\/\/www.oeuvrequiparle.com\/decouverte\/?page_id=403"]}]},{"@type":"BreadcrumbList","@id":"https:\/\/www.oeuvrequiparle.com\/decouverte\/?page_id=403#breadcrumb","itemListElement":[{"@type":"ListItem","position":1,"name":"Home","item":"https:\/\/www.oeuvrequiparle.com\/decouverte\/"},{"@type":"ListItem","position":2,"name":"Les commentaires des premiers abonn\u00e9s"}]},{"@type":"WebSite","@id":"https:\/\/www.oeuvrequiparle.com\/decouverte\/#website","url":"https:\/\/www.oeuvrequiparle.com\/decouverte\/","name":"L&#039;Encyclop\u00e9die sonore des Arts Visuels","description":"Par Active-Art","potentialAction":[{"@type":"SearchAction","target":{"@type":"EntryPoint","urlTemplate":"https:\/\/www.oeuvrequiparle.com\/decouverte\/?s={search_term_string}"},"query-input":"required name=search_term_string"}],"inLanguage":"fr-FR"}]}},"_links":{"self":[{"href":"https:\/\/www.oeuvrequiparle.com\/decouverte\/index.php?rest_route=\/wp\/v2\/pages\/403"}],"collection":[{"href":"https:\/\/www.oeuvrequiparle.com\/decouverte\/index.php?rest_route=\/wp\/v2\/pages"}],"about":[{"href":"https:\/\/www.oeuvrequiparle.com\/decouverte\/index.php?rest_route=\/wp\/v2\/types\/page"}],"author":[{"embeddable":true,"href":"https:\/\/www.oeuvrequiparle.com\/decouverte\/index.php?rest_route=\/wp\/v2\/users\/1"}],"replies":[{"embeddable":true,"href":"https:\/\/www.oeuvrequiparle.com\/decouverte\/index.php?rest_route=%2Fwp%2Fv2%2Fcomments&post=403"}],"version-history":[{"count":18,"href":"https:\/\/www.oeuvrequiparle.com\/decouverte\/index.php?rest_route=\/wp\/v2\/pages\/403\/revisions"}],"predecessor-version":[{"id":428,"href":"https:\/\/www.oeuvrequiparle.com\/decouverte\/index.php?rest_route=\/wp\/v2\/pages\/403\/revisions\/428"}],"wp:attachment":[{"href":"https:\/\/www.oeuvrequiparle.com\/decouverte\/index.php?rest_route=%2Fwp%2Fv2%2Fmedia&parent=403"}],"curies":[{"name":"wp","href":"https:\/\/api.w.org\/{rel}","templated":true}]}}