{"id":529,"date":"2015-08-16T11:07:08","date_gmt":"2015-08-16T10:07:08","guid":{"rendered":"http:\/\/www.oeuvrequiparle.com\/decouverte\/?page_id=529"},"modified":"2015-08-16T11:07:34","modified_gmt":"2015-08-16T10:07:34","slug":"vincent-van-gogh-la-nuit-etoilee","status":"publish","type":"page","link":"https:\/\/www.oeuvrequiparle.com\/decouverte\/?page_id=529","title":{"rendered":"Vincent VAN GOGH &#8211; La nuit \u00e9toil\u00e9e"},"content":{"rendered":"<p style=\"text-align: justify;\">Vincent Van Gogh, peintre, au destin si embl\u00e9matique, illustre notre encyclop\u00e9die sonore, entre courants artistiques du XX\u00e8 si\u00e8cle, artistes majeurs de l&rsquo;histoire de l&rsquo;art, et artistes d&rsquo;aujourd&rsquo;hui. \u00ab\u00a0La nuit \u00e9toil\u00e9e\u00a0\u00bb, peinte lors d&rsquo;un acc\u00e8s de folie, est comment\u00e9e par Lauranne Corneau.<\/p>\n<p style=\"text-align: center;\">Cliquer sur le bouton rouge pour lancer le commentaire audio.<\/p>\n\n<!-- iframe plugin v.4.8 wordpress.org\/plugins\/iframe\/ -->\n<iframe loading=\"lazy\" width=\"700\" height=\"560\" src=\"https:\/\/www.oeuvrequiparle.com\/MU1015\" scrolling=\"yes\" class=\"iframe-class\" frameborder=\"0\"><\/iframe>\n\n<p style=\"text-align: center;\"><span style=\"color: #ff0000;\"><a style=\"color: #ff0000;\" href=\"https:\/\/www.oeuvrequiparle.com\/MU1015\">afficher en plein format<\/a><\/span><\/p>\n<p style=\"text-align: center;\"><a href=\"https:\/\/www.oeuvrequiparle.com\/decouverte\/?page_id=381\">Merci de r\u00e9agir apr\u00e8s l&rsquo;\u00e9coute : votre avis est important pour nous<\/a><\/p>\n<p><strong>Inscrivez-vous gratuitement \u00e0 l&rsquo;Encyclop\u00e9die sonore des Arts Visuels<\/strong><\/p>\n<p>Pour vous inscrire gratuitement \u00e0 l&rsquo;Encyclop\u00e9die sonore des Arts Visuels, merci de nous laisser votre Email dans le formulaire ci-dessous :<\/p>\n<p align=\"center\">\n<!-- iframe plugin v.4.8 wordpress.org\/plugins\/iframe\/ -->\n<iframe loading=\"lazy\" width=\"500\" height=\"120\" src=\"https:\/\/www.oeuvrequiparle.com\/decouverte\/forms\/form_decouverte_001.htm\" scrolling=\"yes\" class=\"iframe-class\" frameborder=\"0\"><\/iframe>\n<\/p>\n<p><b>Faites d\u00e9couvrir l&rsquo;Encyclop\u00e9die sonore des Arts Visuels \u00e0 vos amis<\/b><\/p>\n<p>Il vous suffit de saisir l&rsquo;Email de l&rsquo;une de vos connaissances pour lui envoyer une invitation \u00e0 d\u00e9couvrir l&rsquo;Encyclop\u00e9die des Arts Visuels. Aidez-nous \u00e0 faire progresser cette aventure passionnante.<\/p>\n<p align=\"center\">\n<!-- iframe plugin v.4.8 wordpress.org\/plugins\/iframe\/ -->\n<iframe loading=\"lazy\" width=\"500\" height=\"120\" src=\"https:\/\/www.oeuvrequiparle.com\/decouverte\/forms\/form_decouverte_002.htm\" scrolling=\"yes\" class=\"iframe-class\" frameborder=\"0\"><\/iframe>\n<\/p>\n<p><strong>Texte int\u00e9gral du commentaire, par Lauranne Corneau :<\/strong><\/p>\n<p>Vincent Van Gogh, \u00ab\u00a0La nuit \u00e9toil\u00e9e\u00a0\u00bb<\/p>\n<p style=\"text-align: justify;\">Quelle dr\u00f4le d\u2019image se fait Vincent Van Gogh du calme d\u2019une nuit printani\u00e8re de Provence ! Dans cette \u0153uvre, r\u00e9alis\u00e9e dans la nuit du 25 mai 1889, les \u00e9l\u00e9ments semblent d\u00e9chain\u00e9s : le cypr\u00e8s du premier plan para\u00eet s\u2019embraser sous la force du vent, le ciel se change en une vague d\u00e9ferlante, les astres lumineux semblent dangereusement proches de la terre, comme pr\u00eats \u00e0 s\u2019y \u00e9craser.<\/p>\n<div>\n<p style=\"text-align: justify;\">Et pourtant, si nous pouvons voir les \u00e9toiles &#8211; sujets de cette \u0153uvre &#8211; c\u2019est au contraire que le temps est doux, l\u2019atmosph\u00e8re sereine, et propice \u00e0 toutes les r\u00eaveries. Pourquoi, alors, Van Gogh transfigure-t-il le paysage \u00e0 ce point?<\/p>\n<p style=\"text-align: justify;\">D\u2019aucuns voient cette toile comme l\u2019expression la plus aboutie de la folie qui rongeait cet artiste d\u2019origine hollandaise. La tradition veut que les emp\u00e2tements de mati\u00e8re soient synonymes de rage, que la touche ondulante et tourbillonnante exprime les m\u00e9andres de son esprit, et que la repr\u00e9sentation nocturne symbolise son extr\u00eame solitude. Il est vrai que la vie de l\u2019artiste est riche en tristes \u00e9v\u00e8nements. Quittant Paris pour Arles un an plus t\u00f4t, Van Gogh souhaitait y trouver un havre de paix, et y fonder une communaut\u00e9 d\u2019artistes travaillant en parfaite harmonie. A l\u2019automne 1888, Paul Gauguin le rejoint. Les tensions ne tardent pas \u00e0 poindre, et par une nuit alcoolis\u00e9e, Vincent, de d\u00e9sespoir, se tranche le lobe de l\u2019oreille. La nouvelle se r\u00e9pand vite, les Arl\u00e9siens s\u2019affolent. Van Gogh entre dans l\u2019asile psychiatrique fond\u00e9 dans le monast\u00e8re Saint-Paul-de-Mausole, \u00e0 Saint-R\u00e9my-de-Provence. Il y restera un an. Enfin, le 27 juillet 1890, il se suicide \u00e0 Auvers-sur-Oise.<\/p>\n<p style=\"text-align: justify;\">C\u2019est depuis la fen\u00eatre de sa cellule qu\u2019il peint ce paysage. On peut y reconna\u00eetre les Alpilles, au fond, mais le village est un ajout personnel, puisque sa chambre donnait sur un champ.<br \/>\nCette oeuvre est une version \u00e9volu\u00e9e de sa premi\u00e8re Nuit \u00e9toil\u00e9e de 1888, conserv\u00e9e au Mus\u00e9e d\u2019Orsay \u00e0 Paris. Le calme y r\u00e8gne. Un couple se prom\u00e8ne sur les bords du Rh\u00f4ne, fleuve dont la pr\u00e9sence n\u2019est qu\u2019un pr\u00e9texte \u00e0 faire se refl\u00e9ter les lumi\u00e8res artificielles de la lointaine ville. Les \u00e9toiles, dans l\u2019axe de ces reflets, brillent, tranquillement. Un souffle tragique semble habiter la seconde oeuvre, et pourtant elle est totalement ma\u00eetris\u00e9e ; elle exprime, comme dans une vision ultime, toutes les aspirations de ce g\u00e9nie, trop longtemps rest\u00e9es dans l\u2019ombre de sa pr\u00e9tendue folie.<\/p>\n<p style=\"text-align: justify;\">Mais reprenons&#8230;<br \/>\nPourquoi Van Gogh agite-t-il ainsi le ciel ? Parce qu\u2019il \u00e9tait f\u00e9ru d\u2019astronomie, accessible aux amateurs gr\u00e2ce \u00e0 des manuels de vulgarisation offrant les premi\u00e8res photographies du ciel. La spirale centrale est en r\u00e9alit\u00e9 l\u2019image d\u2019une n\u00e9buleuse, l\u2019\u00e9toile brillante, \u00e0 droite du cypr\u00e8s, incarne la plan\u00e8te V\u00e9nus qui achevait alors son cycle, et la lune est telle qu\u2019elle apparaissait en cette nuit de mai 1889.<br \/>\nMais pourquoi \u00e9teindre les lumi\u00e8res de la ville ? Parce que Van Gogh la fuyait cette ville ! Et c\u2019est justement pour \u00e9chapper aux lumi\u00e8res artificielles et aux ambiances faussement festives qu\u2019il choisit de quitter Paris pour le Sud. La lumi\u00e8re urbaine des caf\u00e9s, des cabarets ou de la rue est synonyme de perdition, voire de perte d\u2019humanit\u00e9.<br \/>\nA quoi peut bien servir cette ville alors ? Elle lui sert \u00e0 exalter la puissance du ciel. La partie basse et citadine est solidement repr\u00e9sent\u00e9e : les maisons sont cern\u00e9es de noir, ce qui t\u00e9moigne de l\u2019influence conjugu\u00e9e de Gauguin, de l\u2019estampe japonaise et de la technique du vitrail. Les arbres, trait\u00e9s en petites boules, sont ferm\u00e9s sur eux-m\u00eames. Seuls le cypr\u00e8s et le clocher s\u2019\u00e9rigent en passerelles entre terre et ciel. Et nous touchons ici au sens intime de l\u2019oeuvre. Ces deux \u00e9l\u00e9ments sont symboles de mort, de r\u00e9surrection, et de vie \u00e9ternelle. Ils nous font passer de la vie terrestre et mat\u00e9rielle \u00e0 la vie c\u00e9leste et spirituelle. N\u2019oublions pas que Van Gogh aurait voulu devenir pasteur, \u00e0 l\u2019instar de son p\u00e8re. Et si le ciel prend autant d\u2019importance c\u2019est parce qu\u2019il rime avec ordre, beaut\u00e9, perfection, et \u00e9ternit\u00e9. Dans sa d\u00e9mesure, il acc\u00e8de au sublime et devient lieu de la foi.<br \/>\nCe paysage spirituel traduit donc une id\u00e9e en chargeant les \u00e9l\u00e9ments visibles d\u2019une dimension sup\u00e9rieure : Van Gogh, l\u2019\u00e9ternel inclassable, s\u2019inscrit ici dans la mouvance symboliste. Mais sa technique, si personnelle, si novatrice \u00e0 l\u2019\u00e9poque, est un h\u00e9ritage des Impressionnistes. Mais dans la mesure o\u00f9 elle se plie \u00e0 d\u2019autres exigences que le rendu d\u2019une vision face aux ph\u00e9nom\u00e8nes m\u00e9t\u00e9orologiques, et qu\u2019elle use de couleurs fortes et acides, elle se situe \u00e0 l\u2019origine d\u2019un style d\u2019avant-garde, appel\u00e9 \u00e0 un grand d\u00e9veloppement au si\u00e8cle suivant: l\u2019expressionnisme.<br \/>\nAinsi Van Gogh livre au sein de cette ic\u00f4ne moderne une vision qui rel\u00e8ve \u00e0 la fois de l\u2019universel et de l\u2019intime et qui, trop longtemps englu\u00e9e dans des consid\u00e9rations mis\u00e9rabilistes, doit \u00eatre regard\u00e9e comme l\u2019expression d\u2019un g\u00e9nie sans doute trop conscient du sens de la vie &#8211; et de la mort.<\/p>\n<p style=\"text-align: justify;\">LAURANNE CORNEAU<\/p>\n<p>&nbsp;<\/p>\n<div id=\"attachment_207\" style=\"width: 160px\" class=\"wp-caption aligncenter\"><a href=\"https:\/\/www.oeuvrequiparle.com\/decouverte\/wp-content\/uploads\/2013\/10\/Starry-Night-700.jpg\"><img loading=\"lazy\" decoding=\"async\" aria-describedby=\"caption-attachment-207\" class=\"size-thumbnail wp-image-207\" src=\"https:\/\/www.oeuvrequiparle.com\/decouverte\/wp-content\/uploads\/2013\/10\/Starry-Night-700-150x150.jpg\" alt=\"Vincent Van Gogh - La Nuit Etoil\u00e9e\" width=\"150\" height=\"150\" \/><\/a><p id=\"caption-attachment-207\" class=\"wp-caption-text\">Vincent Van Gogh &#8211; La Nuit Etoil\u00e9e<\/p><\/div>\n<\/div>\n<p>&nbsp;<\/p>\n<p>&nbsp;<\/p>\n","protected":false},"excerpt":{"rendered":"<p>Vincent Van Gogh, peintre, au destin si embl\u00e9matique, illustre notre encyclop\u00e9die sonore, entre courants artistiques du XX\u00e8 si\u00e8cle, artistes majeurs de l&rsquo;histoire de l&rsquo;art, et artistes d&rsquo;aujourd&rsquo;hui. \u00ab\u00a0La nuit \u00e9toil\u00e9e\u00a0\u00bb, peinte lors d&rsquo;un acc\u00e8s de folie, est comment\u00e9e par Lauranne &hellip; <a href=\"https:\/\/www.oeuvrequiparle.com\/decouverte\/?page_id=529\">Continuer la lecture <span class=\"meta-nav\">&rarr;<\/span><\/a><\/p>\n","protected":false},"author":1,"featured_media":0,"parent":0,"menu_order":0,"comment_status":"open","ping_status":"open","template":"","meta":{"footnotes":""},"yoast_head":"<!-- This site is optimized with the Yoast SEO plugin v21.5 - https:\/\/yoast.com\/wordpress\/plugins\/seo\/ -->\n<title>Vincent VAN GOGH - La nuit \u00e9toil\u00e9e - L&#039;Encyclop\u00e9die sonore des Arts Visuels<\/title>\n<meta name=\"robots\" content=\"index, follow, max-snippet:-1, max-image-preview:large, max-video-preview:-1\" \/>\n<link rel=\"canonical\" href=\"https:\/\/www.oeuvrequiparle.com\/decouverte\/?page_id=529\" \/>\n<meta property=\"og:locale\" content=\"fr_FR\" \/>\n<meta property=\"og:type\" content=\"article\" \/>\n<meta property=\"og:title\" content=\"Vincent VAN GOGH - La nuit \u00e9toil\u00e9e - L&#039;Encyclop\u00e9die sonore des Arts Visuels\" \/>\n<meta property=\"og:description\" content=\"Vincent Van Gogh, peintre, au destin si embl\u00e9matique, illustre notre encyclop\u00e9die sonore, entre courants artistiques du XX\u00e8 si\u00e8cle, artistes majeurs de l&rsquo;histoire de l&rsquo;art, et artistes d&rsquo;aujourd&rsquo;hui. \u00ab\u00a0La nuit \u00e9toil\u00e9e\u00a0\u00bb, peinte lors d&rsquo;un acc\u00e8s de folie, est comment\u00e9e par Lauranne &hellip; Continuer la lecture &rarr;\" \/>\n<meta property=\"og:url\" content=\"https:\/\/www.oeuvrequiparle.com\/decouverte\/?page_id=529\" \/>\n<meta property=\"og:site_name\" content=\"L&#039;Encyclop\u00e9die sonore des Arts Visuels\" \/>\n<meta property=\"article:modified_time\" content=\"2015-08-16T10:07:34+00:00\" \/>\n<meta property=\"og:image\" content=\"https:\/\/www.oeuvrequiparle.com\/decouverte\/wp-content\/uploads\/2013\/10\/Starry-Night-700-150x150.jpg\" \/>\n<meta name=\"twitter:card\" content=\"summary_large_image\" \/>\n<meta name=\"twitter:label1\" content=\"Dur\u00e9e de lecture estim\u00e9e\" \/>\n\t<meta name=\"twitter:data1\" content=\"6 minutes\" \/>\n<script type=\"application\/ld+json\" class=\"yoast-schema-graph\">{\"@context\":\"https:\/\/schema.org\",\"@graph\":[{\"@type\":\"WebPage\",\"@id\":\"https:\/\/www.oeuvrequiparle.com\/decouverte\/?page_id=529\",\"url\":\"https:\/\/www.oeuvrequiparle.com\/decouverte\/?page_id=529\",\"name\":\"Vincent VAN GOGH - La nuit \u00e9toil\u00e9e - L&#039;Encyclop\u00e9die sonore des Arts Visuels\",\"isPartOf\":{\"@id\":\"https:\/\/www.oeuvrequiparle.com\/decouverte\/#website\"},\"datePublished\":\"2015-08-16T10:07:08+00:00\",\"dateModified\":\"2015-08-16T10:07:34+00:00\",\"breadcrumb\":{\"@id\":\"https:\/\/www.oeuvrequiparle.com\/decouverte\/?page_id=529#breadcrumb\"},\"inLanguage\":\"fr-FR\",\"potentialAction\":[{\"@type\":\"ReadAction\",\"target\":[\"https:\/\/www.oeuvrequiparle.com\/decouverte\/?page_id=529\"]}]},{\"@type\":\"BreadcrumbList\",\"@id\":\"https:\/\/www.oeuvrequiparle.com\/decouverte\/?page_id=529#breadcrumb\",\"itemListElement\":[{\"@type\":\"ListItem\",\"position\":1,\"name\":\"Home\",\"item\":\"https:\/\/www.oeuvrequiparle.com\/decouverte\/\"},{\"@type\":\"ListItem\",\"position\":2,\"name\":\"Vincent VAN GOGH &#8211; La nuit \u00e9toil\u00e9e\"}]},{\"@type\":\"WebSite\",\"@id\":\"https:\/\/www.oeuvrequiparle.com\/decouverte\/#website\",\"url\":\"https:\/\/www.oeuvrequiparle.com\/decouverte\/\",\"name\":\"L&#039;Encyclop\u00e9die sonore des Arts Visuels\",\"description\":\"Par Active-Art\",\"potentialAction\":[{\"@type\":\"SearchAction\",\"target\":{\"@type\":\"EntryPoint\",\"urlTemplate\":\"https:\/\/www.oeuvrequiparle.com\/decouverte\/?s={search_term_string}\"},\"query-input\":\"required name=search_term_string\"}],\"inLanguage\":\"fr-FR\"}]}<\/script>\n<!-- \/ Yoast SEO plugin. -->","yoast_head_json":{"title":"Vincent VAN GOGH - La nuit \u00e9toil\u00e9e - L&#039;Encyclop\u00e9die sonore des Arts Visuels","robots":{"index":"index","follow":"follow","max-snippet":"max-snippet:-1","max-image-preview":"max-image-preview:large","max-video-preview":"max-video-preview:-1"},"canonical":"https:\/\/www.oeuvrequiparle.com\/decouverte\/?page_id=529","og_locale":"fr_FR","og_type":"article","og_title":"Vincent VAN GOGH - La nuit \u00e9toil\u00e9e - L&#039;Encyclop\u00e9die sonore des Arts Visuels","og_description":"Vincent Van Gogh, peintre, au destin si embl\u00e9matique, illustre notre encyclop\u00e9die sonore, entre courants artistiques du XX\u00e8 si\u00e8cle, artistes majeurs de l&rsquo;histoire de l&rsquo;art, et artistes d&rsquo;aujourd&rsquo;hui. \u00ab\u00a0La nuit \u00e9toil\u00e9e\u00a0\u00bb, peinte lors d&rsquo;un acc\u00e8s de folie, est comment\u00e9e par Lauranne &hellip; Continuer la lecture &rarr;","og_url":"https:\/\/www.oeuvrequiparle.com\/decouverte\/?page_id=529","og_site_name":"L&#039;Encyclop\u00e9die sonore des Arts Visuels","article_modified_time":"2015-08-16T10:07:34+00:00","og_image":[{"url":"https:\/\/www.oeuvrequiparle.com\/decouverte\/wp-content\/uploads\/2013\/10\/Starry-Night-700-150x150.jpg"}],"twitter_card":"summary_large_image","twitter_misc":{"Dur\u00e9e de lecture estim\u00e9e":"6 minutes"},"schema":{"@context":"https:\/\/schema.org","@graph":[{"@type":"WebPage","@id":"https:\/\/www.oeuvrequiparle.com\/decouverte\/?page_id=529","url":"https:\/\/www.oeuvrequiparle.com\/decouverte\/?page_id=529","name":"Vincent VAN GOGH - La nuit \u00e9toil\u00e9e - L&#039;Encyclop\u00e9die sonore des Arts Visuels","isPartOf":{"@id":"https:\/\/www.oeuvrequiparle.com\/decouverte\/#website"},"datePublished":"2015-08-16T10:07:08+00:00","dateModified":"2015-08-16T10:07:34+00:00","breadcrumb":{"@id":"https:\/\/www.oeuvrequiparle.com\/decouverte\/?page_id=529#breadcrumb"},"inLanguage":"fr-FR","potentialAction":[{"@type":"ReadAction","target":["https:\/\/www.oeuvrequiparle.com\/decouverte\/?page_id=529"]}]},{"@type":"BreadcrumbList","@id":"https:\/\/www.oeuvrequiparle.com\/decouverte\/?page_id=529#breadcrumb","itemListElement":[{"@type":"ListItem","position":1,"name":"Home","item":"https:\/\/www.oeuvrequiparle.com\/decouverte\/"},{"@type":"ListItem","position":2,"name":"Vincent VAN GOGH &#8211; La nuit \u00e9toil\u00e9e"}]},{"@type":"WebSite","@id":"https:\/\/www.oeuvrequiparle.com\/decouverte\/#website","url":"https:\/\/www.oeuvrequiparle.com\/decouverte\/","name":"L&#039;Encyclop\u00e9die sonore des Arts Visuels","description":"Par Active-Art","potentialAction":[{"@type":"SearchAction","target":{"@type":"EntryPoint","urlTemplate":"https:\/\/www.oeuvrequiparle.com\/decouverte\/?s={search_term_string}"},"query-input":"required name=search_term_string"}],"inLanguage":"fr-FR"}]}},"_links":{"self":[{"href":"https:\/\/www.oeuvrequiparle.com\/decouverte\/index.php?rest_route=\/wp\/v2\/pages\/529"}],"collection":[{"href":"https:\/\/www.oeuvrequiparle.com\/decouverte\/index.php?rest_route=\/wp\/v2\/pages"}],"about":[{"href":"https:\/\/www.oeuvrequiparle.com\/decouverte\/index.php?rest_route=\/wp\/v2\/types\/page"}],"author":[{"embeddable":true,"href":"https:\/\/www.oeuvrequiparle.com\/decouverte\/index.php?rest_route=\/wp\/v2\/users\/1"}],"replies":[{"embeddable":true,"href":"https:\/\/www.oeuvrequiparle.com\/decouverte\/index.php?rest_route=%2Fwp%2Fv2%2Fcomments&post=529"}],"version-history":[{"count":2,"href":"https:\/\/www.oeuvrequiparle.com\/decouverte\/index.php?rest_route=\/wp\/v2\/pages\/529\/revisions"}],"predecessor-version":[{"id":531,"href":"https:\/\/www.oeuvrequiparle.com\/decouverte\/index.php?rest_route=\/wp\/v2\/pages\/529\/revisions\/531"}],"wp:attachment":[{"href":"https:\/\/www.oeuvrequiparle.com\/decouverte\/index.php?rest_route=%2Fwp%2Fv2%2Fmedia&parent=529"}],"curies":[{"name":"wp","href":"https:\/\/api.w.org\/{rel}","templated":true}]}}