{"id":577,"date":"2015-08-16T11:42:58","date_gmt":"2015-08-16T10:42:58","guid":{"rendered":"http:\/\/www.oeuvrequiparle.com\/decouverte\/?page_id=577"},"modified":"2015-08-16T11:46:36","modified_gmt":"2015-08-16T10:46:36","slug":"edward-hopper-la-maison-au-bord-de-la-voie-ferree","status":"publish","type":"page","link":"https:\/\/www.oeuvrequiparle.com\/decouverte\/?page_id=577","title":{"rendered":"Edward HOPPER &#8211; La maison au bord de la voie ferr\u00e9e"},"content":{"rendered":"<h1 style=\"text-align: justify;\">Edward HOPPER<\/h1>\n<p style=\"text-align: justify;\">En 1925, Edward Hopper ach\u00e8ve sa c\u00e9l\u00e8bre <i>Maison au bord de la voie ferr\u00e9e<\/i> (<i>The House by the Railroad<\/i>), qui est consid\u00e9r\u00e9e comme l\u2019un de ses meilleurs tableaux. D\u00e9couvrez son histoire avec Lauranne Corneau.<\/p>\n<p style=\"text-align: center;\">Cliquer sur le bouton rouge pour lancer le commentaire audio.<\/p>\n<p style=\"text-align: center;\">\n<!-- iframe plugin v.4.8 wordpress.org\/plugins\/iframe\/ -->\n<iframe loading=\"lazy\" width=\"700\" height=\"620\" src=\"https:\/\/www.oeuvrequiparle.com\/MU1005\" scrolling=\"yes\" class=\"iframe-class\" frameborder=\"0\"><\/iframe>\n<\/p>\n<p style=\"text-align: center;\"><span style=\"color: #ff0000;\"><a style=\"color: #ff0000;\" href=\"https:\/\/www.oeuvrequiparle.com\/MU1005\">Afficher en plein format<\/a><\/span><\/p>\n<p style=\"text-align: center;\"><a href=\"https:\/\/www.oeuvrequiparle.com\/decouverte\/?page_id=381\">Merci de r\u00e9agir apr\u00e8s l&rsquo;\u00e9coute : votre avis est important pour nous<\/a><\/p>\n<p><strong>Inscrivez-vous gratuitement \u00e0 l&rsquo;Encyclop\u00e9die sonore des Arts Visuels<\/strong><\/p>\n<p>Pour vous inscrire gratuitement \u00e0 l&rsquo;Encyclop\u00e9die sonore des Arts Visuels, merci de nous laisser votre Email dans le formulaire ci-dessous :<\/p>\n<p align=\"center\">\n<!-- iframe plugin v.4.8 wordpress.org\/plugins\/iframe\/ -->\n<iframe loading=\"lazy\" width=\"500\" height=\"100\" src=\"https:\/\/www.oeuvrequiparle.com\/decouverte\/forms\/form_decouverte_001.htm\" scrolling=\"yes\" class=\"iframe-class\" frameborder=\"0\"><\/iframe>\n<\/p>\n<h2><b>Faites d\u00e9couvrir l&rsquo;Encyclop\u00e9die sonore des Arts Visuels \u00e0 vos amis<\/b><\/h2>\n<p>Il vous suffit de saisir l&rsquo;Email de l&rsquo;une de vos connaissances pour lui envoyer une invitation \u00e0 d\u00e9couvrir l&rsquo;Encyclop\u00e9die des Arts Visuels. Aidez-nous \u00e0 faire progresser cette aventure passionnante.<\/p>\n<p align=\"center\">\n<!-- iframe plugin v.4.8 wordpress.org\/plugins\/iframe\/ -->\n<iframe loading=\"lazy\" width=\"500\" height=\"100\" src=\"https:\/\/www.oeuvrequiparle.com\/decouverte\/forms\/form_decouverte_002.htm\" scrolling=\"yes\" class=\"iframe-class\" frameborder=\"0\"><\/iframe>\n<\/p>\n<h2 style=\"text-align: justify;\"><strong>Texte int\u00e9gral du commentaire, par Lauranne Corneau\u00a0:<\/strong><\/h2>\n<h3 class=\"p1\" style=\"text-align: justify;\">Edward HOPPER &#8211; La maison au bord de la voie ferr\u00e9e<\/h3>\n<p class=\"p1\" style=\"text-align: justify;\">Vous vous demandez certainement o\u00f9 vous avez d\u00e9j\u00e0 vu cette maison? Dans le film Psychose d\u2019Alfred Hitchcock, peut-\u00eatre, ou bien dans \u00ab\u00a0Les Moissons du ciel\u00a0\u00bb de Terrence Malick. A Disneyland Paris aussi, dans l\u2019attraction du manoir hant\u00e9. Ou encore sur les cimaises du Mus\u00e9e d\u2019art moderne de New-York, le MoMA. Vedette de l\u2019oeuvre intitul\u00e9e House by the railroad, si cette demeure est aujourd\u2019hui si connue, c\u2019est gr\u00e2ce \u00e0 l\u2019ambition de son cr\u00e9ateur, \u00e0 l\u2019impact qu\u2019elle eut sur l\u2019ensemble du monde de l\u2019art, mais aussi gr\u00e2ce \u00e0 une histoire tout \u00e0 fait particuli\u00e8re.<\/p>\n<p class=\"p1\" style=\"text-align: justify;\">L\u2019artiste am\u00e9ricain Edward Hopper a d\u00e9j\u00e0 40 ans pass\u00e9s lorsqu\u2019il r\u00e9alise cette oeuvre, en 1925. Elle est son tout premier succ\u00e8s artistique et commercial. Expos\u00e9e l\u2019ann\u00e9e de sa cr\u00e9ation, la toile est achet\u00e9e en 1926 par le collectionneur Stephen Clark, qui, comme le reste du monde de l\u2019art, d\u00e9couvre alors ce peintre. Et lui, d\u00e9cide de le soutenir. Puis il en fait don au tout jeune MoMA en 1930, qui vient tout juste d\u2019ouvrir ses portes. Un acte d\u2019une importance capitale pour l\u2019avenir de l\u2019oeuvre et de son cr\u00e9ateur !<\/p>\n<p class=\"p1\" style=\"text-align: justify;\">D\u00e8s sa premi\u00e8re exposition publique, l\u2019oeuvre frappe la critique, qui en salue la puissance formelle, mais pas seulement. De son caract\u00e8re \u00e0 la fois familier et vaguement angoissant \u00e9mane une tr\u00e8s freudienne \u00ab inqui\u00e9tante \u00e9tranget\u00e9 \u00bb. Et pourtant, la demeure, majestueuse, symbole du style architectural en vogue au XIXe si\u00e8cle en Am\u00e9rique, se dresse, seule, au-dessus d\u2019un chemin de fer, telle une ic\u00f4ne enti\u00e8rement baign\u00e9e d\u2019une lumi\u00e8re chaude. Rien de plus anodin, donc, que cette qui\u00e9tude digne d\u2019une fin de journ\u00e9e d\u2019\u00e9t\u00e9. Mais c\u2019est envahis d\u2019une sensation \u00e9trange que nous tentons de pousser plus avant l\u2019observation : pas d\u2019animaux, pas d\u2019arbres, pas de pr\u00e9sence humaine dans cette composition. Pas de vie, en somme. Mais la maison, elle, semble vivante. Observez les fen\u00eatres : est-ce le fait du soleil qui semble s\u2019y refl\u00e9ter ou les stores baiss\u00e9s qui animent cette fa\u00e7ade comme autant d\u2019yeux, de nez, de bouches architecturales? Quoiqu\u2019il en soit, c\u2019est de ces questionnements que na\u00eet l\u2019inqui\u00e9tude. Maintenant, cherchez les portes&#8230; Il n\u2019y en a pas ! Ou du moins, elles ne sont pas visibles. Les architectures d\u2019Hopper sont constamment imp\u00e9n\u00e9trables, comme mises \u00e0 distance. L\u2019effet est encore accentu\u00e9 par la pr\u00e9sence tr\u00e8s brutale du chemin de fer au premier plan, qui coupe dangereusement l\u2019acc\u00e8s \u00e0 cette belle demeure. Un train pourrait en effet passer furtivement d\u2019un moment \u00e0 l\u2019autre, et bouleverser la pl\u00e9nitude de l\u2019image. Ainsi, sans avoir recours aux proc\u00e9d\u00e9s de narration traditionnels, l\u2019artiste parvient avec brio \u00e0 faire entrer ici les notions d\u2019espace, de temps, de mouvement, et de bruit afin de conf\u00e9rer \u00e0 l\u2019image davantage de vie.<\/p>\n<p class=\"p1\" style=\"text-align: justify;\">Et c\u2019est ainsi que, dans cette toile embl\u00e9matique, l\u2019artiste pose les jalons de son oeuvre \u00e0 venir.<\/p>\n<p class=\"p1\" style=\"text-align: justify;\">Mais au-del\u00e0 de la seule apparence formelle, c\u2019est toute une r\u00e9flexion philosophique qui s\u2019incarne dans cette toile. Hopper, proche du courant transcendentaliste qui a marqu\u00e9 la Nouvelle-Angleterre un si\u00e8cle auparavant, se livre ici \u00e0 une illustration des th\u00e9ories de Ralph Emerson. Jamais dans son oeuvre ne sont visibles les aspects de la vie contemporaine. Nulle part vous n\u2019y trouverez l\u2019\u00e9vocation des selfmade-men, de la construction des premiers gratte-ciel, des premi\u00e8res pin-up am\u00e9ricaines, de la vie nocturne tr\u00e9pidante de Broadway. Les oeuvres d\u2019Hopper sont hors du temps. Celle que vous avez devant les yeux s\u2019ancre en particulier dans la critique d\u2019une \u00e9volution de la soci\u00e9t\u00e9 qu\u2019il d\u00e9plore. Si la maison est si lumineuse, c\u2019est parce qu\u2019elle s\u2019\u00e9rige en embl\u00e8me de la soci\u00e9t\u00e9 puritaine, qui n\u2019est pas encore touch\u00e9e par les vicissitudes de la recherche du progr\u00e8s. Mais cette image est lointaine, inaccessible, perdue \u00e0 tout jamais : le chemin de fer en coupe l\u2019acc\u00e8s. Il symbolise quant \u00e0 lui l\u2019exact oppos\u00e9, \u00e0 savoir la p\u00e9riode qui suit la guerre de S\u00e9cession, une p\u00e9riode marqu\u00e9e par les cons\u00e9quences &#8211; n\u00e9fastes &#8211; de la R\u00e9volution industrielle. C\u2019est, en somme, un renversement des valeurs de l\u2019Am\u00e9rique originelle qui est ici d\u00e9nonc\u00e9.<\/p>\n<p class=\"p1\" style=\"text-align: justify;\">Hopper, s\u2019il semble pr\u00e9server son oeuvre de toute incursion contemporaine, est pourtant l\u2019un, sinon le premier, des repr\u00e9sentants les plus fascinants de l\u2019art purement am\u00e9ricain, et cette toile en est le manifeste.<\/p>\n","protected":false},"excerpt":{"rendered":"<p>Edward HOPPER En 1925, Edward Hopper ach\u00e8ve sa c\u00e9l\u00e8bre Maison au bord de la voie ferr\u00e9e (The House by the Railroad), qui est consid\u00e9r\u00e9e comme l\u2019un de ses meilleurs tableaux. D\u00e9couvrez son histoire avec Lauranne Corneau. Cliquer sur le bouton &hellip; <a href=\"https:\/\/www.oeuvrequiparle.com\/decouverte\/?page_id=577\">Continuer la lecture <span class=\"meta-nav\">&rarr;<\/span><\/a><\/p>\n","protected":false},"author":1,"featured_media":0,"parent":0,"menu_order":0,"comment_status":"open","ping_status":"open","template":"","meta":{"footnotes":""},"yoast_head":"<!-- This site is optimized with the Yoast SEO plugin v21.5 - https:\/\/yoast.com\/wordpress\/plugins\/seo\/ -->\n<title>Edward HOPPER - La maison au bord de la voie ferr\u00e9e - L&#039;Encyclop\u00e9die sonore des Arts Visuels<\/title>\n<meta name=\"robots\" content=\"index, follow, max-snippet:-1, max-image-preview:large, max-video-preview:-1\" \/>\n<link rel=\"canonical\" href=\"https:\/\/www.oeuvrequiparle.com\/decouverte\/?page_id=577\" \/>\n<meta property=\"og:locale\" content=\"fr_FR\" \/>\n<meta property=\"og:type\" content=\"article\" \/>\n<meta property=\"og:title\" content=\"Edward HOPPER - La maison au bord de la voie ferr\u00e9e - L&#039;Encyclop\u00e9die sonore des Arts Visuels\" \/>\n<meta property=\"og:description\" content=\"Edward HOPPER En 1925, Edward Hopper ach\u00e8ve sa c\u00e9l\u00e8bre Maison au bord de la voie ferr\u00e9e (The House by the Railroad), qui est consid\u00e9r\u00e9e comme l\u2019un de ses meilleurs tableaux. D\u00e9couvrez son histoire avec Lauranne Corneau. Cliquer sur le bouton &hellip; Continuer la lecture &rarr;\" \/>\n<meta property=\"og:url\" content=\"https:\/\/www.oeuvrequiparle.com\/decouverte\/?page_id=577\" \/>\n<meta property=\"og:site_name\" content=\"L&#039;Encyclop\u00e9die sonore des Arts Visuels\" \/>\n<meta property=\"article:modified_time\" content=\"2015-08-16T10:46:36+00:00\" \/>\n<meta name=\"twitter:card\" content=\"summary_large_image\" \/>\n<meta name=\"twitter:label1\" content=\"Dur\u00e9e de lecture estim\u00e9e\" \/>\n\t<meta name=\"twitter:data1\" content=\"5 minutes\" \/>\n<script type=\"application\/ld+json\" class=\"yoast-schema-graph\">{\"@context\":\"https:\/\/schema.org\",\"@graph\":[{\"@type\":\"WebPage\",\"@id\":\"https:\/\/www.oeuvrequiparle.com\/decouverte\/?page_id=577\",\"url\":\"https:\/\/www.oeuvrequiparle.com\/decouverte\/?page_id=577\",\"name\":\"Edward HOPPER - La maison au bord de la voie ferr\u00e9e - L&#039;Encyclop\u00e9die sonore des Arts Visuels\",\"isPartOf\":{\"@id\":\"https:\/\/www.oeuvrequiparle.com\/decouverte\/#website\"},\"datePublished\":\"2015-08-16T10:42:58+00:00\",\"dateModified\":\"2015-08-16T10:46:36+00:00\",\"breadcrumb\":{\"@id\":\"https:\/\/www.oeuvrequiparle.com\/decouverte\/?page_id=577#breadcrumb\"},\"inLanguage\":\"fr-FR\",\"potentialAction\":[{\"@type\":\"ReadAction\",\"target\":[\"https:\/\/www.oeuvrequiparle.com\/decouverte\/?page_id=577\"]}]},{\"@type\":\"BreadcrumbList\",\"@id\":\"https:\/\/www.oeuvrequiparle.com\/decouverte\/?page_id=577#breadcrumb\",\"itemListElement\":[{\"@type\":\"ListItem\",\"position\":1,\"name\":\"Home\",\"item\":\"https:\/\/www.oeuvrequiparle.com\/decouverte\/\"},{\"@type\":\"ListItem\",\"position\":2,\"name\":\"Edward HOPPER &#8211; La maison au bord de la voie ferr\u00e9e\"}]},{\"@type\":\"WebSite\",\"@id\":\"https:\/\/www.oeuvrequiparle.com\/decouverte\/#website\",\"url\":\"https:\/\/www.oeuvrequiparle.com\/decouverte\/\",\"name\":\"L&#039;Encyclop\u00e9die sonore des Arts Visuels\",\"description\":\"Par Active-Art\",\"potentialAction\":[{\"@type\":\"SearchAction\",\"target\":{\"@type\":\"EntryPoint\",\"urlTemplate\":\"https:\/\/www.oeuvrequiparle.com\/decouverte\/?s={search_term_string}\"},\"query-input\":\"required name=search_term_string\"}],\"inLanguage\":\"fr-FR\"}]}<\/script>\n<!-- \/ Yoast SEO plugin. -->","yoast_head_json":{"title":"Edward HOPPER - La maison au bord de la voie ferr\u00e9e - L&#039;Encyclop\u00e9die sonore des Arts Visuels","robots":{"index":"index","follow":"follow","max-snippet":"max-snippet:-1","max-image-preview":"max-image-preview:large","max-video-preview":"max-video-preview:-1"},"canonical":"https:\/\/www.oeuvrequiparle.com\/decouverte\/?page_id=577","og_locale":"fr_FR","og_type":"article","og_title":"Edward HOPPER - La maison au bord de la voie ferr\u00e9e - L&#039;Encyclop\u00e9die sonore des Arts Visuels","og_description":"Edward HOPPER En 1925, Edward Hopper ach\u00e8ve sa c\u00e9l\u00e8bre Maison au bord de la voie ferr\u00e9e (The House by the Railroad), qui est consid\u00e9r\u00e9e comme l\u2019un de ses meilleurs tableaux. D\u00e9couvrez son histoire avec Lauranne Corneau. Cliquer sur le bouton &hellip; Continuer la lecture &rarr;","og_url":"https:\/\/www.oeuvrequiparle.com\/decouverte\/?page_id=577","og_site_name":"L&#039;Encyclop\u00e9die sonore des Arts Visuels","article_modified_time":"2015-08-16T10:46:36+00:00","twitter_card":"summary_large_image","twitter_misc":{"Dur\u00e9e de lecture estim\u00e9e":"5 minutes"},"schema":{"@context":"https:\/\/schema.org","@graph":[{"@type":"WebPage","@id":"https:\/\/www.oeuvrequiparle.com\/decouverte\/?page_id=577","url":"https:\/\/www.oeuvrequiparle.com\/decouverte\/?page_id=577","name":"Edward HOPPER - La maison au bord de la voie ferr\u00e9e - L&#039;Encyclop\u00e9die sonore des Arts Visuels","isPartOf":{"@id":"https:\/\/www.oeuvrequiparle.com\/decouverte\/#website"},"datePublished":"2015-08-16T10:42:58+00:00","dateModified":"2015-08-16T10:46:36+00:00","breadcrumb":{"@id":"https:\/\/www.oeuvrequiparle.com\/decouverte\/?page_id=577#breadcrumb"},"inLanguage":"fr-FR","potentialAction":[{"@type":"ReadAction","target":["https:\/\/www.oeuvrequiparle.com\/decouverte\/?page_id=577"]}]},{"@type":"BreadcrumbList","@id":"https:\/\/www.oeuvrequiparle.com\/decouverte\/?page_id=577#breadcrumb","itemListElement":[{"@type":"ListItem","position":1,"name":"Home","item":"https:\/\/www.oeuvrequiparle.com\/decouverte\/"},{"@type":"ListItem","position":2,"name":"Edward HOPPER &#8211; La maison au bord de la voie ferr\u00e9e"}]},{"@type":"WebSite","@id":"https:\/\/www.oeuvrequiparle.com\/decouverte\/#website","url":"https:\/\/www.oeuvrequiparle.com\/decouverte\/","name":"L&#039;Encyclop\u00e9die sonore des Arts Visuels","description":"Par Active-Art","potentialAction":[{"@type":"SearchAction","target":{"@type":"EntryPoint","urlTemplate":"https:\/\/www.oeuvrequiparle.com\/decouverte\/?s={search_term_string}"},"query-input":"required name=search_term_string"}],"inLanguage":"fr-FR"}]}},"_links":{"self":[{"href":"https:\/\/www.oeuvrequiparle.com\/decouverte\/index.php?rest_route=\/wp\/v2\/pages\/577"}],"collection":[{"href":"https:\/\/www.oeuvrequiparle.com\/decouverte\/index.php?rest_route=\/wp\/v2\/pages"}],"about":[{"href":"https:\/\/www.oeuvrequiparle.com\/decouverte\/index.php?rest_route=\/wp\/v2\/types\/page"}],"author":[{"embeddable":true,"href":"https:\/\/www.oeuvrequiparle.com\/decouverte\/index.php?rest_route=\/wp\/v2\/users\/1"}],"replies":[{"embeddable":true,"href":"https:\/\/www.oeuvrequiparle.com\/decouverte\/index.php?rest_route=%2Fwp%2Fv2%2Fcomments&post=577"}],"version-history":[{"count":3,"href":"https:\/\/www.oeuvrequiparle.com\/decouverte\/index.php?rest_route=\/wp\/v2\/pages\/577\/revisions"}],"predecessor-version":[{"id":580,"href":"https:\/\/www.oeuvrequiparle.com\/decouverte\/index.php?rest_route=\/wp\/v2\/pages\/577\/revisions\/580"}],"wp:attachment":[{"href":"https:\/\/www.oeuvrequiparle.com\/decouverte\/index.php?rest_route=%2Fwp%2Fv2%2Fmedia&parent=577"}],"curies":[{"name":"wp","href":"https:\/\/api.w.org\/{rel}","templated":true}]}}