{"id":581,"date":"2015-08-16T12:21:00","date_gmt":"2015-08-16T11:21:00","guid":{"rendered":"http:\/\/www.oeuvrequiparle.com\/decouverte\/?page_id=581"},"modified":"2015-08-16T12:21:00","modified_gmt":"2015-08-16T11:21:00","slug":"vassily-kandinsky-jaune-rouge-bleu","status":"publish","type":"page","link":"https:\/\/www.oeuvrequiparle.com\/decouverte\/?page_id=581","title":{"rendered":"Vassily KANDINSKY &#8211; Jaune &#8211; Rouge &#8211; Bleu"},"content":{"rendered":"<h1 style=\"text-align: justify;\">Vassily KANDINSKY &#8211; Jaune &#8211; Rouge &#8211; Bleu<\/h1>\n<p style=\"text-align: justify;\">Souvent cit\u00e9 comme un tableau exemplaire de l&rsquo;art abstrait, \u00ab\u00a0Jaune-rouge-bleu\u00a0\u00bb peint en 1925 marque un tournant d\u00e9cisif dans l&rsquo;oeuvre de Kandinsky. Marion Kling vous raconte son hstoire.<\/p>\n<p style=\"text-align: center;\">Cliquer sur le bouton rouge pour lancer le commentaire audio.<\/p>\n<p style=\"text-align: center;\">\n<!-- iframe plugin v.4.8 wordpress.org\/plugins\/iframe\/ -->\n<iframe loading=\"lazy\" width=\"700\" height=\"620\" src=\"https:\/\/www.oeuvrequiparle.com\/MU1009\" scrolling=\"yes\" class=\"iframe-class\" frameborder=\"0\"><\/iframe>\n<\/p>\n<p style=\"text-align: center;\"><span style=\"color: #ff0000;\"><a style=\"color: #ff0000;\" href=\"https:\/\/www.oeuvrequiparle.com\/MU1009\">Afficher en plein format<\/a><\/span><\/p>\n<p style=\"text-align: center;\"><a href=\"https:\/\/www.oeuvrequiparle.com\/decouverte\/?page_id=381\">Merci de r\u00e9agir apr\u00e8s l&rsquo;\u00e9coute : votre avis est important pour nous<\/a><\/p>\n<p><strong>Inscrivez-vous gratuitement \u00e0 l&rsquo;Encyclop\u00e9die sonore des Arts Visuels<\/strong><\/p>\n<p>Pour vous inscrire gratuitement \u00e0 l&rsquo;Encyclop\u00e9die sonore des Arts Visuels, merci de nous laisser votre Email dans le formulaire ci-dessous :<\/p>\n<p align=\"center\">\n<!-- iframe plugin v.4.8 wordpress.org\/plugins\/iframe\/ -->\n<iframe loading=\"lazy\" width=\"500\" height=\"100\" src=\"https:\/\/www.oeuvrequiparle.com\/decouverte\/forms\/form_decouverte_001.htm\" scrolling=\"yes\" class=\"iframe-class\" frameborder=\"0\"><\/iframe>\n<\/p>\n<h2><b>Faites d\u00e9couvrir l&rsquo;Encyclop\u00e9die sonore des Arts Visuels \u00e0 vos amis<\/b><\/h2>\n<p>Il vous suffit de saisir l&rsquo;Email de l&rsquo;une de vos connaissances pour lui envoyer une invitation \u00e0 d\u00e9couvrir l&rsquo;Encyclop\u00e9die des Arts Visuels. Aidez-nous \u00e0 faire progresser cette aventure passionnante.<\/p>\n<p align=\"center\">\n<!-- iframe plugin v.4.8 wordpress.org\/plugins\/iframe\/ -->\n<iframe loading=\"lazy\" width=\"500\" height=\"100\" src=\"https:\/\/www.oeuvrequiparle.com\/decouverte\/forms\/form_decouverte_002.htm\" scrolling=\"yes\" class=\"iframe-class\" frameborder=\"0\"><\/iframe>\n<\/p>\n<h2 style=\"text-align: justify;\"><strong>Texte int\u00e9gral du commentaire, par Marion Kling\u00a0:<\/strong><\/h2>\n<h3>Vassily KANDINSKY &#8211; Jaune &#8211; Rouge &#8211; Bleu<\/h3>\n<p style=\"text-align: justify;\">Cette huile sur toile, intitul\u00e9e <em>Jaune-Rouge-Bleu<\/em> et dat\u00e9e de 1925, est l\u2019une des \u0153uvres les plus embl\u00e9matiques de Vassily Kandinsky. Pour mieux en comprendre les fondements, penchons-nous sur le parcours de ce peintre d\u2019origine russe, \u00e9tabli en Allemagne puis en France, et qui fut le chef de file du mouvement \u00ab\u00a0Der Blaue Reiter\u00a0\u00bb dans les ann\u00e9es 1910.<\/p>\n<p style=\"text-align: justify;\">C\u2019est en 1895 que Kandinsky re\u00e7oit son premier choc artistique, face \u00e0 une Meule de Claude Monet ; il est \u00e9bloui par la puissance de ses couleurs, sans toutefois en percevoir le sujet. Plus tard, en 1908, l\u2019une de ses propres toiles dispos\u00e9e \u00e0 l\u2019envers le fascine. Kandinsky comprend d\u00e8s lors que le motif lui est secondaire : sa peinture doit avant tout provoquer une sensation, ind\u00e9pendamment du r\u00e9el.<\/p>\n<p style=\"text-align: justify;\">Il r\u00e9alise en 1910 sa premi\u00e8re aquarelle abstraite, \u00e9galement consid\u00e9r\u00e9e comme la premi\u00e8re \u0153uvre non figurative de l\u2019histoire de l\u2019art moderne. Kandinsky d\u00e9couvre avec les couleurs, les lignes et la mati\u00e8re, un \u00ab\u00a0langage pur qui s\u2019adresse \u00e0 l\u2019\u00e2me.\u00a0\u00bb Ses tableaux sont d\u00e9sormais le reflet d\u2019une \u00e9motion, d\u2019une exp\u00e9rience intime,\u00a0qu\u2019il qualifie de \u00ab\u00a0n\u00e9cessit\u00e9 int\u00e9rieure\u00a0\u00bb.<\/p>\n<p style=\"text-align: justify;\">Dans les ann\u00e9es 1910, il nomme ces toiles \u00ab\u00a0Impressions, Improvisations et Compositions\u00a0\u00bb. Celles-ci entrent en r\u00e9sonance avec la musique\u00a0; pour Kandinsky en effet, teintes et sonorit\u00e9s vont de pair\u00a0: le jaune lui \u00e9voque par exemple un son aigu\u00a0; les blancs et noirs sont per\u00e7us comme des silences. Dans ses tableaux, Kandinsky recherche le rythme, l\u2019\u00e9quilibre, l\u2019harmonie ou, au contraire, la dissonance. Couleurs et formes doivent \u00e9tablir une correspondance, un dialogue musical agissant directement sur nos sens.<\/p>\n<p style=\"text-align: justify;\">\u00c0 chacune des couleurs, l\u2019artiste attribue en outre une valeur psychique\u00a0:<\/p>\n<p style=\"text-align: justify;\">Le blanc, et toutes les couleurs claires, \u00e9voquent la naissance et la vie. Le jaune est la couleur chaude par excellence, celle de la lumi\u00e8re. Elle se d\u00e9ploie largement sur la surface de la toile. Typiquement terrestre, elle s\u2019oppose au bleu c\u00e9leste et mystique, froid et c\u00e9r\u00e9bral. Quant au rouge puissant, \u00ab\u00a0il d\u00e9borde d\u2019une vie ardente et agit\u00e9e\u00a0\u00bb, s\u2019opposant au vert paisible. La couleur repr\u00e9sente le vrai sujet de l\u2019\u0153uvre. Son intensit\u00e9, ses nuances et ses vibrations donnent vie \u00e0 la peinture.<\/p>\n<p style=\"text-align: justify;\">Analysons l\u2019\u0153uvre <em>Jaune-Rouge-Bleu<\/em>, r\u00e9alis\u00e9e en 1925, \u00e0 une p\u00e9riode d\u2019intense production pour Kandinsky. Il est alors enseignant au Bauhaus de Weimar, une \u00e9cole d\u2019art et d&rsquo;architecture. Les \u00e9l\u00e9ments g\u00e9om\u00e9triques rev\u00eatent dans sa peinture une importance grandissante. <em>Jaune-Rouge-Bleu<\/em> appara\u00eet comme une toile significative, qui applique pr\u00e9cis\u00e9ment les th\u00e9ories de l\u2019artiste sur la disposition relative des formes, des lignes et des couleurs.<\/p>\n<p style=\"text-align: justify;\">Au sein de l\u2019espace pictural, flotte une myriade d\u2019\u00e9l\u00e9ments\u00a0: Kandinsky joue \u00e0 la fois sur les d\u00e9grad\u00e9s, l\u2019opposition des compl\u00e9mentaires, les divergences formelles, les superpositions et la transparence. La couleur \u00e9clate, la lumi\u00e8re se r\u00e9pand. La composition a l\u2019air complexe, tant elle fourmille de d\u00e9tails et de nuances. En r\u00e9alit\u00e9, elle est parfaitement r\u00e9fl\u00e9chie et repose sur l\u2019articulation des trois couleurs primaires, qui d\u00e9finit un contraste fondamental entre la partie gauche et la partie droite de l\u2019\u0153uvre.<\/p>\n<p style=\"text-align: justify;\">\u00c0 gauche, le jaune chaud, l\u00e9ger et lumineux, affronte le bleu sombre, froid et dramatique de la moiti\u00e9 droite. Ces teintes s\u2019accompagnent de lignes et de formes qui ne sont pas choisies au hasard : au jaune aigu et agressif, Kandinsky attribue des lignes pr\u00e9cises et fines, g\u00e9om\u00e9triques et anguleuses\u00a0; au bleu mystique et plus en retrait, il associe des formes libres et arrondies, ainsi qu\u2019une \u00e9paisse ligne serpentine.<\/p>\n<p style=\"text-align: justify;\">Derri\u00e8re les transparences d\u2019\u00e9l\u00e9ments biomorphiques et de damiers color\u00e9s, une croix rouge assure la transition entre les deux polarit\u00e9s du jaune et du bleu, certes oppos\u00e9es, mais aussi compl\u00e9mentaires.<\/p>\n<p style=\"text-align: justify;\">On peut lire dans cette \u0153uvre majeure la rencontre du soleil avec la lune, ou encore une all\u00e9gorie des sens, avec l\u2019\u0153il jaune projetant son regard vers la gauche, et l\u2019oreille bleue absorbant le rayonnement des sons.<\/p>\n<p style=\"text-align: justify;\">Mais le mieux est encore d\u2019oublier toute r\u00e9f\u00e9rence au r\u00e9el pour se laisser transporter par l\u2019\u00e9motion. L\u2019abstraction initi\u00e9e par Kandinsky a lib\u00e9r\u00e9 le regard et ouvert la voie \u00e0 une peinture sensible, affranchie du sujet. Par leur \u00e9lan cosmique et hautement spirituel, les toiles du ma\u00eetre ont fortement inspir\u00e9 l\u2019Abstraction Lyrique dans les ann\u00e9es 1950\u2026 et leur po\u00e9sie intemporelle continue \u00e0 nous \u00e9blouir.<\/p>\n","protected":false},"excerpt":{"rendered":"<p>Vassily KANDINSKY &#8211; Jaune &#8211; Rouge &#8211; Bleu Souvent cit\u00e9 comme un tableau exemplaire de l&rsquo;art abstrait, \u00ab\u00a0Jaune-rouge-bleu\u00a0\u00bb peint en 1925 marque un tournant d\u00e9cisif dans l&rsquo;oeuvre de Kandinsky. Marion Kling vous raconte son hstoire. Cliquer sur le bouton rouge &hellip; <a href=\"https:\/\/www.oeuvrequiparle.com\/decouverte\/?page_id=581\">Continuer la lecture <span class=\"meta-nav\">&rarr;<\/span><\/a><\/p>\n","protected":false},"author":1,"featured_media":0,"parent":0,"menu_order":0,"comment_status":"open","ping_status":"open","template":"","meta":{"footnotes":""},"yoast_head":"<!-- This site is optimized with the Yoast SEO plugin v21.5 - https:\/\/yoast.com\/wordpress\/plugins\/seo\/ -->\n<title>Vassily KANDINSKY - Jaune - Rouge - Bleu - L&#039;Encyclop\u00e9die sonore des Arts Visuels<\/title>\n<meta name=\"robots\" content=\"index, follow, max-snippet:-1, max-image-preview:large, max-video-preview:-1\" \/>\n<link rel=\"canonical\" href=\"https:\/\/www.oeuvrequiparle.com\/decouverte\/?page_id=581\" \/>\n<meta property=\"og:locale\" content=\"fr_FR\" \/>\n<meta property=\"og:type\" content=\"article\" \/>\n<meta property=\"og:title\" content=\"Vassily KANDINSKY - Jaune - Rouge - Bleu - L&#039;Encyclop\u00e9die sonore des Arts Visuels\" \/>\n<meta property=\"og:description\" content=\"Vassily KANDINSKY &#8211; Jaune &#8211; Rouge &#8211; Bleu Souvent cit\u00e9 comme un tableau exemplaire de l&rsquo;art abstrait, \u00ab\u00a0Jaune-rouge-bleu\u00a0\u00bb peint en 1925 marque un tournant d\u00e9cisif dans l&rsquo;oeuvre de Kandinsky. Marion Kling vous raconte son hstoire. Cliquer sur le bouton rouge &hellip; Continuer la lecture &rarr;\" \/>\n<meta property=\"og:url\" content=\"https:\/\/www.oeuvrequiparle.com\/decouverte\/?page_id=581\" \/>\n<meta property=\"og:site_name\" content=\"L&#039;Encyclop\u00e9die sonore des Arts Visuels\" \/>\n<meta name=\"twitter:card\" content=\"summary_large_image\" \/>\n<meta name=\"twitter:label1\" content=\"Dur\u00e9e de lecture estim\u00e9e\" \/>\n\t<meta name=\"twitter:data1\" content=\"5 minutes\" \/>\n<script type=\"application\/ld+json\" class=\"yoast-schema-graph\">{\"@context\":\"https:\/\/schema.org\",\"@graph\":[{\"@type\":\"WebPage\",\"@id\":\"https:\/\/www.oeuvrequiparle.com\/decouverte\/?page_id=581\",\"url\":\"https:\/\/www.oeuvrequiparle.com\/decouverte\/?page_id=581\",\"name\":\"Vassily KANDINSKY - Jaune - Rouge - Bleu - L&#039;Encyclop\u00e9die sonore des Arts Visuels\",\"isPartOf\":{\"@id\":\"https:\/\/www.oeuvrequiparle.com\/decouverte\/#website\"},\"datePublished\":\"2015-08-16T11:21:00+00:00\",\"dateModified\":\"2015-08-16T11:21:00+00:00\",\"breadcrumb\":{\"@id\":\"https:\/\/www.oeuvrequiparle.com\/decouverte\/?page_id=581#breadcrumb\"},\"inLanguage\":\"fr-FR\",\"potentialAction\":[{\"@type\":\"ReadAction\",\"target\":[\"https:\/\/www.oeuvrequiparle.com\/decouverte\/?page_id=581\"]}]},{\"@type\":\"BreadcrumbList\",\"@id\":\"https:\/\/www.oeuvrequiparle.com\/decouverte\/?page_id=581#breadcrumb\",\"itemListElement\":[{\"@type\":\"ListItem\",\"position\":1,\"name\":\"Home\",\"item\":\"https:\/\/www.oeuvrequiparle.com\/decouverte\/\"},{\"@type\":\"ListItem\",\"position\":2,\"name\":\"Vassily KANDINSKY &#8211; Jaune &#8211; Rouge &#8211; Bleu\"}]},{\"@type\":\"WebSite\",\"@id\":\"https:\/\/www.oeuvrequiparle.com\/decouverte\/#website\",\"url\":\"https:\/\/www.oeuvrequiparle.com\/decouverte\/\",\"name\":\"L&#039;Encyclop\u00e9die sonore des Arts Visuels\",\"description\":\"Par Active-Art\",\"potentialAction\":[{\"@type\":\"SearchAction\",\"target\":{\"@type\":\"EntryPoint\",\"urlTemplate\":\"https:\/\/www.oeuvrequiparle.com\/decouverte\/?s={search_term_string}\"},\"query-input\":\"required name=search_term_string\"}],\"inLanguage\":\"fr-FR\"}]}<\/script>\n<!-- \/ Yoast SEO plugin. -->","yoast_head_json":{"title":"Vassily KANDINSKY - Jaune - Rouge - Bleu - L&#039;Encyclop\u00e9die sonore des Arts Visuels","robots":{"index":"index","follow":"follow","max-snippet":"max-snippet:-1","max-image-preview":"max-image-preview:large","max-video-preview":"max-video-preview:-1"},"canonical":"https:\/\/www.oeuvrequiparle.com\/decouverte\/?page_id=581","og_locale":"fr_FR","og_type":"article","og_title":"Vassily KANDINSKY - Jaune - Rouge - Bleu - L&#039;Encyclop\u00e9die sonore des Arts Visuels","og_description":"Vassily KANDINSKY &#8211; Jaune &#8211; Rouge &#8211; Bleu Souvent cit\u00e9 comme un tableau exemplaire de l&rsquo;art abstrait, \u00ab\u00a0Jaune-rouge-bleu\u00a0\u00bb peint en 1925 marque un tournant d\u00e9cisif dans l&rsquo;oeuvre de Kandinsky. Marion Kling vous raconte son hstoire. Cliquer sur le bouton rouge &hellip; Continuer la lecture &rarr;","og_url":"https:\/\/www.oeuvrequiparle.com\/decouverte\/?page_id=581","og_site_name":"L&#039;Encyclop\u00e9die sonore des Arts Visuels","twitter_card":"summary_large_image","twitter_misc":{"Dur\u00e9e de lecture estim\u00e9e":"5 minutes"},"schema":{"@context":"https:\/\/schema.org","@graph":[{"@type":"WebPage","@id":"https:\/\/www.oeuvrequiparle.com\/decouverte\/?page_id=581","url":"https:\/\/www.oeuvrequiparle.com\/decouverte\/?page_id=581","name":"Vassily KANDINSKY - Jaune - Rouge - Bleu - L&#039;Encyclop\u00e9die sonore des Arts Visuels","isPartOf":{"@id":"https:\/\/www.oeuvrequiparle.com\/decouverte\/#website"},"datePublished":"2015-08-16T11:21:00+00:00","dateModified":"2015-08-16T11:21:00+00:00","breadcrumb":{"@id":"https:\/\/www.oeuvrequiparle.com\/decouverte\/?page_id=581#breadcrumb"},"inLanguage":"fr-FR","potentialAction":[{"@type":"ReadAction","target":["https:\/\/www.oeuvrequiparle.com\/decouverte\/?page_id=581"]}]},{"@type":"BreadcrumbList","@id":"https:\/\/www.oeuvrequiparle.com\/decouverte\/?page_id=581#breadcrumb","itemListElement":[{"@type":"ListItem","position":1,"name":"Home","item":"https:\/\/www.oeuvrequiparle.com\/decouverte\/"},{"@type":"ListItem","position":2,"name":"Vassily KANDINSKY &#8211; Jaune &#8211; Rouge &#8211; Bleu"}]},{"@type":"WebSite","@id":"https:\/\/www.oeuvrequiparle.com\/decouverte\/#website","url":"https:\/\/www.oeuvrequiparle.com\/decouverte\/","name":"L&#039;Encyclop\u00e9die sonore des Arts Visuels","description":"Par Active-Art","potentialAction":[{"@type":"SearchAction","target":{"@type":"EntryPoint","urlTemplate":"https:\/\/www.oeuvrequiparle.com\/decouverte\/?s={search_term_string}"},"query-input":"required name=search_term_string"}],"inLanguage":"fr-FR"}]}},"_links":{"self":[{"href":"https:\/\/www.oeuvrequiparle.com\/decouverte\/index.php?rest_route=\/wp\/v2\/pages\/581"}],"collection":[{"href":"https:\/\/www.oeuvrequiparle.com\/decouverte\/index.php?rest_route=\/wp\/v2\/pages"}],"about":[{"href":"https:\/\/www.oeuvrequiparle.com\/decouverte\/index.php?rest_route=\/wp\/v2\/types\/page"}],"author":[{"embeddable":true,"href":"https:\/\/www.oeuvrequiparle.com\/decouverte\/index.php?rest_route=\/wp\/v2\/users\/1"}],"replies":[{"embeddable":true,"href":"https:\/\/www.oeuvrequiparle.com\/decouverte\/index.php?rest_route=%2Fwp%2Fv2%2Fcomments&post=581"}],"version-history":[{"count":1,"href":"https:\/\/www.oeuvrequiparle.com\/decouverte\/index.php?rest_route=\/wp\/v2\/pages\/581\/revisions"}],"predecessor-version":[{"id":582,"href":"https:\/\/www.oeuvrequiparle.com\/decouverte\/index.php?rest_route=\/wp\/v2\/pages\/581\/revisions\/582"}],"wp:attachment":[{"href":"https:\/\/www.oeuvrequiparle.com\/decouverte\/index.php?rest_route=%2Fwp%2Fv2%2Fmedia&parent=581"}],"curies":[{"name":"wp","href":"https:\/\/api.w.org\/{rel}","templated":true}]}}