{"id":598,"date":"2015-08-16T12:43:20","date_gmt":"2015-08-16T11:43:20","guid":{"rendered":"http:\/\/www.oeuvrequiparle.com\/decouverte\/?page_id=598"},"modified":"2015-09-10T19:56:09","modified_gmt":"2015-09-10T18:56:09","slug":"les-artistes-historiques-de-la-renaissance-a-lart-conceptuel","status":"publish","type":"page","link":"https:\/\/www.oeuvrequiparle.com\/decouverte\/?page_id=598","title":{"rendered":"2 &#8211; Les artistes historiques &#8211; de la renaissance \u00e0 l&rsquo;art conceptuel"},"content":{"rendered":"<h1>Les artistes historiques &#8211; de la renaissance \u00e0 l&rsquo;art conceptuel<\/h1>\n<p>Nous vous souhaitons une bonne d\u00e9couverte&#8230;<\/p>\n<table style=\"width: 100%;\">\n<tbody>\n<tr>\n<td style=\"width: 32%; text-align: center;\"><a href=\"https:\/\/www.oeuvrequiparle.com\/decouverte\/?page_id=569\"><img loading=\"lazy\" decoding=\"async\" class=\"alignnone wp-image-614 size-full\" src=\"https:\/\/www.oeuvrequiparle.com\/decouverte\/wp-content\/uploads\/2015\/08\/Dame-\u00e0-la-licorne-sm.jpg\" alt=\"La Dame \u00e0 la licorne\" width=\"161\" height=\"160\" srcset=\"https:\/\/www.oeuvrequiparle.com\/decouverte\/wp-content\/uploads\/2015\/08\/Dame-\u00e0-la-licorne-sm.jpg 161w, https:\/\/www.oeuvrequiparle.com\/decouverte\/wp-content\/uploads\/2015\/08\/Dame-\u00e0-la-licorne-sm-150x150.jpg 150w\" sizes=\"(max-width: 161px) 100vw, 161px\" \/><\/a><br \/>\n<a href=\"https:\/\/www.oeuvrequiparle.com\/decouverte\/?page_id=569\">La dame \u00e0 la licorne<\/a><\/td>\n<td style=\"width: 32%; text-align: center;\"><a href=\"https:\/\/www.oeuvrequiparle.com\/decouverte\/?page_id=536\"><img loading=\"lazy\" decoding=\"async\" class=\"alignnone size-full wp-image-611\" src=\"https:\/\/www.oeuvrequiparle.com\/decouverte\/wp-content\/uploads\/2015\/08\/La-joconde-sm.jpg\" alt=\"L\u00e9onard de Vinci - La Joconde\" width=\"165\" height=\"160\" \/><\/a><br \/>\n<a href=\"https:\/\/www.oeuvrequiparle.com\/decouverte\/?page_id=536\">L\u00e9onard de Vinci<\/a><\/td>\n<td style=\"width: 32%; text-align: center;\"><a href=\"https:\/\/www.oeuvrequiparle.com\/decouverte\/?page_id=543\"><img loading=\"lazy\" decoding=\"async\" class=\"alignnone wp-image-613 size-full\" src=\"https:\/\/www.oeuvrequiparle.com\/decouverte\/wp-content\/uploads\/2015\/08\/Raphael-BelleJardiniere-2426-sm1.jpg\" alt=\"La Belle Jardini\u00e8re, Raphael\" width=\"163\" height=\"160\" \/><\/a><br \/>\n<a href=\"https:\/\/www.oeuvrequiparle.com\/decouverte\/?page_id=543\">Rapha\u00ebl<\/a><\/td>\n<\/tr>\n<tr>\n<td style=\"width: 32%; text-align: center;\"><a href=\"https:\/\/www.oeuvrequiparle.com\/decouverte\/?page_id=567\"><img loading=\"lazy\" decoding=\"async\" class=\"alignnone wp-image-612 size-full\" src=\"https:\/\/www.oeuvrequiparle.com\/decouverte\/wp-content\/uploads\/2015\/08\/Botticelli-Le-Printemps-sm1.jpg\" alt=\"Botticelli - Le Printemps\" width=\"161\" height=\"160\" srcset=\"https:\/\/www.oeuvrequiparle.com\/decouverte\/wp-content\/uploads\/2015\/08\/Botticelli-Le-Printemps-sm1.jpg 161w, https:\/\/www.oeuvrequiparle.com\/decouverte\/wp-content\/uploads\/2015\/08\/Botticelli-Le-Printemps-sm1-150x150.jpg 150w\" sizes=\"(max-width: 161px) 100vw, 161px\" \/><\/a><br \/>\n<a href=\"https:\/\/www.oeuvrequiparle.com\/decouverte\/?page_id=567\">Sandro Botticelli<\/a><\/td>\n<td style=\"width: 32%; text-align: center;\"><a href=\"https:\/\/www.oeuvrequiparle.com\/decouverte\/?page_id=546\"><img loading=\"lazy\" decoding=\"async\" class=\"alignnone wp-image-616 size-full\" src=\"https:\/\/www.oeuvrequiparle.com\/decouverte\/wp-content\/uploads\/2015\/08\/Vermeer-800-sm.jpeg\" alt=\"Johannes Vermeer\" width=\"159\" height=\"160\" srcset=\"https:\/\/www.oeuvrequiparle.com\/decouverte\/wp-content\/uploads\/2015\/08\/Vermeer-800-sm.jpeg 159w, https:\/\/www.oeuvrequiparle.com\/decouverte\/wp-content\/uploads\/2015\/08\/Vermeer-800-sm-150x150.jpeg 150w\" sizes=\"(max-width: 159px) 100vw, 159px\" \/><\/a><br \/>\n<a href=\"https:\/\/www.oeuvrequiparle.com\/decouverte\/?page_id=546\">Johannes Vermeer<\/a><\/td>\n<td style=\"width: 32%; text-align: center;\"><a href=\"https:\/\/www.oeuvrequiparle.com\/decouverte\/?page_id=523\"><img loading=\"lazy\" decoding=\"async\" class=\"alignnone wp-image-615 size-full\" src=\"https:\/\/www.oeuvrequiparle.com\/decouverte\/wp-content\/uploads\/2015\/08\/vague-hokusai-iphone-copie.jpg\" alt=\"Hokusai - La dame \u00e0 la licorne\" width=\"150\" height=\"160\" \/><\/a><br \/>\n<a href=\"https:\/\/www.oeuvrequiparle.com\/decouverte\/?page_id=523\">Hokusai<\/a><\/td>\n<\/tr>\n<tr>\n<td style=\"width: 32%; text-align: center;\"><a href=\"https:\/\/www.oeuvrequiparle.com\/decouverte\/?page_id=529\"><img loading=\"lazy\" decoding=\"async\" class=\"alignnone wp-image-617 size-full\" src=\"https:\/\/www.oeuvrequiparle.com\/decouverte\/wp-content\/uploads\/2015\/08\/starry-night-1889-sm.jpg\" alt=\"Vincent Van Gogh\" width=\"162\" height=\"160\" \/><\/a><br \/>\n<a href=\"https:\/\/www.oeuvrequiparle.com\/decouverte\/?page_id=529\">Vincent Van Gogh<\/a><\/td>\n<td style=\"width: 32%; text-align: center;\"><a href=\"https:\/\/www.oeuvrequiparle.com\/decouverte\/?page_id=549\"><img loading=\"lazy\" decoding=\"async\" class=\"alignnone wp-image-618 size-full\" src=\"https:\/\/www.oeuvrequiparle.com\/decouverte\/wp-content\/uploads\/2015\/08\/Paul_C\u00e9zanne_panier_fruits-sm.jpg\" alt=\"Paul C\u00e9zanne\" width=\"161\" height=\"160\" srcset=\"https:\/\/www.oeuvrequiparle.com\/decouverte\/wp-content\/uploads\/2015\/08\/Paul_C\u00e9zanne_panier_fruits-sm.jpg 161w, https:\/\/www.oeuvrequiparle.com\/decouverte\/wp-content\/uploads\/2015\/08\/Paul_C\u00e9zanne_panier_fruits-sm-150x150.jpg 150w\" sizes=\"(max-width: 161px) 100vw, 161px\" \/><\/a><br \/>\n<a href=\"https:\/\/www.oeuvrequiparle.com\/decouverte\/?page_id=549\">Paul C\u00e9zanne<\/a><\/td>\n<td style=\"width: 32%; text-align: center;\"><a href=\"https:\/\/www.oeuvrequiparle.com\/decouverte\/?page_id=553\"><img loading=\"lazy\" decoding=\"async\" class=\"alignnone wp-image-619 size-full\" src=\"https:\/\/www.oeuvrequiparle.com\/decouverte\/wp-content\/uploads\/2015\/08\/Edgar-Degas-Bath-sm.jpg\" alt=\"Edgar Degas\" width=\"159\" height=\"160\" srcset=\"https:\/\/www.oeuvrequiparle.com\/decouverte\/wp-content\/uploads\/2015\/08\/Edgar-Degas-Bath-sm.jpg 159w, https:\/\/www.oeuvrequiparle.com\/decouverte\/wp-content\/uploads\/2015\/08\/Edgar-Degas-Bath-sm-150x150.jpg 150w\" sizes=\"(max-width: 159px) 100vw, 159px\" \/><\/a><br \/>\n<a href=\"https:\/\/www.oeuvrequiparle.com\/decouverte\/?page_id=553\">Edgar Degas<\/a><\/td>\n<\/tr>\n<tr>\n<td style=\"width: 32%; text-align: center;\"><a href=\"https:\/\/www.oeuvrequiparle.com\/decouverte\/?page_id=563\"><img loading=\"lazy\" decoding=\"async\" class=\"alignnone wp-image-620 size-full\" src=\"https:\/\/www.oeuvrequiparle.com\/decouverte\/wp-content\/uploads\/2015\/08\/Les-Nympheas-SFO-Image-sm.jpg\" alt=\"Claude Monet\" width=\"160\" height=\"160\" srcset=\"https:\/\/www.oeuvrequiparle.com\/decouverte\/wp-content\/uploads\/2015\/08\/Les-Nympheas-SFO-Image-sm.jpg 160w, https:\/\/www.oeuvrequiparle.com\/decouverte\/wp-content\/uploads\/2015\/08\/Les-Nympheas-SFO-Image-sm-150x150.jpg 150w\" sizes=\"(max-width: 160px) 100vw, 160px\" \/><\/a><br \/>\n<a href=\"https:\/\/www.oeuvrequiparle.com\/decouverte\/?page_id=563\">Claude Monet<\/a><\/td>\n<td style=\"width: 32%; text-align: center;\"><a href=\"https:\/\/www.oeuvrequiparle.com\/decouverte\/?page_id=539\"><img loading=\"lazy\" decoding=\"async\" class=\"alignnone wp-image-621 size-full\" src=\"https:\/\/www.oeuvrequiparle.com\/decouverte\/wp-content\/uploads\/2015\/08\/Rodin-LeBaiser-Image-sm.jpeg\" alt=\"Auguste Rodin\" width=\"159\" height=\"160\" srcset=\"https:\/\/www.oeuvrequiparle.com\/decouverte\/wp-content\/uploads\/2015\/08\/Rodin-LeBaiser-Image-sm.jpeg 159w, https:\/\/www.oeuvrequiparle.com\/decouverte\/wp-content\/uploads\/2015\/08\/Rodin-LeBaiser-Image-sm-150x150.jpeg 150w\" sizes=\"(max-width: 159px) 100vw, 159px\" \/><\/a><br \/>\n<a href=\"https:\/\/www.oeuvrequiparle.com\/decouverte\/?page_id=539\">Auguste Rodin<\/a><\/td>\n<td style=\"width: 32%; text-align: center;\"><a href=\"https:\/\/www.oeuvrequiparle.com\/decouverte\/?page_id=581\"><img loading=\"lazy\" decoding=\"async\" class=\"alignnone wp-image-623 size-full\" src=\"https:\/\/www.oeuvrequiparle.com\/decouverte\/wp-content\/uploads\/2015\/08\/kandinsky-YRB-sm.jpg\" alt=\"Vassily kandinsky\" width=\"159\" height=\"160\" srcset=\"https:\/\/www.oeuvrequiparle.com\/decouverte\/wp-content\/uploads\/2015\/08\/kandinsky-YRB-sm.jpg 159w, https:\/\/www.oeuvrequiparle.com\/decouverte\/wp-content\/uploads\/2015\/08\/kandinsky-YRB-sm-150x150.jpg 150w\" sizes=\"(max-width: 159px) 100vw, 159px\" \/><\/a><br \/>\n<a href=\"https:\/\/www.oeuvrequiparle.com\/decouverte\/?page_id=581\">Vassily Kandinsky<\/a><\/td>\n<\/tr>\n<tr>\n<td style=\"width: 32%; text-align: center;\"><a href=\"https:\/\/www.oeuvrequiparle.com\/decouverte\/?page_id=571\"><img loading=\"lazy\" decoding=\"async\" class=\"alignnone wp-image-622 size-full\" src=\"https:\/\/www.oeuvrequiparle.com\/decouverte\/wp-content\/uploads\/2015\/08\/Matisse-La-jpoie-de-vivre-sm.png\" alt=\"Henri Matisse\" width=\"161\" height=\"160\" srcset=\"https:\/\/www.oeuvrequiparle.com\/decouverte\/wp-content\/uploads\/2015\/08\/Matisse-La-jpoie-de-vivre-sm.png 161w, https:\/\/www.oeuvrequiparle.com\/decouverte\/wp-content\/uploads\/2015\/08\/Matisse-La-jpoie-de-vivre-sm-150x150.png 150w\" sizes=\"(max-width: 161px) 100vw, 161px\" \/><\/a><br \/>\n<a href=\"https:\/\/www.oeuvrequiparle.com\/decouverte\/?page_id=571\">Henri Matisse<\/a><\/td>\n<td style=\"width: 32%; text-align: center;\"><a href=\"https:\/\/www.oeuvrequiparle.com\/decouverte\/?page_id=577\"><img loading=\"lazy\" decoding=\"async\" class=\"alignnone wp-image-624 size-full\" src=\"https:\/\/www.oeuvrequiparle.com\/decouverte\/wp-content\/uploads\/2015\/08\/Hopper-Houserailroad-sm.jpg\" alt=\"Edward Hopper\" width=\"161\" height=\"160\" srcset=\"https:\/\/www.oeuvrequiparle.com\/decouverte\/wp-content\/uploads\/2015\/08\/Hopper-Houserailroad-sm.jpg 161w, https:\/\/www.oeuvrequiparle.com\/decouverte\/wp-content\/uploads\/2015\/08\/Hopper-Houserailroad-sm-150x150.jpg 150w\" sizes=\"(max-width: 161px) 100vw, 161px\" \/><\/a><br \/>\n<a href=\"https:\/\/www.oeuvrequiparle.com\/decouverte\/?page_id=577\">Edward Hopper<\/a><\/td>\n<td style=\"width: 32%; text-align: center;\"><a href=\"https:\/\/www.oeuvrequiparle.com\/decouverte\/?page_id=557\"><img loading=\"lazy\" decoding=\"async\" class=\"alignnone wp-image-625 size-full\" src=\"https:\/\/www.oeuvrequiparle.com\/decouverte\/wp-content\/uploads\/2015\/08\/La-tentation-Saint-Antoine-Dali-copie.png\" alt=\"Salvador Dali\" width=\"163\" height=\"160\" \/><\/a><br \/>\n<a href=\"https:\/\/www.oeuvrequiparle.com\/decouverte\/?page_id=557\">Salvador Dali<\/a><\/td>\n<\/tr>\n<\/tbody>\n<\/table>\n","protected":false},"excerpt":{"rendered":"<p>Les artistes historiques &#8211; de la renaissance \u00e0 l&rsquo;art conceptuel Nous vous souhaitons une bonne d\u00e9couverte&#8230; La dame \u00e0 la licorne L\u00e9onard de Vinci Rapha\u00ebl Sandro Botticelli Johannes Vermeer Hokusai Vincent Van Gogh Paul C\u00e9zanne Edgar Degas Claude Monet Auguste &hellip; <a href=\"https:\/\/www.oeuvrequiparle.com\/decouverte\/?page_id=598\">Continuer la lecture <span class=\"meta-nav\">&rarr;<\/span><\/a><\/p>\n","protected":false},"author":1,"featured_media":0,"parent":0,"menu_order":0,"comment_status":"open","ping_status":"open","template":"","meta":{"footnotes":""},"yoast_head":"<!-- This site is optimized with the Yoast SEO plugin v21.5 - https:\/\/yoast.com\/wordpress\/plugins\/seo\/ -->\n<title>2 - Les artistes historiques - de la renaissance \u00e0 l&#039;art conceptuel - L&#039;Encyclop\u00e9die sonore des Arts Visuels<\/title>\n<meta name=\"robots\" content=\"index, follow, max-snippet:-1, max-image-preview:large, max-video-preview:-1\" \/>\n<link rel=\"canonical\" href=\"https:\/\/www.oeuvrequiparle.com\/decouverte\/?page_id=598\" \/>\n<meta property=\"og:locale\" content=\"fr_FR\" \/>\n<meta property=\"og:type\" content=\"article\" \/>\n<meta property=\"og:title\" content=\"2 - Les artistes historiques - de la renaissance \u00e0 l&#039;art conceptuel - L&#039;Encyclop\u00e9die sonore des Arts Visuels\" \/>\n<meta property=\"og:description\" content=\"Les artistes historiques &#8211; de la renaissance \u00e0 l&rsquo;art conceptuel Nous vous souhaitons une bonne d\u00e9couverte&#8230; La dame \u00e0 la licorne L\u00e9onard de Vinci Rapha\u00ebl Sandro Botticelli Johannes Vermeer Hokusai Vincent Van Gogh Paul C\u00e9zanne Edgar Degas Claude Monet Auguste &hellip; Continuer la lecture &rarr;\" \/>\n<meta property=\"og:url\" content=\"https:\/\/www.oeuvrequiparle.com\/decouverte\/?page_id=598\" \/>\n<meta property=\"og:site_name\" content=\"L&#039;Encyclop\u00e9die sonore des Arts Visuels\" \/>\n<meta property=\"article:modified_time\" content=\"2015-09-10T18:56:09+00:00\" \/>\n<meta property=\"og:image\" content=\"https:\/\/www.oeuvrequiparle.com\/decouverte\/wp-content\/uploads\/2015\/08\/La-joconde-sm.jpg\" \/>\n<meta name=\"twitter:card\" content=\"summary_large_image\" \/>\n<script type=\"application\/ld+json\" class=\"yoast-schema-graph\">{\"@context\":\"https:\/\/schema.org\",\"@graph\":[{\"@type\":\"WebPage\",\"@id\":\"https:\/\/www.oeuvrequiparle.com\/decouverte\/?page_id=598\",\"url\":\"https:\/\/www.oeuvrequiparle.com\/decouverte\/?page_id=598\",\"name\":\"2 - Les artistes historiques - de la renaissance \u00e0 l'art conceptuel - L&#039;Encyclop\u00e9die sonore des Arts Visuels\",\"isPartOf\":{\"@id\":\"https:\/\/www.oeuvrequiparle.com\/decouverte\/#website\"},\"datePublished\":\"2015-08-16T11:43:20+00:00\",\"dateModified\":\"2015-09-10T18:56:09+00:00\",\"breadcrumb\":{\"@id\":\"https:\/\/www.oeuvrequiparle.com\/decouverte\/?page_id=598#breadcrumb\"},\"inLanguage\":\"fr-FR\",\"potentialAction\":[{\"@type\":\"ReadAction\",\"target\":[\"https:\/\/www.oeuvrequiparle.com\/decouverte\/?page_id=598\"]}]},{\"@type\":\"BreadcrumbList\",\"@id\":\"https:\/\/www.oeuvrequiparle.com\/decouverte\/?page_id=598#breadcrumb\",\"itemListElement\":[{\"@type\":\"ListItem\",\"position\":1,\"name\":\"Home\",\"item\":\"https:\/\/www.oeuvrequiparle.com\/decouverte\/\"},{\"@type\":\"ListItem\",\"position\":2,\"name\":\"2 &#8211; Les artistes historiques &#8211; de la renaissance \u00e0 l&rsquo;art conceptuel\"}]},{\"@type\":\"WebSite\",\"@id\":\"https:\/\/www.oeuvrequiparle.com\/decouverte\/#website\",\"url\":\"https:\/\/www.oeuvrequiparle.com\/decouverte\/\",\"name\":\"L&#039;Encyclop\u00e9die sonore des Arts Visuels\",\"description\":\"Par Active-Art\",\"potentialAction\":[{\"@type\":\"SearchAction\",\"target\":{\"@type\":\"EntryPoint\",\"urlTemplate\":\"https:\/\/www.oeuvrequiparle.com\/decouverte\/?s={search_term_string}\"},\"query-input\":\"required name=search_term_string\"}],\"inLanguage\":\"fr-FR\"}]}<\/script>\n<!-- \/ Yoast SEO plugin. -->","yoast_head_json":{"title":"2 - Les artistes historiques - de la renaissance \u00e0 l'art conceptuel - L&#039;Encyclop\u00e9die sonore des Arts Visuels","robots":{"index":"index","follow":"follow","max-snippet":"max-snippet:-1","max-image-preview":"max-image-preview:large","max-video-preview":"max-video-preview:-1"},"canonical":"https:\/\/www.oeuvrequiparle.com\/decouverte\/?page_id=598","og_locale":"fr_FR","og_type":"article","og_title":"2 - Les artistes historiques - de la renaissance \u00e0 l'art conceptuel - L&#039;Encyclop\u00e9die sonore des Arts Visuels","og_description":"Les artistes historiques &#8211; de la renaissance \u00e0 l&rsquo;art conceptuel Nous vous souhaitons une bonne d\u00e9couverte&#8230; La dame \u00e0 la licorne L\u00e9onard de Vinci Rapha\u00ebl Sandro Botticelli Johannes Vermeer Hokusai Vincent Van Gogh Paul C\u00e9zanne Edgar Degas Claude Monet Auguste &hellip; Continuer la lecture &rarr;","og_url":"https:\/\/www.oeuvrequiparle.com\/decouverte\/?page_id=598","og_site_name":"L&#039;Encyclop\u00e9die sonore des Arts Visuels","article_modified_time":"2015-09-10T18:56:09+00:00","og_image":[{"url":"https:\/\/www.oeuvrequiparle.com\/decouverte\/wp-content\/uploads\/2015\/08\/La-joconde-sm.jpg"}],"twitter_card":"summary_large_image","schema":{"@context":"https:\/\/schema.org","@graph":[{"@type":"WebPage","@id":"https:\/\/www.oeuvrequiparle.com\/decouverte\/?page_id=598","url":"https:\/\/www.oeuvrequiparle.com\/decouverte\/?page_id=598","name":"2 - Les artistes historiques - de la renaissance \u00e0 l'art conceptuel - L&#039;Encyclop\u00e9die sonore des Arts Visuels","isPartOf":{"@id":"https:\/\/www.oeuvrequiparle.com\/decouverte\/#website"},"datePublished":"2015-08-16T11:43:20+00:00","dateModified":"2015-09-10T18:56:09+00:00","breadcrumb":{"@id":"https:\/\/www.oeuvrequiparle.com\/decouverte\/?page_id=598#breadcrumb"},"inLanguage":"fr-FR","potentialAction":[{"@type":"ReadAction","target":["https:\/\/www.oeuvrequiparle.com\/decouverte\/?page_id=598"]}]},{"@type":"BreadcrumbList","@id":"https:\/\/www.oeuvrequiparle.com\/decouverte\/?page_id=598#breadcrumb","itemListElement":[{"@type":"ListItem","position":1,"name":"Home","item":"https:\/\/www.oeuvrequiparle.com\/decouverte\/"},{"@type":"ListItem","position":2,"name":"2 &#8211; Les artistes historiques &#8211; de la renaissance \u00e0 l&rsquo;art conceptuel"}]},{"@type":"WebSite","@id":"https:\/\/www.oeuvrequiparle.com\/decouverte\/#website","url":"https:\/\/www.oeuvrequiparle.com\/decouverte\/","name":"L&#039;Encyclop\u00e9die sonore des Arts Visuels","description":"Par Active-Art","potentialAction":[{"@type":"SearchAction","target":{"@type":"EntryPoint","urlTemplate":"https:\/\/www.oeuvrequiparle.com\/decouverte\/?s={search_term_string}"},"query-input":"required name=search_term_string"}],"inLanguage":"fr-FR"}]}},"_links":{"self":[{"href":"https:\/\/www.oeuvrequiparle.com\/decouverte\/index.php?rest_route=\/wp\/v2\/pages\/598"}],"collection":[{"href":"https:\/\/www.oeuvrequiparle.com\/decouverte\/index.php?rest_route=\/wp\/v2\/pages"}],"about":[{"href":"https:\/\/www.oeuvrequiparle.com\/decouverte\/index.php?rest_route=\/wp\/v2\/types\/page"}],"author":[{"embeddable":true,"href":"https:\/\/www.oeuvrequiparle.com\/decouverte\/index.php?rest_route=\/wp\/v2\/users\/1"}],"replies":[{"embeddable":true,"href":"https:\/\/www.oeuvrequiparle.com\/decouverte\/index.php?rest_route=%2Fwp%2Fv2%2Fcomments&post=598"}],"version-history":[{"count":8,"href":"https:\/\/www.oeuvrequiparle.com\/decouverte\/index.php?rest_route=\/wp\/v2\/pages\/598\/revisions"}],"predecessor-version":[{"id":610,"href":"https:\/\/www.oeuvrequiparle.com\/decouverte\/index.php?rest_route=\/wp\/v2\/pages\/598\/revisions\/610"}],"wp:attachment":[{"href":"https:\/\/www.oeuvrequiparle.com\/decouverte\/index.php?rest_route=%2Fwp%2Fv2%2Fmedia&parent=598"}],"curies":[{"name":"wp","href":"https:\/\/api.w.org\/{rel}","templated":true}]}}