{"id":680,"date":"2015-08-16T15:57:13","date_gmt":"2015-08-16T14:57:13","guid":{"rendered":"http:\/\/www.oeuvrequiparle.com\/decouverte\/?page_id=680"},"modified":"2016-11-04T18:18:59","modified_gmt":"2016-11-04T17:18:59","slug":"loeuvre-de-la-semaine","status":"publish","type":"page","link":"https:\/\/www.oeuvrequiparle.com\/decouverte\/?page_id=680","title":{"rendered":"Florence Keller, entre abstraction g\u00e9om\u00e9trique et paysages urbains"},"content":{"rendered":"<h1>Florence Keller, entre abstraction g\u00e9om\u00e9trique et paysages urbains<\/h1>\n<p style=\"text-align: justify;\">Florence Keller, artiste peintre h\u00e9riti\u00e8re du constructivisme de Kandinsky et de Mondrian, exploite la multiplicit\u00e9 des formes g\u00e9om\u00e9trique et des lignes graphiques en mettant en opposition les qualit\u00e9s picturales des mati\u00e8res, des couleurs et des formes. Ses \u0153uvres insufflent une temporalit\u00e9 issue du jeu des pleins et des vides.<\/p>\n<p style=\"text-align: center;\"><span style=\"color: #ff0000;\">Retrouvez le texte int\u00e9gral sur <span style=\"text-decoration: underline;\"><a style=\"color: #ff0000; text-decoration: underline;\" href=\"http:\/\/www.sarah-noteman.com\">www.sarah-noteman.com<\/a><\/span><\/span><\/p>\n<p style=\"text-align: center;\">Cliquer sur le bouton rouge pour lancer le commentaire audio.<\/p>\n<p style=\"text-align: center;\"><span style=\"color: #000000;\">\n<!-- iframe plugin v.4.8 wordpress.org\/plugins\/iframe\/ -->\n<iframe loading=\"lazy\" width=\"400\" height=\"638\" src=\"https:\/\/www.oeuvrequiparle.com\/iphone\/AA2412\" scrolling=\"yes\" class=\"iframe-class\" frameborder=\"0\"><\/iframe>\n<\/span><\/p>\n<p style=\"text-align: center;\"><span style=\"text-decoration: underline;\"><span style=\"color: #ff0000;\"><a style=\"color: #ff0000; text-decoration: underline;\" href=\"https:\/\/www.oeuvrequiparle.com\/decouverte\/?page_id=381\">Merci de r\u00e9agir apr\u00e8s l&rsquo;\u00e9coute : votre avis est important pour nous<\/a><\/span><\/span><\/p>\n<p><strong>Inscrivez-vous gratuitement \u00e0 l&rsquo;Encyclop\u00e9die sonore des Arts Visuels<\/strong><\/p>\n<p>Pour vous inscrire gratuitement \u00e0 l&rsquo;Encyclop\u00e9die sonore des Arts Visuels, merci de nous laisser votre Email dans le formulaire ci-dessous :<\/p>\n<p align=\"center\">\n<!-- iframe plugin v.4.8 wordpress.org\/plugins\/iframe\/ -->\n<iframe loading=\"lazy\" width=\"500\" height=\"110\" src=\"https:\/\/www.oeuvrequiparle.com\/decouverte\/forms\/form_decouverte_001.htm\" scrolling=\"yes\" class=\"iframe-class\" frameborder=\"0\"><\/iframe>\n<\/p>\n<h2><b>Faites d\u00e9couvrir l&rsquo;Encyclop\u00e9die sonore des Arts Visuels \u00e0 vos amis<\/b><\/h2>\n<p>Il vous suffit de saisir l&rsquo;Email de l&rsquo;une de vos connaissances pour lui envoyer une invitation \u00e0 d\u00e9couvrir l&rsquo;Encyclop\u00e9die des Arts Visuels. Aidez-nous \u00e0 faire progresser cette aventure passionnante.<\/p>\n<p align=\"center\">\n<!-- iframe plugin v.4.8 wordpress.org\/plugins\/iframe\/ -->\n<iframe loading=\"lazy\" width=\"500\" height=\"110\" src=\"https:\/\/www.oeuvrequiparle.com\/decouverte\/forms\/form_decouverte_002.htm\" scrolling=\"yes\" class=\"iframe-class\" frameborder=\"0\"><\/iframe>\n<\/p>\n","protected":false},"excerpt":{"rendered":"<p>Florence Keller, entre abstraction g\u00e9om\u00e9trique et paysages urbains Florence Keller, artiste peintre h\u00e9riti\u00e8re du constructivisme de Kandinsky et de Mondrian, exploite la multiplicit\u00e9 des formes g\u00e9om\u00e9trique et des lignes graphiques en mettant en opposition les qualit\u00e9s picturales des mati\u00e8res, des &hellip; <a href=\"https:\/\/www.oeuvrequiparle.com\/decouverte\/?page_id=680\">Continuer la lecture <span class=\"meta-nav\">&rarr;<\/span><\/a><\/p>\n","protected":false},"author":1,"featured_media":0,"parent":0,"menu_order":0,"comment_status":"open","ping_status":"open","template":"","meta":{"footnotes":""},"yoast_head":"<!-- This site is optimized with the Yoast SEO plugin v21.5 - https:\/\/yoast.com\/wordpress\/plugins\/seo\/ -->\n<title>Florence Keller, entre abstraction g\u00e9om\u00e9trique et paysages urbains - L&#039;Encyclop\u00e9die sonore des Arts Visuels<\/title>\n<meta name=\"robots\" content=\"index, follow, max-snippet:-1, max-image-preview:large, max-video-preview:-1\" \/>\n<link rel=\"canonical\" href=\"https:\/\/www.oeuvrequiparle.com\/decouverte\/?page_id=680\" \/>\n<meta property=\"og:locale\" content=\"fr_FR\" \/>\n<meta property=\"og:type\" content=\"article\" \/>\n<meta property=\"og:title\" content=\"Florence Keller, entre abstraction g\u00e9om\u00e9trique et paysages urbains - L&#039;Encyclop\u00e9die sonore des Arts Visuels\" \/>\n<meta property=\"og:description\" content=\"Florence Keller, entre abstraction g\u00e9om\u00e9trique et paysages urbains Florence Keller, artiste peintre h\u00e9riti\u00e8re du constructivisme de Kandinsky et de Mondrian, exploite la multiplicit\u00e9 des formes g\u00e9om\u00e9trique et des lignes graphiques en mettant en opposition les qualit\u00e9s picturales des mati\u00e8res, des &hellip; Continuer la lecture &rarr;\" \/>\n<meta property=\"og:url\" content=\"https:\/\/www.oeuvrequiparle.com\/decouverte\/?page_id=680\" \/>\n<meta property=\"og:site_name\" content=\"L&#039;Encyclop\u00e9die sonore des Arts Visuels\" \/>\n<meta property=\"article:modified_time\" content=\"2016-11-04T17:18:59+00:00\" \/>\n<meta name=\"twitter:card\" content=\"summary_large_image\" \/>\n<meta name=\"twitter:label1\" content=\"Dur\u00e9e de lecture estim\u00e9e\" \/>\n\t<meta name=\"twitter:data1\" content=\"1 minute\" \/>\n<script type=\"application\/ld+json\" class=\"yoast-schema-graph\">{\"@context\":\"https:\/\/schema.org\",\"@graph\":[{\"@type\":\"WebPage\",\"@id\":\"https:\/\/www.oeuvrequiparle.com\/decouverte\/?page_id=680\",\"url\":\"https:\/\/www.oeuvrequiparle.com\/decouverte\/?page_id=680\",\"name\":\"Florence Keller, entre abstraction g\u00e9om\u00e9trique et paysages urbains - L&#039;Encyclop\u00e9die sonore des Arts Visuels\",\"isPartOf\":{\"@id\":\"https:\/\/www.oeuvrequiparle.com\/decouverte\/#website\"},\"datePublished\":\"2015-08-16T14:57:13+00:00\",\"dateModified\":\"2016-11-04T17:18:59+00:00\",\"breadcrumb\":{\"@id\":\"https:\/\/www.oeuvrequiparle.com\/decouverte\/?page_id=680#breadcrumb\"},\"inLanguage\":\"fr-FR\",\"potentialAction\":[{\"@type\":\"ReadAction\",\"target\":[\"https:\/\/www.oeuvrequiparle.com\/decouverte\/?page_id=680\"]}]},{\"@type\":\"BreadcrumbList\",\"@id\":\"https:\/\/www.oeuvrequiparle.com\/decouverte\/?page_id=680#breadcrumb\",\"itemListElement\":[{\"@type\":\"ListItem\",\"position\":1,\"name\":\"Home\",\"item\":\"https:\/\/www.oeuvrequiparle.com\/decouverte\/\"},{\"@type\":\"ListItem\",\"position\":2,\"name\":\"Florence Keller, entre abstraction g\u00e9om\u00e9trique et paysages urbains\"}]},{\"@type\":\"WebSite\",\"@id\":\"https:\/\/www.oeuvrequiparle.com\/decouverte\/#website\",\"url\":\"https:\/\/www.oeuvrequiparle.com\/decouverte\/\",\"name\":\"L&#039;Encyclop\u00e9die sonore des Arts Visuels\",\"description\":\"Par Active-Art\",\"potentialAction\":[{\"@type\":\"SearchAction\",\"target\":{\"@type\":\"EntryPoint\",\"urlTemplate\":\"https:\/\/www.oeuvrequiparle.com\/decouverte\/?s={search_term_string}\"},\"query-input\":\"required name=search_term_string\"}],\"inLanguage\":\"fr-FR\"}]}<\/script>\n<!-- \/ Yoast SEO plugin. -->","yoast_head_json":{"title":"Florence Keller, entre abstraction g\u00e9om\u00e9trique et paysages urbains - L&#039;Encyclop\u00e9die sonore des Arts Visuels","robots":{"index":"index","follow":"follow","max-snippet":"max-snippet:-1","max-image-preview":"max-image-preview:large","max-video-preview":"max-video-preview:-1"},"canonical":"https:\/\/www.oeuvrequiparle.com\/decouverte\/?page_id=680","og_locale":"fr_FR","og_type":"article","og_title":"Florence Keller, entre abstraction g\u00e9om\u00e9trique et paysages urbains - L&#039;Encyclop\u00e9die sonore des Arts Visuels","og_description":"Florence Keller, entre abstraction g\u00e9om\u00e9trique et paysages urbains Florence Keller, artiste peintre h\u00e9riti\u00e8re du constructivisme de Kandinsky et de Mondrian, exploite la multiplicit\u00e9 des formes g\u00e9om\u00e9trique et des lignes graphiques en mettant en opposition les qualit\u00e9s picturales des mati\u00e8res, des &hellip; Continuer la lecture &rarr;","og_url":"https:\/\/www.oeuvrequiparle.com\/decouverte\/?page_id=680","og_site_name":"L&#039;Encyclop\u00e9die sonore des Arts Visuels","article_modified_time":"2016-11-04T17:18:59+00:00","twitter_card":"summary_large_image","twitter_misc":{"Dur\u00e9e de lecture estim\u00e9e":"1 minute"},"schema":{"@context":"https:\/\/schema.org","@graph":[{"@type":"WebPage","@id":"https:\/\/www.oeuvrequiparle.com\/decouverte\/?page_id=680","url":"https:\/\/www.oeuvrequiparle.com\/decouverte\/?page_id=680","name":"Florence Keller, entre abstraction g\u00e9om\u00e9trique et paysages urbains - L&#039;Encyclop\u00e9die sonore des Arts Visuels","isPartOf":{"@id":"https:\/\/www.oeuvrequiparle.com\/decouverte\/#website"},"datePublished":"2015-08-16T14:57:13+00:00","dateModified":"2016-11-04T17:18:59+00:00","breadcrumb":{"@id":"https:\/\/www.oeuvrequiparle.com\/decouverte\/?page_id=680#breadcrumb"},"inLanguage":"fr-FR","potentialAction":[{"@type":"ReadAction","target":["https:\/\/www.oeuvrequiparle.com\/decouverte\/?page_id=680"]}]},{"@type":"BreadcrumbList","@id":"https:\/\/www.oeuvrequiparle.com\/decouverte\/?page_id=680#breadcrumb","itemListElement":[{"@type":"ListItem","position":1,"name":"Home","item":"https:\/\/www.oeuvrequiparle.com\/decouverte\/"},{"@type":"ListItem","position":2,"name":"Florence Keller, entre abstraction g\u00e9om\u00e9trique et paysages urbains"}]},{"@type":"WebSite","@id":"https:\/\/www.oeuvrequiparle.com\/decouverte\/#website","url":"https:\/\/www.oeuvrequiparle.com\/decouverte\/","name":"L&#039;Encyclop\u00e9die sonore des Arts Visuels","description":"Par Active-Art","potentialAction":[{"@type":"SearchAction","target":{"@type":"EntryPoint","urlTemplate":"https:\/\/www.oeuvrequiparle.com\/decouverte\/?s={search_term_string}"},"query-input":"required name=search_term_string"}],"inLanguage":"fr-FR"}]}},"_links":{"self":[{"href":"https:\/\/www.oeuvrequiparle.com\/decouverte\/index.php?rest_route=\/wp\/v2\/pages\/680"}],"collection":[{"href":"https:\/\/www.oeuvrequiparle.com\/decouverte\/index.php?rest_route=\/wp\/v2\/pages"}],"about":[{"href":"https:\/\/www.oeuvrequiparle.com\/decouverte\/index.php?rest_route=\/wp\/v2\/types\/page"}],"author":[{"embeddable":true,"href":"https:\/\/www.oeuvrequiparle.com\/decouverte\/index.php?rest_route=\/wp\/v2\/users\/1"}],"replies":[{"embeddable":true,"href":"https:\/\/www.oeuvrequiparle.com\/decouverte\/index.php?rest_route=%2Fwp%2Fv2%2Fcomments&post=680"}],"version-history":[{"count":15,"href":"https:\/\/www.oeuvrequiparle.com\/decouverte\/index.php?rest_route=\/wp\/v2\/pages\/680\/revisions"}],"predecessor-version":[{"id":990,"href":"https:\/\/www.oeuvrequiparle.com\/decouverte\/index.php?rest_route=\/wp\/v2\/pages\/680\/revisions\/990"}],"wp:attachment":[{"href":"https:\/\/www.oeuvrequiparle.com\/decouverte\/index.php?rest_route=%2Fwp%2Fv2%2Fmedia&parent=680"}],"curies":[{"name":"wp","href":"https:\/\/api.w.org\/{rel}","templated":true}]}}