{"id":692,"date":"2015-09-10T19:57:25","date_gmt":"2015-09-10T18:57:25","guid":{"rendered":"http:\/\/www.oeuvrequiparle.com\/decouverte\/?page_id=692"},"modified":"2015-09-10T19:57:25","modified_gmt":"2015-09-10T18:57:25","slug":"a130-oeuvres-a-jeux-optiques-subjectifs","status":"publish","type":"page","link":"https:\/\/www.oeuvrequiparle.com\/decouverte\/?page_id=692","title":{"rendered":"A130 : Oeuvres \u00e0 jeux optiques subjectifs"},"content":{"rendered":"<h3><strong>A130 : Oeuvres \u00e0 jeux optiques subjectifs<\/strong><\/h3>\n<h3><strong><span style=\"color: #ffffff;\">. \u00a0<\/span><\/strong><\/h3>\n<p style=\"text-align: justify;\">\n<!-- iframe plugin v.4.8 wordpress.org\/plugins\/iframe\/ -->\n<iframe loading=\"lazy\" width=\"690\" height=\"230\" src=\"https:\/\/www.oeuvrequiparle.com\/VA0130\" scrolling=\"yes\" class=\"iframe-class\" frameborder=\"0\"><\/iframe>\n<\/p>\n<p style=\"text-align: justify;\">suivant les agencements de couleurs et\/ou de formes dans ces oeuvres, l\u2019imperfection de l\u2019oeil humain fait qu\u2019il les per\u00e7oit avec des distorsions (photos et \u00ab\u00a0installations\u00a0\u00bb de Georges Rousse, Felice Varini, \u2026), ou avec des mouvements fictifs, comme dans \u00ab\u00a0l\u2019Art cin\u00e9tique\u00a0\u00bb \u00ab\u00a0l\u2019Op\u2019Art\u00a0\u00bb (Y. Agam, Victor Vasarely, C. Cruz Diez, J.R. Soto, Bridjet Riley, \u2026).\u00a0par Am\u00e9lie Adamo.<\/p>\n","protected":false},"excerpt":{"rendered":"<p>A130 : Oeuvres \u00e0 jeux optiques subjectifs . \u00a0 suivant les agencements de couleurs et\/ou de formes dans ces oeuvres, l\u2019imperfection de l\u2019oeil humain fait qu\u2019il les per\u00e7oit avec des distorsions (photos et \u00ab\u00a0installations\u00a0\u00bb de Georges Rousse, Felice Varini, \u2026), &hellip; <a href=\"https:\/\/www.oeuvrequiparle.com\/decouverte\/?page_id=692\">Continuer la lecture <span class=\"meta-nav\">&rarr;<\/span><\/a><\/p>\n","protected":false},"author":1,"featured_media":0,"parent":0,"menu_order":0,"comment_status":"open","ping_status":"open","template":"","meta":{"footnotes":""},"yoast_head":"<!-- This site is optimized with the Yoast SEO plugin v21.5 - https:\/\/yoast.com\/wordpress\/plugins\/seo\/ -->\n<title>A130 : Oeuvres \u00e0 jeux optiques subjectifs - L&#039;Encyclop\u00e9die sonore des Arts Visuels<\/title>\n<meta name=\"robots\" content=\"index, follow, max-snippet:-1, max-image-preview:large, max-video-preview:-1\" \/>\n<link rel=\"canonical\" href=\"https:\/\/www.oeuvrequiparle.com\/decouverte\/?page_id=692\" \/>\n<meta property=\"og:locale\" content=\"fr_FR\" \/>\n<meta property=\"og:type\" content=\"article\" \/>\n<meta property=\"og:title\" content=\"A130 : Oeuvres \u00e0 jeux optiques subjectifs - L&#039;Encyclop\u00e9die sonore des Arts Visuels\" \/>\n<meta property=\"og:description\" content=\"A130 : Oeuvres \u00e0 jeux optiques subjectifs . \u00a0 suivant les agencements de couleurs et\/ou de formes dans ces oeuvres, l\u2019imperfection de l\u2019oeil humain fait qu\u2019il les per\u00e7oit avec des distorsions (photos et \u00ab\u00a0installations\u00a0\u00bb de Georges Rousse, Felice Varini, \u2026), &hellip; Continuer la lecture &rarr;\" \/>\n<meta property=\"og:url\" content=\"https:\/\/www.oeuvrequiparle.com\/decouverte\/?page_id=692\" \/>\n<meta property=\"og:site_name\" content=\"L&#039;Encyclop\u00e9die sonore des Arts Visuels\" \/>\n<meta name=\"twitter:card\" content=\"summary_large_image\" \/>\n<script type=\"application\/ld+json\" class=\"yoast-schema-graph\">{\"@context\":\"https:\/\/schema.org\",\"@graph\":[{\"@type\":\"WebPage\",\"@id\":\"https:\/\/www.oeuvrequiparle.com\/decouverte\/?page_id=692\",\"url\":\"https:\/\/www.oeuvrequiparle.com\/decouverte\/?page_id=692\",\"name\":\"A130 : Oeuvres \u00e0 jeux optiques subjectifs - L&#039;Encyclop\u00e9die sonore des Arts Visuels\",\"isPartOf\":{\"@id\":\"https:\/\/www.oeuvrequiparle.com\/decouverte\/#website\"},\"datePublished\":\"2015-09-10T18:57:25+00:00\",\"dateModified\":\"2015-09-10T18:57:25+00:00\",\"breadcrumb\":{\"@id\":\"https:\/\/www.oeuvrequiparle.com\/decouverte\/?page_id=692#breadcrumb\"},\"inLanguage\":\"fr-FR\",\"potentialAction\":[{\"@type\":\"ReadAction\",\"target\":[\"https:\/\/www.oeuvrequiparle.com\/decouverte\/?page_id=692\"]}]},{\"@type\":\"BreadcrumbList\",\"@id\":\"https:\/\/www.oeuvrequiparle.com\/decouverte\/?page_id=692#breadcrumb\",\"itemListElement\":[{\"@type\":\"ListItem\",\"position\":1,\"name\":\"Home\",\"item\":\"https:\/\/www.oeuvrequiparle.com\/decouverte\/\"},{\"@type\":\"ListItem\",\"position\":2,\"name\":\"A130 : Oeuvres \u00e0 jeux optiques subjectifs\"}]},{\"@type\":\"WebSite\",\"@id\":\"https:\/\/www.oeuvrequiparle.com\/decouverte\/#website\",\"url\":\"https:\/\/www.oeuvrequiparle.com\/decouverte\/\",\"name\":\"L&#039;Encyclop\u00e9die sonore des Arts Visuels\",\"description\":\"Par Active-Art\",\"potentialAction\":[{\"@type\":\"SearchAction\",\"target\":{\"@type\":\"EntryPoint\",\"urlTemplate\":\"https:\/\/www.oeuvrequiparle.com\/decouverte\/?s={search_term_string}\"},\"query-input\":\"required name=search_term_string\"}],\"inLanguage\":\"fr-FR\"}]}<\/script>\n<!-- \/ Yoast SEO plugin. -->","yoast_head_json":{"title":"A130 : Oeuvres \u00e0 jeux optiques subjectifs - L&#039;Encyclop\u00e9die sonore des Arts Visuels","robots":{"index":"index","follow":"follow","max-snippet":"max-snippet:-1","max-image-preview":"max-image-preview:large","max-video-preview":"max-video-preview:-1"},"canonical":"https:\/\/www.oeuvrequiparle.com\/decouverte\/?page_id=692","og_locale":"fr_FR","og_type":"article","og_title":"A130 : Oeuvres \u00e0 jeux optiques subjectifs - L&#039;Encyclop\u00e9die sonore des Arts Visuels","og_description":"A130 : Oeuvres \u00e0 jeux optiques subjectifs . \u00a0 suivant les agencements de couleurs et\/ou de formes dans ces oeuvres, l\u2019imperfection de l\u2019oeil humain fait qu\u2019il les per\u00e7oit avec des distorsions (photos et \u00ab\u00a0installations\u00a0\u00bb de Georges Rousse, Felice Varini, \u2026), &hellip; Continuer la lecture &rarr;","og_url":"https:\/\/www.oeuvrequiparle.com\/decouverte\/?page_id=692","og_site_name":"L&#039;Encyclop\u00e9die sonore des Arts Visuels","twitter_card":"summary_large_image","schema":{"@context":"https:\/\/schema.org","@graph":[{"@type":"WebPage","@id":"https:\/\/www.oeuvrequiparle.com\/decouverte\/?page_id=692","url":"https:\/\/www.oeuvrequiparle.com\/decouverte\/?page_id=692","name":"A130 : Oeuvres \u00e0 jeux optiques subjectifs - L&#039;Encyclop\u00e9die sonore des Arts Visuels","isPartOf":{"@id":"https:\/\/www.oeuvrequiparle.com\/decouverte\/#website"},"datePublished":"2015-09-10T18:57:25+00:00","dateModified":"2015-09-10T18:57:25+00:00","breadcrumb":{"@id":"https:\/\/www.oeuvrequiparle.com\/decouverte\/?page_id=692#breadcrumb"},"inLanguage":"fr-FR","potentialAction":[{"@type":"ReadAction","target":["https:\/\/www.oeuvrequiparle.com\/decouverte\/?page_id=692"]}]},{"@type":"BreadcrumbList","@id":"https:\/\/www.oeuvrequiparle.com\/decouverte\/?page_id=692#breadcrumb","itemListElement":[{"@type":"ListItem","position":1,"name":"Home","item":"https:\/\/www.oeuvrequiparle.com\/decouverte\/"},{"@type":"ListItem","position":2,"name":"A130 : Oeuvres \u00e0 jeux optiques subjectifs"}]},{"@type":"WebSite","@id":"https:\/\/www.oeuvrequiparle.com\/decouverte\/#website","url":"https:\/\/www.oeuvrequiparle.com\/decouverte\/","name":"L&#039;Encyclop\u00e9die sonore des Arts Visuels","description":"Par Active-Art","potentialAction":[{"@type":"SearchAction","target":{"@type":"EntryPoint","urlTemplate":"https:\/\/www.oeuvrequiparle.com\/decouverte\/?s={search_term_string}"},"query-input":"required name=search_term_string"}],"inLanguage":"fr-FR"}]}},"_links":{"self":[{"href":"https:\/\/www.oeuvrequiparle.com\/decouverte\/index.php?rest_route=\/wp\/v2\/pages\/692"}],"collection":[{"href":"https:\/\/www.oeuvrequiparle.com\/decouverte\/index.php?rest_route=\/wp\/v2\/pages"}],"about":[{"href":"https:\/\/www.oeuvrequiparle.com\/decouverte\/index.php?rest_route=\/wp\/v2\/types\/page"}],"author":[{"embeddable":true,"href":"https:\/\/www.oeuvrequiparle.com\/decouverte\/index.php?rest_route=\/wp\/v2\/users\/1"}],"replies":[{"embeddable":true,"href":"https:\/\/www.oeuvrequiparle.com\/decouverte\/index.php?rest_route=%2Fwp%2Fv2%2Fcomments&post=692"}],"version-history":[{"count":2,"href":"https:\/\/www.oeuvrequiparle.com\/decouverte\/index.php?rest_route=\/wp\/v2\/pages\/692\/revisions"}],"predecessor-version":[{"id":890,"href":"https:\/\/www.oeuvrequiparle.com\/decouverte\/index.php?rest_route=\/wp\/v2\/pages\/692\/revisions\/890"}],"wp:attachment":[{"href":"https:\/\/www.oeuvrequiparle.com\/decouverte\/index.php?rest_route=%2Fwp%2Fv2%2Fmedia&parent=692"}],"curies":[{"name":"wp","href":"https:\/\/api.w.org\/{rel}","templated":true}]}}