{"id":700,"date":"2015-09-10T19:58:43","date_gmt":"2015-09-10T18:58:43","guid":{"rendered":"http:\/\/www.oeuvrequiparle.com\/decouverte\/?page_id=700"},"modified":"2015-09-10T19:58:43","modified_gmt":"2015-09-10T18:58:43","slug":"a180-abstraction-non-construit-informel","status":"publish","type":"page","link":"https:\/\/www.oeuvrequiparle.com\/decouverte\/?page_id=700","title":{"rendered":"A180 : Abstraction, non construit informel"},"content":{"rendered":"<h3><strong>A180 : Abstraction, non construit informel<\/strong><\/h3>\n<h3><strong><span style=\"color: #ffffff;\">\u00a0 \u00a0. \u00a0<\/span><\/strong><\/h3>\n\n<!-- iframe plugin v.4.8 wordpress.org\/plugins\/iframe\/ -->\n<iframe loading=\"lazy\" width=\"690\" height=\"230\" src=\"https:\/\/www.oeuvrequiparle.com\/VA0180\" scrolling=\"yes\" class=\"iframe-class\" frameborder=\"0\"><\/iframe>\n\n<p style=\"text-align: justify;\">mati\u00e8res \/ taches.\u00a0Du plus \u00ab\u00a0Nuagiste\u00a0\u00bb au plus \u00ab\u00a0Mati\u00e8riste\u00a0\u00bb, tous les jeux sur les subtilit\u00e9s de la mati\u00e8re picturale et ses espaces color\u00e9s (Zao Wou Ki, Sam Francis, Ben-Rath, \u2026) par Marion Kling.<\/p>\n","protected":false},"excerpt":{"rendered":"<p>A180 : Abstraction, non construit informel \u00a0 \u00a0. \u00a0 mati\u00e8res \/ taches.\u00a0Du plus \u00ab\u00a0Nuagiste\u00a0\u00bb au plus \u00ab\u00a0Mati\u00e8riste\u00a0\u00bb, tous les jeux sur les subtilit\u00e9s de la mati\u00e8re picturale et ses espaces color\u00e9s (Zao Wou Ki, Sam Francis, Ben-Rath, \u2026) par Marion &hellip; <a href=\"https:\/\/www.oeuvrequiparle.com\/decouverte\/?page_id=700\">Continuer la lecture <span class=\"meta-nav\">&rarr;<\/span><\/a><\/p>\n","protected":false},"author":1,"featured_media":0,"parent":0,"menu_order":0,"comment_status":"open","ping_status":"open","template":"","meta":{"footnotes":""},"yoast_head":"<!-- This site is optimized with the Yoast SEO plugin v21.5 - https:\/\/yoast.com\/wordpress\/plugins\/seo\/ -->\n<title>A180 : Abstraction, non construit informel - L&#039;Encyclop\u00e9die sonore des Arts Visuels<\/title>\n<meta name=\"robots\" content=\"index, follow, max-snippet:-1, max-image-preview:large, max-video-preview:-1\" \/>\n<link rel=\"canonical\" href=\"https:\/\/www.oeuvrequiparle.com\/decouverte\/?page_id=700\" \/>\n<meta property=\"og:locale\" content=\"fr_FR\" \/>\n<meta property=\"og:type\" content=\"article\" \/>\n<meta property=\"og:title\" content=\"A180 : Abstraction, non construit informel - L&#039;Encyclop\u00e9die sonore des Arts Visuels\" \/>\n<meta property=\"og:description\" content=\"A180 : Abstraction, non construit informel \u00a0 \u00a0. \u00a0 mati\u00e8res \/ taches.\u00a0Du plus \u00ab\u00a0Nuagiste\u00a0\u00bb au plus \u00ab\u00a0Mati\u00e8riste\u00a0\u00bb, tous les jeux sur les subtilit\u00e9s de la mati\u00e8re picturale et ses espaces color\u00e9s (Zao Wou Ki, Sam Francis, Ben-Rath, \u2026) par Marion &hellip; Continuer la lecture &rarr;\" \/>\n<meta property=\"og:url\" content=\"https:\/\/www.oeuvrequiparle.com\/decouverte\/?page_id=700\" \/>\n<meta property=\"og:site_name\" content=\"L&#039;Encyclop\u00e9die sonore des Arts Visuels\" \/>\n<meta name=\"twitter:card\" content=\"summary_large_image\" \/>\n<script type=\"application\/ld+json\" class=\"yoast-schema-graph\">{\"@context\":\"https:\/\/schema.org\",\"@graph\":[{\"@type\":\"WebPage\",\"@id\":\"https:\/\/www.oeuvrequiparle.com\/decouverte\/?page_id=700\",\"url\":\"https:\/\/www.oeuvrequiparle.com\/decouverte\/?page_id=700\",\"name\":\"A180 : Abstraction, non construit informel - L&#039;Encyclop\u00e9die sonore des Arts Visuels\",\"isPartOf\":{\"@id\":\"https:\/\/www.oeuvrequiparle.com\/decouverte\/#website\"},\"datePublished\":\"2015-09-10T18:58:43+00:00\",\"dateModified\":\"2015-09-10T18:58:43+00:00\",\"breadcrumb\":{\"@id\":\"https:\/\/www.oeuvrequiparle.com\/decouverte\/?page_id=700#breadcrumb\"},\"inLanguage\":\"fr-FR\",\"potentialAction\":[{\"@type\":\"ReadAction\",\"target\":[\"https:\/\/www.oeuvrequiparle.com\/decouverte\/?page_id=700\"]}]},{\"@type\":\"BreadcrumbList\",\"@id\":\"https:\/\/www.oeuvrequiparle.com\/decouverte\/?page_id=700#breadcrumb\",\"itemListElement\":[{\"@type\":\"ListItem\",\"position\":1,\"name\":\"Home\",\"item\":\"https:\/\/www.oeuvrequiparle.com\/decouverte\/\"},{\"@type\":\"ListItem\",\"position\":2,\"name\":\"A180 : Abstraction, non construit informel\"}]},{\"@type\":\"WebSite\",\"@id\":\"https:\/\/www.oeuvrequiparle.com\/decouverte\/#website\",\"url\":\"https:\/\/www.oeuvrequiparle.com\/decouverte\/\",\"name\":\"L&#039;Encyclop\u00e9die sonore des Arts Visuels\",\"description\":\"Par Active-Art\",\"potentialAction\":[{\"@type\":\"SearchAction\",\"target\":{\"@type\":\"EntryPoint\",\"urlTemplate\":\"https:\/\/www.oeuvrequiparle.com\/decouverte\/?s={search_term_string}\"},\"query-input\":\"required name=search_term_string\"}],\"inLanguage\":\"fr-FR\"}]}<\/script>\n<!-- \/ Yoast SEO plugin. -->","yoast_head_json":{"title":"A180 : Abstraction, non construit informel - L&#039;Encyclop\u00e9die sonore des Arts Visuels","robots":{"index":"index","follow":"follow","max-snippet":"max-snippet:-1","max-image-preview":"max-image-preview:large","max-video-preview":"max-video-preview:-1"},"canonical":"https:\/\/www.oeuvrequiparle.com\/decouverte\/?page_id=700","og_locale":"fr_FR","og_type":"article","og_title":"A180 : Abstraction, non construit informel - L&#039;Encyclop\u00e9die sonore des Arts Visuels","og_description":"A180 : Abstraction, non construit informel \u00a0 \u00a0. \u00a0 mati\u00e8res \/ taches.\u00a0Du plus \u00ab\u00a0Nuagiste\u00a0\u00bb au plus \u00ab\u00a0Mati\u00e8riste\u00a0\u00bb, tous les jeux sur les subtilit\u00e9s de la mati\u00e8re picturale et ses espaces color\u00e9s (Zao Wou Ki, Sam Francis, Ben-Rath, \u2026) par Marion &hellip; Continuer la lecture &rarr;","og_url":"https:\/\/www.oeuvrequiparle.com\/decouverte\/?page_id=700","og_site_name":"L&#039;Encyclop\u00e9die sonore des Arts Visuels","twitter_card":"summary_large_image","schema":{"@context":"https:\/\/schema.org","@graph":[{"@type":"WebPage","@id":"https:\/\/www.oeuvrequiparle.com\/decouverte\/?page_id=700","url":"https:\/\/www.oeuvrequiparle.com\/decouverte\/?page_id=700","name":"A180 : Abstraction, non construit informel - L&#039;Encyclop\u00e9die sonore des Arts Visuels","isPartOf":{"@id":"https:\/\/www.oeuvrequiparle.com\/decouverte\/#website"},"datePublished":"2015-09-10T18:58:43+00:00","dateModified":"2015-09-10T18:58:43+00:00","breadcrumb":{"@id":"https:\/\/www.oeuvrequiparle.com\/decouverte\/?page_id=700#breadcrumb"},"inLanguage":"fr-FR","potentialAction":[{"@type":"ReadAction","target":["https:\/\/www.oeuvrequiparle.com\/decouverte\/?page_id=700"]}]},{"@type":"BreadcrumbList","@id":"https:\/\/www.oeuvrequiparle.com\/decouverte\/?page_id=700#breadcrumb","itemListElement":[{"@type":"ListItem","position":1,"name":"Home","item":"https:\/\/www.oeuvrequiparle.com\/decouverte\/"},{"@type":"ListItem","position":2,"name":"A180 : Abstraction, non construit informel"}]},{"@type":"WebSite","@id":"https:\/\/www.oeuvrequiparle.com\/decouverte\/#website","url":"https:\/\/www.oeuvrequiparle.com\/decouverte\/","name":"L&#039;Encyclop\u00e9die sonore des Arts Visuels","description":"Par Active-Art","potentialAction":[{"@type":"SearchAction","target":{"@type":"EntryPoint","urlTemplate":"https:\/\/www.oeuvrequiparle.com\/decouverte\/?s={search_term_string}"},"query-input":"required name=search_term_string"}],"inLanguage":"fr-FR"}]}},"_links":{"self":[{"href":"https:\/\/www.oeuvrequiparle.com\/decouverte\/index.php?rest_route=\/wp\/v2\/pages\/700"}],"collection":[{"href":"https:\/\/www.oeuvrequiparle.com\/decouverte\/index.php?rest_route=\/wp\/v2\/pages"}],"about":[{"href":"https:\/\/www.oeuvrequiparle.com\/decouverte\/index.php?rest_route=\/wp\/v2\/types\/page"}],"author":[{"embeddable":true,"href":"https:\/\/www.oeuvrequiparle.com\/decouverte\/index.php?rest_route=\/wp\/v2\/users\/1"}],"replies":[{"embeddable":true,"href":"https:\/\/www.oeuvrequiparle.com\/decouverte\/index.php?rest_route=%2Fwp%2Fv2%2Fcomments&post=700"}],"version-history":[{"count":1,"href":"https:\/\/www.oeuvrequiparle.com\/decouverte\/index.php?rest_route=\/wp\/v2\/pages\/700\/revisions"}],"predecessor-version":[{"id":701,"href":"https:\/\/www.oeuvrequiparle.com\/decouverte\/index.php?rest_route=\/wp\/v2\/pages\/700\/revisions\/701"}],"wp:attachment":[{"href":"https:\/\/www.oeuvrequiparle.com\/decouverte\/index.php?rest_route=%2Fwp%2Fv2%2Fmedia&parent=700"}],"curies":[{"name":"wp","href":"https:\/\/api.w.org\/{rel}","templated":true}]}}