{"id":711,"date":"2015-09-10T20:00:15","date_gmt":"2015-09-10T19:00:15","guid":{"rendered":"http:\/\/www.oeuvrequiparle.com\/decouverte\/?page_id=711"},"modified":"2015-09-10T20:00:15","modified_gmt":"2015-09-10T19:00:15","slug":"a240-allusif-inclusion-de-figures-ou-dobjets-reels-dans-labstrait","status":"publish","type":"page","link":"https:\/\/www.oeuvrequiparle.com\/decouverte\/?page_id=711","title":{"rendered":"A240 : Allusif, inclusion de figures (ou d\u2019objets r\u00e9els) dans l\u2019abstrait"},"content":{"rendered":"<h3><strong>A240 : Allusif, inclusion de figures (ou d\u2019objets r\u00e9els) dans l\u2019abstrait\u00a0<\/strong><\/h3>\n<h3><strong><span style=\"color: #ffffff;\">\u00a0 \u00a0. \u00a0<\/span><\/strong><\/h3>\n\n<!-- iframe plugin v.4.8 wordpress.org\/plugins\/iframe\/ -->\n<iframe loading=\"lazy\" width=\"690\" height=\"230\" src=\"https:\/\/www.oeuvrequiparle.com\/VA0240\" scrolling=\"yes\" class=\"iframe-class\" frameborder=\"0\"><\/iframe>\n\n<p>Figurations plus ou moins r\u00e9alistes, plus ou moins importantes, mais toujours en tant que d\u00e9tails dans un ensemble restant globalement abstrait (Fernand L\u00e9ger, Jan Voss, Antoni T\u00e0pies, W. De Kooning, les \u00ab\u00a0combine paintings\u00a0\u00bb de R. Rauschenberg, \u2026)\u00a0par Lauranne Corneau.<\/p>\n","protected":false},"excerpt":{"rendered":"<p>A240 : Allusif, inclusion de figures (ou d\u2019objets r\u00e9els) dans l\u2019abstrait\u00a0 \u00a0 \u00a0. \u00a0 Figurations plus ou moins r\u00e9alistes, plus ou moins importantes, mais toujours en tant que d\u00e9tails dans un ensemble restant globalement abstrait (Fernand L\u00e9ger, Jan Voss, Antoni &hellip; <a href=\"https:\/\/www.oeuvrequiparle.com\/decouverte\/?page_id=711\">Continuer la lecture <span class=\"meta-nav\">&rarr;<\/span><\/a><\/p>\n","protected":false},"author":1,"featured_media":0,"parent":0,"menu_order":0,"comment_status":"open","ping_status":"open","template":"","meta":{"footnotes":""},"yoast_head":"<!-- This site is optimized with the Yoast SEO plugin v21.5 - https:\/\/yoast.com\/wordpress\/plugins\/seo\/ -->\n<title>A240 : Allusif, inclusion de figures (ou d\u2019objets r\u00e9els) dans l\u2019abstrait - L&#039;Encyclop\u00e9die sonore des Arts Visuels<\/title>\n<meta name=\"robots\" content=\"index, follow, max-snippet:-1, max-image-preview:large, max-video-preview:-1\" \/>\n<link rel=\"canonical\" href=\"https:\/\/www.oeuvrequiparle.com\/decouverte\/?page_id=711\" \/>\n<meta property=\"og:locale\" content=\"fr_FR\" \/>\n<meta property=\"og:type\" content=\"article\" \/>\n<meta property=\"og:title\" content=\"A240 : Allusif, inclusion de figures (ou d\u2019objets r\u00e9els) dans l\u2019abstrait - L&#039;Encyclop\u00e9die sonore des Arts Visuels\" \/>\n<meta property=\"og:description\" content=\"A240 : Allusif, inclusion de figures (ou d\u2019objets r\u00e9els) dans l\u2019abstrait\u00a0 \u00a0 \u00a0. \u00a0 Figurations plus ou moins r\u00e9alistes, plus ou moins importantes, mais toujours en tant que d\u00e9tails dans un ensemble restant globalement abstrait (Fernand L\u00e9ger, Jan Voss, Antoni &hellip; Continuer la lecture &rarr;\" \/>\n<meta property=\"og:url\" content=\"https:\/\/www.oeuvrequiparle.com\/decouverte\/?page_id=711\" \/>\n<meta property=\"og:site_name\" content=\"L&#039;Encyclop\u00e9die sonore des Arts Visuels\" \/>\n<meta name=\"twitter:card\" content=\"summary_large_image\" \/>\n<script type=\"application\/ld+json\" class=\"yoast-schema-graph\">{\"@context\":\"https:\/\/schema.org\",\"@graph\":[{\"@type\":\"WebPage\",\"@id\":\"https:\/\/www.oeuvrequiparle.com\/decouverte\/?page_id=711\",\"url\":\"https:\/\/www.oeuvrequiparle.com\/decouverte\/?page_id=711\",\"name\":\"A240 : Allusif, inclusion de figures (ou d\u2019objets r\u00e9els) dans l\u2019abstrait - L&#039;Encyclop\u00e9die sonore des Arts Visuels\",\"isPartOf\":{\"@id\":\"https:\/\/www.oeuvrequiparle.com\/decouverte\/#website\"},\"datePublished\":\"2015-09-10T19:00:15+00:00\",\"dateModified\":\"2015-09-10T19:00:15+00:00\",\"breadcrumb\":{\"@id\":\"https:\/\/www.oeuvrequiparle.com\/decouverte\/?page_id=711#breadcrumb\"},\"inLanguage\":\"fr-FR\",\"potentialAction\":[{\"@type\":\"ReadAction\",\"target\":[\"https:\/\/www.oeuvrequiparle.com\/decouverte\/?page_id=711\"]}]},{\"@type\":\"BreadcrumbList\",\"@id\":\"https:\/\/www.oeuvrequiparle.com\/decouverte\/?page_id=711#breadcrumb\",\"itemListElement\":[{\"@type\":\"ListItem\",\"position\":1,\"name\":\"Home\",\"item\":\"https:\/\/www.oeuvrequiparle.com\/decouverte\/\"},{\"@type\":\"ListItem\",\"position\":2,\"name\":\"A240 : Allusif, inclusion de figures (ou d\u2019objets r\u00e9els) dans l\u2019abstrait\"}]},{\"@type\":\"WebSite\",\"@id\":\"https:\/\/www.oeuvrequiparle.com\/decouverte\/#website\",\"url\":\"https:\/\/www.oeuvrequiparle.com\/decouverte\/\",\"name\":\"L&#039;Encyclop\u00e9die sonore des Arts Visuels\",\"description\":\"Par Active-Art\",\"potentialAction\":[{\"@type\":\"SearchAction\",\"target\":{\"@type\":\"EntryPoint\",\"urlTemplate\":\"https:\/\/www.oeuvrequiparle.com\/decouverte\/?s={search_term_string}\"},\"query-input\":\"required name=search_term_string\"}],\"inLanguage\":\"fr-FR\"}]}<\/script>\n<!-- \/ Yoast SEO plugin. -->","yoast_head_json":{"title":"A240 : Allusif, inclusion de figures (ou d\u2019objets r\u00e9els) dans l\u2019abstrait - L&#039;Encyclop\u00e9die sonore des Arts Visuels","robots":{"index":"index","follow":"follow","max-snippet":"max-snippet:-1","max-image-preview":"max-image-preview:large","max-video-preview":"max-video-preview:-1"},"canonical":"https:\/\/www.oeuvrequiparle.com\/decouverte\/?page_id=711","og_locale":"fr_FR","og_type":"article","og_title":"A240 : Allusif, inclusion de figures (ou d\u2019objets r\u00e9els) dans l\u2019abstrait - L&#039;Encyclop\u00e9die sonore des Arts Visuels","og_description":"A240 : Allusif, inclusion de figures (ou d\u2019objets r\u00e9els) dans l\u2019abstrait\u00a0 \u00a0 \u00a0. \u00a0 Figurations plus ou moins r\u00e9alistes, plus ou moins importantes, mais toujours en tant que d\u00e9tails dans un ensemble restant globalement abstrait (Fernand L\u00e9ger, Jan Voss, Antoni &hellip; Continuer la lecture &rarr;","og_url":"https:\/\/www.oeuvrequiparle.com\/decouverte\/?page_id=711","og_site_name":"L&#039;Encyclop\u00e9die sonore des Arts Visuels","twitter_card":"summary_large_image","schema":{"@context":"https:\/\/schema.org","@graph":[{"@type":"WebPage","@id":"https:\/\/www.oeuvrequiparle.com\/decouverte\/?page_id=711","url":"https:\/\/www.oeuvrequiparle.com\/decouverte\/?page_id=711","name":"A240 : Allusif, inclusion de figures (ou d\u2019objets r\u00e9els) dans l\u2019abstrait - L&#039;Encyclop\u00e9die sonore des Arts Visuels","isPartOf":{"@id":"https:\/\/www.oeuvrequiparle.com\/decouverte\/#website"},"datePublished":"2015-09-10T19:00:15+00:00","dateModified":"2015-09-10T19:00:15+00:00","breadcrumb":{"@id":"https:\/\/www.oeuvrequiparle.com\/decouverte\/?page_id=711#breadcrumb"},"inLanguage":"fr-FR","potentialAction":[{"@type":"ReadAction","target":["https:\/\/www.oeuvrequiparle.com\/decouverte\/?page_id=711"]}]},{"@type":"BreadcrumbList","@id":"https:\/\/www.oeuvrequiparle.com\/decouverte\/?page_id=711#breadcrumb","itemListElement":[{"@type":"ListItem","position":1,"name":"Home","item":"https:\/\/www.oeuvrequiparle.com\/decouverte\/"},{"@type":"ListItem","position":2,"name":"A240 : Allusif, inclusion de figures (ou d\u2019objets r\u00e9els) dans l\u2019abstrait"}]},{"@type":"WebSite","@id":"https:\/\/www.oeuvrequiparle.com\/decouverte\/#website","url":"https:\/\/www.oeuvrequiparle.com\/decouverte\/","name":"L&#039;Encyclop\u00e9die sonore des Arts Visuels","description":"Par Active-Art","potentialAction":[{"@type":"SearchAction","target":{"@type":"EntryPoint","urlTemplate":"https:\/\/www.oeuvrequiparle.com\/decouverte\/?s={search_term_string}"},"query-input":"required name=search_term_string"}],"inLanguage":"fr-FR"}]}},"_links":{"self":[{"href":"https:\/\/www.oeuvrequiparle.com\/decouverte\/index.php?rest_route=\/wp\/v2\/pages\/711"}],"collection":[{"href":"https:\/\/www.oeuvrequiparle.com\/decouverte\/index.php?rest_route=\/wp\/v2\/pages"}],"about":[{"href":"https:\/\/www.oeuvrequiparle.com\/decouverte\/index.php?rest_route=\/wp\/v2\/types\/page"}],"author":[{"embeddable":true,"href":"https:\/\/www.oeuvrequiparle.com\/decouverte\/index.php?rest_route=\/wp\/v2\/users\/1"}],"replies":[{"embeddable":true,"href":"https:\/\/www.oeuvrequiparle.com\/decouverte\/index.php?rest_route=%2Fwp%2Fv2%2Fcomments&post=711"}],"version-history":[{"count":1,"href":"https:\/\/www.oeuvrequiparle.com\/decouverte\/index.php?rest_route=\/wp\/v2\/pages\/711\/revisions"}],"predecessor-version":[{"id":712,"href":"https:\/\/www.oeuvrequiparle.com\/decouverte\/index.php?rest_route=\/wp\/v2\/pages\/711\/revisions\/712"}],"wp:attachment":[{"href":"https:\/\/www.oeuvrequiparle.com\/decouverte\/index.php?rest_route=%2Fwp%2Fv2%2Fmedia&parent=711"}],"curies":[{"name":"wp","href":"https:\/\/api.w.org\/{rel}","templated":true}]}}