{"id":727,"date":"2015-09-10T20:01:56","date_gmt":"2015-09-10T19:01:56","guid":{"rendered":"http:\/\/www.oeuvrequiparle.com\/decouverte\/?page_id=727"},"modified":"2015-09-10T20:01:56","modified_gmt":"2015-09-10T19:01:56","slug":"a350-figurations-expressionnistes-matieristes","status":"publish","type":"page","link":"https:\/\/www.oeuvrequiparle.com\/decouverte\/?page_id=727","title":{"rendered":"A350 : Figurations \u00ab Expressionnistes \u00bb mati\u00e9ristes"},"content":{"rendered":"<h3><strong>A350 :\u00a0<strong><strong>Figurations\u00a0<\/strong><\/strong><strong>\u00ab\u00a0Expressionnistes\u00a0\u00bb mati\u00e9ristes<\/strong><\/strong><\/h3>\n<h3><strong><span style=\"color: #ffffff;\">\u00a0 \u00a0. \u00a0<\/span><\/strong><\/h3>\n\n<!-- iframe plugin v.4.8 wordpress.org\/plugins\/iframe\/ -->\n<iframe loading=\"lazy\" width=\"690\" height=\"230\" src=\"https:\/\/www.oeuvrequiparle.com\/VA0350\" scrolling=\"yes\" class=\"iframe-class\" frameborder=\"0\"><\/iframe>\n\n<p style=\"text-align: justify;\">l\u2019expression se lib\u00e8re surtout dans la charge ou l\u2019architectonique (comment les mati\u00e8res sont \u00ab\u00a0b\u00e2ties\u00a0\u00bb) des mati\u00e8res color\u00e9es utilis\u00e9es (Corneille, Karel Appel, Bengt Lindstr\u00f6m, Miguel Barcel\u00f3, \u2026)\u00a0par Marion Kling.<\/p>\n","protected":false},"excerpt":{"rendered":"<p>A350 :\u00a0Figurations\u00a0\u00ab\u00a0Expressionnistes\u00a0\u00bb mati\u00e9ristes \u00a0 \u00a0. \u00a0 l\u2019expression se lib\u00e8re surtout dans la charge ou l\u2019architectonique (comment les mati\u00e8res sont \u00ab\u00a0b\u00e2ties\u00a0\u00bb) des mati\u00e8res color\u00e9es utilis\u00e9es (Corneille, Karel Appel, Bengt Lindstr\u00f6m, Miguel Barcel\u00f3, \u2026)\u00a0par Marion Kling.<\/p>\n","protected":false},"author":1,"featured_media":0,"parent":0,"menu_order":0,"comment_status":"open","ping_status":"open","template":"","meta":{"footnotes":""},"yoast_head":"<!-- This site is optimized with the Yoast SEO plugin v21.5 - https:\/\/yoast.com\/wordpress\/plugins\/seo\/ -->\n<title>A350 : Figurations \u00ab Expressionnistes \u00bb mati\u00e9ristes - L&#039;Encyclop\u00e9die sonore des Arts Visuels<\/title>\n<meta name=\"robots\" content=\"index, follow, max-snippet:-1, max-image-preview:large, max-video-preview:-1\" \/>\n<link rel=\"canonical\" href=\"https:\/\/www.oeuvrequiparle.com\/decouverte\/?page_id=727\" \/>\n<meta property=\"og:locale\" content=\"fr_FR\" \/>\n<meta property=\"og:type\" content=\"article\" \/>\n<meta property=\"og:title\" content=\"A350 : Figurations \u00ab Expressionnistes \u00bb mati\u00e9ristes - L&#039;Encyclop\u00e9die sonore des Arts Visuels\" \/>\n<meta property=\"og:description\" content=\"A350 :\u00a0Figurations\u00a0\u00ab\u00a0Expressionnistes\u00a0\u00bb mati\u00e9ristes \u00a0 \u00a0. \u00a0 l\u2019expression se lib\u00e8re surtout dans la charge ou l\u2019architectonique (comment les mati\u00e8res sont \u00ab\u00a0b\u00e2ties\u00a0\u00bb) des mati\u00e8res color\u00e9es utilis\u00e9es (Corneille, Karel Appel, Bengt Lindstr\u00f6m, Miguel Barcel\u00f3, \u2026)\u00a0par Marion Kling.\" \/>\n<meta property=\"og:url\" content=\"https:\/\/www.oeuvrequiparle.com\/decouverte\/?page_id=727\" \/>\n<meta property=\"og:site_name\" content=\"L&#039;Encyclop\u00e9die sonore des Arts Visuels\" \/>\n<meta name=\"twitter:card\" content=\"summary_large_image\" \/>\n<script type=\"application\/ld+json\" class=\"yoast-schema-graph\">{\"@context\":\"https:\/\/schema.org\",\"@graph\":[{\"@type\":\"WebPage\",\"@id\":\"https:\/\/www.oeuvrequiparle.com\/decouverte\/?page_id=727\",\"url\":\"https:\/\/www.oeuvrequiparle.com\/decouverte\/?page_id=727\",\"name\":\"A350 : Figurations \u00ab Expressionnistes \u00bb mati\u00e9ristes - L&#039;Encyclop\u00e9die sonore des Arts Visuels\",\"isPartOf\":{\"@id\":\"https:\/\/www.oeuvrequiparle.com\/decouverte\/#website\"},\"datePublished\":\"2015-09-10T19:01:56+00:00\",\"dateModified\":\"2015-09-10T19:01:56+00:00\",\"breadcrumb\":{\"@id\":\"https:\/\/www.oeuvrequiparle.com\/decouverte\/?page_id=727#breadcrumb\"},\"inLanguage\":\"fr-FR\",\"potentialAction\":[{\"@type\":\"ReadAction\",\"target\":[\"https:\/\/www.oeuvrequiparle.com\/decouverte\/?page_id=727\"]}]},{\"@type\":\"BreadcrumbList\",\"@id\":\"https:\/\/www.oeuvrequiparle.com\/decouverte\/?page_id=727#breadcrumb\",\"itemListElement\":[{\"@type\":\"ListItem\",\"position\":1,\"name\":\"Home\",\"item\":\"https:\/\/www.oeuvrequiparle.com\/decouverte\/\"},{\"@type\":\"ListItem\",\"position\":2,\"name\":\"A350 : Figurations \u00ab Expressionnistes \u00bb mati\u00e9ristes\"}]},{\"@type\":\"WebSite\",\"@id\":\"https:\/\/www.oeuvrequiparle.com\/decouverte\/#website\",\"url\":\"https:\/\/www.oeuvrequiparle.com\/decouverte\/\",\"name\":\"L&#039;Encyclop\u00e9die sonore des Arts Visuels\",\"description\":\"Par Active-Art\",\"potentialAction\":[{\"@type\":\"SearchAction\",\"target\":{\"@type\":\"EntryPoint\",\"urlTemplate\":\"https:\/\/www.oeuvrequiparle.com\/decouverte\/?s={search_term_string}\"},\"query-input\":\"required name=search_term_string\"}],\"inLanguage\":\"fr-FR\"}]}<\/script>\n<!-- \/ Yoast SEO plugin. -->","yoast_head_json":{"title":"A350 : Figurations \u00ab Expressionnistes \u00bb mati\u00e9ristes - L&#039;Encyclop\u00e9die sonore des Arts Visuels","robots":{"index":"index","follow":"follow","max-snippet":"max-snippet:-1","max-image-preview":"max-image-preview:large","max-video-preview":"max-video-preview:-1"},"canonical":"https:\/\/www.oeuvrequiparle.com\/decouverte\/?page_id=727","og_locale":"fr_FR","og_type":"article","og_title":"A350 : Figurations \u00ab Expressionnistes \u00bb mati\u00e9ristes - L&#039;Encyclop\u00e9die sonore des Arts Visuels","og_description":"A350 :\u00a0Figurations\u00a0\u00ab\u00a0Expressionnistes\u00a0\u00bb mati\u00e9ristes \u00a0 \u00a0. \u00a0 l\u2019expression se lib\u00e8re surtout dans la charge ou l\u2019architectonique (comment les mati\u00e8res sont \u00ab\u00a0b\u00e2ties\u00a0\u00bb) des mati\u00e8res color\u00e9es utilis\u00e9es (Corneille, Karel Appel, Bengt Lindstr\u00f6m, Miguel Barcel\u00f3, \u2026)\u00a0par Marion Kling.","og_url":"https:\/\/www.oeuvrequiparle.com\/decouverte\/?page_id=727","og_site_name":"L&#039;Encyclop\u00e9die sonore des Arts Visuels","twitter_card":"summary_large_image","schema":{"@context":"https:\/\/schema.org","@graph":[{"@type":"WebPage","@id":"https:\/\/www.oeuvrequiparle.com\/decouverte\/?page_id=727","url":"https:\/\/www.oeuvrequiparle.com\/decouverte\/?page_id=727","name":"A350 : Figurations \u00ab Expressionnistes \u00bb mati\u00e9ristes - L&#039;Encyclop\u00e9die sonore des Arts Visuels","isPartOf":{"@id":"https:\/\/www.oeuvrequiparle.com\/decouverte\/#website"},"datePublished":"2015-09-10T19:01:56+00:00","dateModified":"2015-09-10T19:01:56+00:00","breadcrumb":{"@id":"https:\/\/www.oeuvrequiparle.com\/decouverte\/?page_id=727#breadcrumb"},"inLanguage":"fr-FR","potentialAction":[{"@type":"ReadAction","target":["https:\/\/www.oeuvrequiparle.com\/decouverte\/?page_id=727"]}]},{"@type":"BreadcrumbList","@id":"https:\/\/www.oeuvrequiparle.com\/decouverte\/?page_id=727#breadcrumb","itemListElement":[{"@type":"ListItem","position":1,"name":"Home","item":"https:\/\/www.oeuvrequiparle.com\/decouverte\/"},{"@type":"ListItem","position":2,"name":"A350 : Figurations \u00ab Expressionnistes \u00bb mati\u00e9ristes"}]},{"@type":"WebSite","@id":"https:\/\/www.oeuvrequiparle.com\/decouverte\/#website","url":"https:\/\/www.oeuvrequiparle.com\/decouverte\/","name":"L&#039;Encyclop\u00e9die sonore des Arts Visuels","description":"Par Active-Art","potentialAction":[{"@type":"SearchAction","target":{"@type":"EntryPoint","urlTemplate":"https:\/\/www.oeuvrequiparle.com\/decouverte\/?s={search_term_string}"},"query-input":"required name=search_term_string"}],"inLanguage":"fr-FR"}]}},"_links":{"self":[{"href":"https:\/\/www.oeuvrequiparle.com\/decouverte\/index.php?rest_route=\/wp\/v2\/pages\/727"}],"collection":[{"href":"https:\/\/www.oeuvrequiparle.com\/decouverte\/index.php?rest_route=\/wp\/v2\/pages"}],"about":[{"href":"https:\/\/www.oeuvrequiparle.com\/decouverte\/index.php?rest_route=\/wp\/v2\/types\/page"}],"author":[{"embeddable":true,"href":"https:\/\/www.oeuvrequiparle.com\/decouverte\/index.php?rest_route=\/wp\/v2\/users\/1"}],"replies":[{"embeddable":true,"href":"https:\/\/www.oeuvrequiparle.com\/decouverte\/index.php?rest_route=%2Fwp%2Fv2%2Fcomments&post=727"}],"version-history":[{"count":1,"href":"https:\/\/www.oeuvrequiparle.com\/decouverte\/index.php?rest_route=\/wp\/v2\/pages\/727\/revisions"}],"predecessor-version":[{"id":728,"href":"https:\/\/www.oeuvrequiparle.com\/decouverte\/index.php?rest_route=\/wp\/v2\/pages\/727\/revisions\/728"}],"wp:attachment":[{"href":"https:\/\/www.oeuvrequiparle.com\/decouverte\/index.php?rest_route=%2Fwp%2Fv2%2Fmedia&parent=727"}],"curies":[{"name":"wp","href":"https:\/\/api.w.org\/{rel}","templated":true}]}}