{"id":748,"date":"2015-09-10T20:04:34","date_gmt":"2015-09-10T19:04:34","guid":{"rendered":"http:\/\/www.oeuvrequiparle.com\/decouverte\/?page_id=748"},"modified":"2015-09-10T20:04:43","modified_gmt":"2015-09-10T19:04:43","slug":"a470-formes-du-realisme-seulement-formel","status":"publish","type":"page","link":"https:\/\/www.oeuvrequiparle.com\/decouverte\/?page_id=748","title":{"rendered":"A470 : Formes du r\u00e9alisme, seulement Formel"},"content":{"rendered":"<h3><strong>A470 : Formes du r\u00e9alisme, seulement Formel<\/strong><\/h3>\n<h3><strong><span style=\"color: #ffffff;\">\u00a0 \u00a0. \u00a0<\/span><\/strong><\/h3>\n\n<!-- iframe plugin v.4.8 wordpress.org\/plugins\/iframe\/ -->\n<iframe loading=\"lazy\" width=\"690\" height=\"230\" src=\"https:\/\/www.oeuvrequiparle.com\/VA0470\" scrolling=\"yes\" class=\"iframe-class\" frameborder=\"0\"><\/iframe>\n\n<p style=\"text-align: justify;\">entre \u00ab\u00a0Neue Sachlichkeit\u00a0\u00bb, \u00ab\u00a0American scene\u00a0\u00bb ou \u00ab\u00a0Nouvelle figuration\u00a0\u00bb, la r\u00e9alit\u00e9 telle qu\u2019elle est per\u00e7ue par un artiste dont la subjectivit\u00e9 \u00ab\u00a0serait neutre\u00a0\u00bb (Christian Schad, G\u00e9rard Schlosser, Vincent Corpet, Gilles Aillaud, \u2026) par Marion Kling.<\/p>\n","protected":false},"excerpt":{"rendered":"<p>A470 : Formes du r\u00e9alisme, seulement Formel \u00a0 \u00a0. \u00a0 entre \u00ab\u00a0Neue Sachlichkeit\u00a0\u00bb, \u00ab\u00a0American scene\u00a0\u00bb ou \u00ab\u00a0Nouvelle figuration\u00a0\u00bb, la r\u00e9alit\u00e9 telle qu\u2019elle est per\u00e7ue par un artiste dont la subjectivit\u00e9 \u00ab\u00a0serait neutre\u00a0\u00bb (Christian Schad, G\u00e9rard Schlosser, Vincent Corpet, Gilles Aillaud, &hellip; <a href=\"https:\/\/www.oeuvrequiparle.com\/decouverte\/?page_id=748\">Continuer la lecture <span class=\"meta-nav\">&rarr;<\/span><\/a><\/p>\n","protected":false},"author":1,"featured_media":0,"parent":0,"menu_order":0,"comment_status":"open","ping_status":"open","template":"","meta":{"footnotes":""},"yoast_head":"<!-- This site is optimized with the Yoast SEO plugin v21.5 - https:\/\/yoast.com\/wordpress\/plugins\/seo\/ -->\n<title>A470 : Formes du r\u00e9alisme, seulement Formel - L&#039;Encyclop\u00e9die sonore des Arts Visuels<\/title>\n<meta name=\"robots\" content=\"index, follow, max-snippet:-1, max-image-preview:large, max-video-preview:-1\" \/>\n<link rel=\"canonical\" href=\"https:\/\/www.oeuvrequiparle.com\/decouverte\/?page_id=748\" \/>\n<meta property=\"og:locale\" content=\"fr_FR\" \/>\n<meta property=\"og:type\" content=\"article\" \/>\n<meta property=\"og:title\" content=\"A470 : Formes du r\u00e9alisme, seulement Formel - L&#039;Encyclop\u00e9die sonore des Arts Visuels\" \/>\n<meta property=\"og:description\" content=\"A470 : Formes du r\u00e9alisme, seulement Formel \u00a0 \u00a0. \u00a0 entre \u00ab\u00a0Neue Sachlichkeit\u00a0\u00bb, \u00ab\u00a0American scene\u00a0\u00bb ou \u00ab\u00a0Nouvelle figuration\u00a0\u00bb, la r\u00e9alit\u00e9 telle qu\u2019elle est per\u00e7ue par un artiste dont la subjectivit\u00e9 \u00ab\u00a0serait neutre\u00a0\u00bb (Christian Schad, G\u00e9rard Schlosser, Vincent Corpet, Gilles Aillaud, &hellip; Continuer la lecture &rarr;\" \/>\n<meta property=\"og:url\" content=\"https:\/\/www.oeuvrequiparle.com\/decouverte\/?page_id=748\" \/>\n<meta property=\"og:site_name\" content=\"L&#039;Encyclop\u00e9die sonore des Arts Visuels\" \/>\n<meta property=\"article:modified_time\" content=\"2015-09-10T19:04:43+00:00\" \/>\n<meta name=\"twitter:card\" content=\"summary_large_image\" \/>\n<script type=\"application\/ld+json\" class=\"yoast-schema-graph\">{\"@context\":\"https:\/\/schema.org\",\"@graph\":[{\"@type\":\"WebPage\",\"@id\":\"https:\/\/www.oeuvrequiparle.com\/decouverte\/?page_id=748\",\"url\":\"https:\/\/www.oeuvrequiparle.com\/decouverte\/?page_id=748\",\"name\":\"A470 : Formes du r\u00e9alisme, seulement Formel - L&#039;Encyclop\u00e9die sonore des Arts Visuels\",\"isPartOf\":{\"@id\":\"https:\/\/www.oeuvrequiparle.com\/decouverte\/#website\"},\"datePublished\":\"2015-09-10T19:04:34+00:00\",\"dateModified\":\"2015-09-10T19:04:43+00:00\",\"breadcrumb\":{\"@id\":\"https:\/\/www.oeuvrequiparle.com\/decouverte\/?page_id=748#breadcrumb\"},\"inLanguage\":\"fr-FR\",\"potentialAction\":[{\"@type\":\"ReadAction\",\"target\":[\"https:\/\/www.oeuvrequiparle.com\/decouverte\/?page_id=748\"]}]},{\"@type\":\"BreadcrumbList\",\"@id\":\"https:\/\/www.oeuvrequiparle.com\/decouverte\/?page_id=748#breadcrumb\",\"itemListElement\":[{\"@type\":\"ListItem\",\"position\":1,\"name\":\"Home\",\"item\":\"https:\/\/www.oeuvrequiparle.com\/decouverte\/\"},{\"@type\":\"ListItem\",\"position\":2,\"name\":\"A470 : Formes du r\u00e9alisme, seulement Formel\"}]},{\"@type\":\"WebSite\",\"@id\":\"https:\/\/www.oeuvrequiparle.com\/decouverte\/#website\",\"url\":\"https:\/\/www.oeuvrequiparle.com\/decouverte\/\",\"name\":\"L&#039;Encyclop\u00e9die sonore des Arts Visuels\",\"description\":\"Par Active-Art\",\"potentialAction\":[{\"@type\":\"SearchAction\",\"target\":{\"@type\":\"EntryPoint\",\"urlTemplate\":\"https:\/\/www.oeuvrequiparle.com\/decouverte\/?s={search_term_string}\"},\"query-input\":\"required name=search_term_string\"}],\"inLanguage\":\"fr-FR\"}]}<\/script>\n<!-- \/ Yoast SEO plugin. -->","yoast_head_json":{"title":"A470 : Formes du r\u00e9alisme, seulement Formel - L&#039;Encyclop\u00e9die sonore des Arts Visuels","robots":{"index":"index","follow":"follow","max-snippet":"max-snippet:-1","max-image-preview":"max-image-preview:large","max-video-preview":"max-video-preview:-1"},"canonical":"https:\/\/www.oeuvrequiparle.com\/decouverte\/?page_id=748","og_locale":"fr_FR","og_type":"article","og_title":"A470 : Formes du r\u00e9alisme, seulement Formel - L&#039;Encyclop\u00e9die sonore des Arts Visuels","og_description":"A470 : Formes du r\u00e9alisme, seulement Formel \u00a0 \u00a0. \u00a0 entre \u00ab\u00a0Neue Sachlichkeit\u00a0\u00bb, \u00ab\u00a0American scene\u00a0\u00bb ou \u00ab\u00a0Nouvelle figuration\u00a0\u00bb, la r\u00e9alit\u00e9 telle qu\u2019elle est per\u00e7ue par un artiste dont la subjectivit\u00e9 \u00ab\u00a0serait neutre\u00a0\u00bb (Christian Schad, G\u00e9rard Schlosser, Vincent Corpet, Gilles Aillaud, &hellip; Continuer la lecture &rarr;","og_url":"https:\/\/www.oeuvrequiparle.com\/decouverte\/?page_id=748","og_site_name":"L&#039;Encyclop\u00e9die sonore des Arts Visuels","article_modified_time":"2015-09-10T19:04:43+00:00","twitter_card":"summary_large_image","schema":{"@context":"https:\/\/schema.org","@graph":[{"@type":"WebPage","@id":"https:\/\/www.oeuvrequiparle.com\/decouverte\/?page_id=748","url":"https:\/\/www.oeuvrequiparle.com\/decouverte\/?page_id=748","name":"A470 : Formes du r\u00e9alisme, seulement Formel - L&#039;Encyclop\u00e9die sonore des Arts Visuels","isPartOf":{"@id":"https:\/\/www.oeuvrequiparle.com\/decouverte\/#website"},"datePublished":"2015-09-10T19:04:34+00:00","dateModified":"2015-09-10T19:04:43+00:00","breadcrumb":{"@id":"https:\/\/www.oeuvrequiparle.com\/decouverte\/?page_id=748#breadcrumb"},"inLanguage":"fr-FR","potentialAction":[{"@type":"ReadAction","target":["https:\/\/www.oeuvrequiparle.com\/decouverte\/?page_id=748"]}]},{"@type":"BreadcrumbList","@id":"https:\/\/www.oeuvrequiparle.com\/decouverte\/?page_id=748#breadcrumb","itemListElement":[{"@type":"ListItem","position":1,"name":"Home","item":"https:\/\/www.oeuvrequiparle.com\/decouverte\/"},{"@type":"ListItem","position":2,"name":"A470 : Formes du r\u00e9alisme, seulement Formel"}]},{"@type":"WebSite","@id":"https:\/\/www.oeuvrequiparle.com\/decouverte\/#website","url":"https:\/\/www.oeuvrequiparle.com\/decouverte\/","name":"L&#039;Encyclop\u00e9die sonore des Arts Visuels","description":"Par Active-Art","potentialAction":[{"@type":"SearchAction","target":{"@type":"EntryPoint","urlTemplate":"https:\/\/www.oeuvrequiparle.com\/decouverte\/?s={search_term_string}"},"query-input":"required name=search_term_string"}],"inLanguage":"fr-FR"}]}},"_links":{"self":[{"href":"https:\/\/www.oeuvrequiparle.com\/decouverte\/index.php?rest_route=\/wp\/v2\/pages\/748"}],"collection":[{"href":"https:\/\/www.oeuvrequiparle.com\/decouverte\/index.php?rest_route=\/wp\/v2\/pages"}],"about":[{"href":"https:\/\/www.oeuvrequiparle.com\/decouverte\/index.php?rest_route=\/wp\/v2\/types\/page"}],"author":[{"embeddable":true,"href":"https:\/\/www.oeuvrequiparle.com\/decouverte\/index.php?rest_route=\/wp\/v2\/users\/1"}],"replies":[{"embeddable":true,"href":"https:\/\/www.oeuvrequiparle.com\/decouverte\/index.php?rest_route=%2Fwp%2Fv2%2Fcomments&post=748"}],"version-history":[{"count":1,"href":"https:\/\/www.oeuvrequiparle.com\/decouverte\/index.php?rest_route=\/wp\/v2\/pages\/748\/revisions"}],"predecessor-version":[{"id":749,"href":"https:\/\/www.oeuvrequiparle.com\/decouverte\/index.php?rest_route=\/wp\/v2\/pages\/748\/revisions\/749"}],"wp:attachment":[{"href":"https:\/\/www.oeuvrequiparle.com\/decouverte\/index.php?rest_route=%2Fwp%2Fv2%2Fmedia&parent=748"}],"curies":[{"name":"wp","href":"https:\/\/api.w.org\/{rel}","templated":true}]}}