{"id":839,"date":"2016-06-21T17:45:08","date_gmt":"2016-06-21T16:45:08","guid":{"rendered":"http:\/\/www.oeuvrequiparle.com\/decouverte\/?page_id=839"},"modified":"2016-11-04T18:22:39","modified_gmt":"2016-11-04T17:22:39","slug":"1-lencyclopedie-sonore-des-arts-visuels-page-daccueil","status":"publish","type":"page","link":"https:\/\/www.oeuvrequiparle.com\/decouverte\/","title":{"rendered":"1 \u2013 L\u2019encyclop\u00e9die sonore des arts visuels &#8211; Page d\u2019accueil"},"content":{"rendered":"<h1><span style=\"color: #339966;\">D\u00e9couvrez l&rsquo;art d&rsquo;hier et d&rsquo;aujourd&rsquo;hui depuis chez vous.<\/span><\/h1>\n<p style=\"text-align: justify;\">L&rsquo;Encyclop\u00e9die\u00a0sonore des arts visuels vous propose de d\u00e9couvrir chaque semaine une nouvelle oeuvre comment\u00e9e par un historien d&rsquo;art. De la Renaissance \u00e0 l&rsquo;Art Conceptuel, nous vous proposons de d\u00e9couvrir gratuitement la grande histoire des arts visuels.<\/p>\n<p style=\"text-align: justify;\">Pour vivre de leur art, les artistes d&rsquo;aujourd&rsquo;hui ont besoin d&rsquo;\u00eatre appr\u00e9ci\u00e9s, et compris.\u00a0Nous pensons chez Active-Art que la soci\u00e9t\u00e9 a plus que jamais besoin de redonner la priorit\u00e9 aux valeurs essentielles que sont la culture et l&rsquo;\u00e9motion g\u00e9n\u00e9r\u00e9es par la compr\u00e9hension d&rsquo;une oeuvre d&rsquo;art. \u00ab\u00a0Comprendre, c&rsquo;est \u00eatre libre\u00a0\u00bb&#8230; Raviver le sens du merveilleux, tel est le projet de l&rsquo;<em>oeuvre qui parle, <\/em>en partenariat avec <span style=\"text-decoration: underline; color: #000000;\"><a style=\"color: #000000; text-decoration: underline;\" href=\"http:\/\/www.sarah-noteman.com\">Sarah Noteman<\/a><\/span>, critique et historienne de l&rsquo;art.<\/p>\n<h2><a style=\"color: #008000;\" href=\"https:\/\/www.oeuvrequiparle.com\/decouverte\/?page_id=598\">Les artistes historiques<\/a><\/h2>\n<h2><a href=\"https:\/\/www.oeuvrequiparle.com\/decouverte\/?page_id=598\"><br \/>\n<img loading=\"lazy\" decoding=\"async\" class=\"alignnone size-full wp-image-616\" src=\"https:\/\/www.oeuvrequiparle.com\/decouverte\/wp-content\/uploads\/2015\/08\/Vermeer-800-sm.jpeg\" alt=\"Johannes Vermeer\" width=\"159\" height=\"160\" srcset=\"https:\/\/www.oeuvrequiparle.com\/decouverte\/wp-content\/uploads\/2015\/08\/Vermeer-800-sm.jpeg 159w, https:\/\/www.oeuvrequiparle.com\/decouverte\/wp-content\/uploads\/2015\/08\/Vermeer-800-sm-150x150.jpeg 150w\" sizes=\"(max-width: 159px) 100vw, 159px\" \/><img loading=\"lazy\" decoding=\"async\" class=\"alignnone size-full wp-image-617\" src=\"https:\/\/www.oeuvrequiparle.com\/decouverte\/wp-content\/uploads\/2015\/08\/starry-night-1889-sm.jpg\" alt=\"Vincent Van Gogh\" width=\"162\" height=\"160\" \/><img loading=\"lazy\" decoding=\"async\" class=\"alignnone size-full wp-image-618\" src=\"https:\/\/www.oeuvrequiparle.com\/decouverte\/wp-content\/uploads\/2015\/08\/Paul_C\u00e9zanne_panier_fruits-sm.jpg\" alt=\"Paul C\u00e9zanne\" width=\"161\" height=\"160\" srcset=\"https:\/\/www.oeuvrequiparle.com\/decouverte\/wp-content\/uploads\/2015\/08\/Paul_C\u00e9zanne_panier_fruits-sm.jpg 161w, https:\/\/www.oeuvrequiparle.com\/decouverte\/wp-content\/uploads\/2015\/08\/Paul_C\u00e9zanne_panier_fruits-sm-150x150.jpg 150w\" sizes=\"(max-width: 161px) 100vw, 161px\" \/><img loading=\"lazy\" decoding=\"async\" class=\"alignnone size-full wp-image-594\" src=\"https:\/\/www.oeuvrequiparle.com\/decouverte\/wp-content\/uploads\/2013\/01\/vague-hokusai-iphone-copie.jpg\" alt=\"Hokusai - La vague\" width=\"150\" height=\"160\" \/><\/a><\/h2>\n<h2><a style=\"color: #008000;\" href=\"https:\/\/www.oeuvrequiparle.com\/decouverte\/?page_id=600\"><br \/>\nLes courants artistiques<\/a><\/h2>\n<h2><a href=\"https:\/\/www.oeuvrequiparle.com\/decouverte\/?page_id=600\"><br \/>\n<img loading=\"lazy\" decoding=\"async\" class=\"alignnone wp-image-619\" src=\"https:\/\/www.oeuvrequiparle.com\/decouverte\/wp-content\/uploads\/2015\/08\/Edgar-Degas-Bath-sm.jpg\" alt=\"Edgar Degas\" width=\"158\" height=\"159\" srcset=\"https:\/\/www.oeuvrequiparle.com\/decouverte\/wp-content\/uploads\/2015\/08\/Edgar-Degas-Bath-sm.jpg 159w, https:\/\/www.oeuvrequiparle.com\/decouverte\/wp-content\/uploads\/2015\/08\/Edgar-Degas-Bath-sm-150x150.jpg 150w\" sizes=\"(max-width: 158px) 100vw, 158px\" \/><img loading=\"lazy\" decoding=\"async\" class=\"alignnone size-full wp-image-624\" src=\"https:\/\/www.oeuvrequiparle.com\/decouverte\/wp-content\/uploads\/2015\/08\/Hopper-Houserailroad-sm.jpg\" alt=\"Edward Hopper\" width=\"161\" height=\"160\" srcset=\"https:\/\/www.oeuvrequiparle.com\/decouverte\/wp-content\/uploads\/2015\/08\/Hopper-Houserailroad-sm.jpg 161w, https:\/\/www.oeuvrequiparle.com\/decouverte\/wp-content\/uploads\/2015\/08\/Hopper-Houserailroad-sm-150x150.jpg 150w\" sizes=\"(max-width: 161px) 100vw, 161px\" \/><\/a><a href=\"https:\/\/www.oeuvrequiparle.com\/decouverte\/?page_id=600\"><img loading=\"lazy\" decoding=\"async\" class=\"alignnone wp-image-614\" src=\"https:\/\/www.oeuvrequiparle.com\/decouverte\/wp-content\/uploads\/2015\/08\/Dame-\u00e0-la-licorne-sm.jpg\" alt=\"La Dame \u00e0 la licorne\" width=\"160\" height=\"159\" srcset=\"https:\/\/www.oeuvrequiparle.com\/decouverte\/wp-content\/uploads\/2015\/08\/Dame-\u00e0-la-licorne-sm.jpg 161w, https:\/\/www.oeuvrequiparle.com\/decouverte\/wp-content\/uploads\/2015\/08\/Dame-\u00e0-la-licorne-sm-150x150.jpg 150w\" sizes=\"(max-width: 160px) 100vw, 160px\" \/><\/a><a href=\"https:\/\/www.oeuvrequiparle.com\/decouverte\/?page_id=600\"><img loading=\"lazy\" decoding=\"async\" class=\"alignnone wp-image-622\" src=\"https:\/\/www.oeuvrequiparle.com\/decouverte\/wp-content\/uploads\/2015\/08\/Matisse-La-jpoie-de-vivre-sm.png\" alt=\"Henri Matisse\" width=\"160\" height=\"159\" srcset=\"https:\/\/www.oeuvrequiparle.com\/decouverte\/wp-content\/uploads\/2015\/08\/Matisse-La-jpoie-de-vivre-sm.png 161w, https:\/\/www.oeuvrequiparle.com\/decouverte\/wp-content\/uploads\/2015\/08\/Matisse-La-jpoie-de-vivre-sm-150x150.png 150w\" sizes=\"(max-width: 160px) 100vw, 160px\" \/><\/a><\/h2>\n<h2><a style=\"color: #008000;\" href=\"https:\/\/www.oeuvrequiparle.com\/decouverte\/?cat=22\"><br \/>\nLes artistes d&rsquo;aujourd&rsquo;hui<\/a><\/h2>\n<p>&nbsp;<\/p>\n<h2><a href=\"https:\/\/www.oeuvrequiparle.com\/decouverte\/?cat=22\"><img loading=\"lazy\" decoding=\"async\" class=\"alignnone wp-image-976 \" src=\"https:\/\/www.oeuvrequiparle.com\/decouverte\/wp-content\/uploads\/2016\/06\/Bandeau-Oeuvre-qui-parle.jpg\" alt=\"bandeau-oeuvre-qui-parle\" width=\"637\" height=\"219\" srcset=\"https:\/\/www.oeuvrequiparle.com\/decouverte\/wp-content\/uploads\/2016\/06\/Bandeau-Oeuvre-qui-parle.jpg 690w, https:\/\/www.oeuvrequiparle.com\/decouverte\/wp-content\/uploads\/2016\/06\/Bandeau-Oeuvre-qui-parle-300x103.jpg 300w, https:\/\/www.oeuvrequiparle.com\/decouverte\/wp-content\/uploads\/2016\/06\/Bandeau-Oeuvre-qui-parle-650x223.jpg 650w\" sizes=\"(max-width: 637px) 100vw, 637px\" \/><\/a><\/h2>\n<h2><strong>Inscrivez-vous gratuitement \u00e0 l&rsquo;Encyclop\u00e9die sonore des Arts Visuels<\/strong><\/h2>\n<p>Pour vous inscrire gratuitement et recevoir une alerte lors de la mise en ligne d&rsquo;une nouvelle oeuvre sonore, merci de nous laisser votre Email dans le formulaire ci-dessous :<\/p>\n<p align=\"center\">\n<!-- iframe plugin v.4.8 wordpress.org\/plugins\/iframe\/ -->\n<iframe loading=\"lazy\" width=\"550\" height=\"150\" src=\"https:\/\/www.oeuvrequiparle.com\/decouverte\/forms\/form_decouverte_001.htm\" scrolling=\"yes\" class=\"iframe-class\" frameborder=\"0\"><\/iframe>\n<\/p>\n<h2><b>Faites d\u00e9couvrir l&rsquo;Encyclop\u00e9die sonore des Arts Visuels \u00e0 vos amis<\/b><\/h2>\n<p>Il vous suffit de saisir l&rsquo;Email de l&rsquo;une de vos connaissances pour lui envoyer une invitation \u00e0 d\u00e9couvrir l&rsquo;Encyclop\u00e9die des Arts Visuels. Aidez-nous \u00e0 faire progresser cette aventure passionnante.<\/p>\n<p align=\"center\">\n<!-- iframe plugin v.4.8 wordpress.org\/plugins\/iframe\/ -->\n<iframe loading=\"lazy\" width=\"520\" height=\"130\" src=\"https:\/\/www.oeuvrequiparle.com\/decouverte\/forms\/form_decouverte_002.htm\" scrolling=\"yes\" class=\"iframe-class\" frameborder=\"0\"><\/iframe>\n<\/p>\n<p><strong>L&rsquo;encyclop\u00e9die sonore des arts visuels<\/strong><br \/>\nest un site propos\u00e9 par :<br \/>\n<strong>Active-Art <\/strong><br \/>\n5 rue de Turbigo<br \/>\n75001 PARIS<br \/>\nEmail : <a href=\"mailto:contact@active-art.net\">contact@active-art.net<\/a><\/p>\n<p><strong>autres sites de Active-Art<\/strong><\/p>\n<p>L&rsquo;oeuvre qui parle, l&rsquo;audioguide qui s&rsquo;imprime partout : <a href=\"http:\/\/www.active-museum.fr\">www.active-museum.fr<br \/>\nL<\/a>e moteur re recherche des arts visuels : <a href=\"http:\/\/www.visual-arts-explorer.com\">www.visual-arts-explorer.com<br \/>\n<\/a>La phototh\u00e8que des arts visuels : <a href=\"http:\/\/www.active-museum.net\">www.active-museum.net<\/a><\/p>\n<p>pour vous d\u00e9sinscrire de la liste de diffusion, <a href=\"https:\/\/www.oeuvrequiparle.com\/decouverte\/?page_id=375\">cliquez ici<\/a><\/p>\n<address><strong>Cr\u00e9dit Photos<\/strong> : \u00ab\u00a0La nuit \u00e9toil\u00e9e\u00a0\u00bb de Van Gogh, photo Active-Museum.net ; \u00ab\u00a0Le Baiser\u00a0\u00bb par Auguste Rodin, Photo Tate Gallery London, dist RMN Grand Palais ; \u00ab\u00a0Motus\u00a0\u00bb de RolandT,\u00a0photo Active-Museum.net<\/address>\n","protected":false},"excerpt":{"rendered":"<p>D\u00e9couvrez l&rsquo;art d&rsquo;hier et d&rsquo;aujourd&rsquo;hui depuis chez vous. L&rsquo;Encyclop\u00e9die\u00a0sonore des arts visuels vous propose de d\u00e9couvrir chaque semaine une nouvelle oeuvre comment\u00e9e par un historien d&rsquo;art. De la Renaissance \u00e0 l&rsquo;Art Conceptuel, nous vous proposons de d\u00e9couvrir gratuitement la grande &hellip; <a href=\"https:\/\/www.oeuvrequiparle.com\/decouverte\/\">Continuer la lecture <span class=\"meta-nav\">&rarr;<\/span><\/a><\/p>\n","protected":false},"author":1,"featured_media":0,"parent":0,"menu_order":0,"comment_status":"closed","ping_status":"closed","template":"","meta":{"footnotes":""},"yoast_head":"<!-- This site is optimized with the Yoast SEO plugin v21.5 - https:\/\/yoast.com\/wordpress\/plugins\/seo\/ -->\n<title>1 \u2013 L\u2019encyclop\u00e9die sonore des arts visuels - Page d\u2019accueil - L&#039;Encyclop\u00e9die sonore des Arts Visuels<\/title>\n<meta name=\"robots\" content=\"index, follow, max-snippet:-1, max-image-preview:large, max-video-preview:-1\" \/>\n<link rel=\"canonical\" href=\"https:\/\/www.oeuvrequiparle.com\/decouverte\/\" \/>\n<meta property=\"og:locale\" content=\"fr_FR\" \/>\n<meta property=\"og:type\" content=\"article\" \/>\n<meta property=\"og:title\" content=\"1 \u2013 L\u2019encyclop\u00e9die sonore des arts visuels - Page d\u2019accueil - L&#039;Encyclop\u00e9die sonore des Arts Visuels\" \/>\n<meta property=\"og:description\" content=\"D\u00e9couvrez l&rsquo;art d&rsquo;hier et d&rsquo;aujourd&rsquo;hui depuis chez vous. L&rsquo;Encyclop\u00e9die\u00a0sonore des arts visuels vous propose de d\u00e9couvrir chaque semaine une nouvelle oeuvre comment\u00e9e par un historien d&rsquo;art. De la Renaissance \u00e0 l&rsquo;Art Conceptuel, nous vous proposons de d\u00e9couvrir gratuitement la grande &hellip; Continuer la lecture &rarr;\" \/>\n<meta property=\"og:url\" content=\"https:\/\/www.oeuvrequiparle.com\/decouverte\/\" \/>\n<meta property=\"og:site_name\" content=\"L&#039;Encyclop\u00e9die sonore des Arts Visuels\" \/>\n<meta property=\"article:modified_time\" content=\"2016-11-04T17:22:39+00:00\" \/>\n<meta property=\"og:image\" content=\"https:\/\/www.oeuvrequiparle.com\/decouverte\/wp-content\/uploads\/2015\/08\/Vermeer-800-sm.jpeg\" \/>\n<meta name=\"twitter:card\" content=\"summary_large_image\" \/>\n<meta name=\"twitter:label1\" content=\"Dur\u00e9e de lecture estim\u00e9e\" \/>\n\t<meta name=\"twitter:data1\" content=\"2 minutes\" \/>\n<script type=\"application\/ld+json\" class=\"yoast-schema-graph\">{\"@context\":\"https:\/\/schema.org\",\"@graph\":[{\"@type\":\"WebPage\",\"@id\":\"https:\/\/www.oeuvrequiparle.com\/decouverte\/\",\"url\":\"https:\/\/www.oeuvrequiparle.com\/decouverte\/\",\"name\":\"1 \u2013 L\u2019encyclop\u00e9die sonore des arts visuels - Page d\u2019accueil - L&#039;Encyclop\u00e9die sonore des Arts Visuels\",\"isPartOf\":{\"@id\":\"https:\/\/www.oeuvrequiparle.com\/decouverte\/#website\"},\"datePublished\":\"2016-06-21T16:45:08+00:00\",\"dateModified\":\"2016-11-04T17:22:39+00:00\",\"breadcrumb\":{\"@id\":\"https:\/\/www.oeuvrequiparle.com\/decouverte\/#breadcrumb\"},\"inLanguage\":\"fr-FR\",\"potentialAction\":[{\"@type\":\"ReadAction\",\"target\":[\"https:\/\/www.oeuvrequiparle.com\/decouverte\/\"]}]},{\"@type\":\"BreadcrumbList\",\"@id\":\"https:\/\/www.oeuvrequiparle.com\/decouverte\/#breadcrumb\",\"itemListElement\":[{\"@type\":\"ListItem\",\"position\":1,\"name\":\"Home\",\"item\":\"https:\/\/www.oeuvrequiparle.com\/decouverte\/\"},{\"@type\":\"ListItem\",\"position\":2,\"name\":\"1 \u2013 L\u2019encyclop\u00e9die sonore des arts visuels &#8211; Page d\u2019accueil\"}]},{\"@type\":\"WebSite\",\"@id\":\"https:\/\/www.oeuvrequiparle.com\/decouverte\/#website\",\"url\":\"https:\/\/www.oeuvrequiparle.com\/decouverte\/\",\"name\":\"L&#039;Encyclop\u00e9die sonore des Arts Visuels\",\"description\":\"Par Active-Art\",\"potentialAction\":[{\"@type\":\"SearchAction\",\"target\":{\"@type\":\"EntryPoint\",\"urlTemplate\":\"https:\/\/www.oeuvrequiparle.com\/decouverte\/?s={search_term_string}\"},\"query-input\":\"required name=search_term_string\"}],\"inLanguage\":\"fr-FR\"}]}<\/script>\n<!-- \/ Yoast SEO plugin. -->","yoast_head_json":{"title":"1 \u2013 L\u2019encyclop\u00e9die sonore des arts visuels - Page d\u2019accueil - L&#039;Encyclop\u00e9die sonore des Arts Visuels","robots":{"index":"index","follow":"follow","max-snippet":"max-snippet:-1","max-image-preview":"max-image-preview:large","max-video-preview":"max-video-preview:-1"},"canonical":"https:\/\/www.oeuvrequiparle.com\/decouverte\/","og_locale":"fr_FR","og_type":"article","og_title":"1 \u2013 L\u2019encyclop\u00e9die sonore des arts visuels - Page d\u2019accueil - L&#039;Encyclop\u00e9die sonore des Arts Visuels","og_description":"D\u00e9couvrez l&rsquo;art d&rsquo;hier et d&rsquo;aujourd&rsquo;hui depuis chez vous. L&rsquo;Encyclop\u00e9die\u00a0sonore des arts visuels vous propose de d\u00e9couvrir chaque semaine une nouvelle oeuvre comment\u00e9e par un historien d&rsquo;art. De la Renaissance \u00e0 l&rsquo;Art Conceptuel, nous vous proposons de d\u00e9couvrir gratuitement la grande &hellip; Continuer la lecture &rarr;","og_url":"https:\/\/www.oeuvrequiparle.com\/decouverte\/","og_site_name":"L&#039;Encyclop\u00e9die sonore des Arts Visuels","article_modified_time":"2016-11-04T17:22:39+00:00","og_image":[{"url":"https:\/\/www.oeuvrequiparle.com\/decouverte\/wp-content\/uploads\/2015\/08\/Vermeer-800-sm.jpeg"}],"twitter_card":"summary_large_image","twitter_misc":{"Dur\u00e9e de lecture estim\u00e9e":"2 minutes"},"schema":{"@context":"https:\/\/schema.org","@graph":[{"@type":"WebPage","@id":"https:\/\/www.oeuvrequiparle.com\/decouverte\/","url":"https:\/\/www.oeuvrequiparle.com\/decouverte\/","name":"1 \u2013 L\u2019encyclop\u00e9die sonore des arts visuels - Page d\u2019accueil - L&#039;Encyclop\u00e9die sonore des Arts Visuels","isPartOf":{"@id":"https:\/\/www.oeuvrequiparle.com\/decouverte\/#website"},"datePublished":"2016-06-21T16:45:08+00:00","dateModified":"2016-11-04T17:22:39+00:00","breadcrumb":{"@id":"https:\/\/www.oeuvrequiparle.com\/decouverte\/#breadcrumb"},"inLanguage":"fr-FR","potentialAction":[{"@type":"ReadAction","target":["https:\/\/www.oeuvrequiparle.com\/decouverte\/"]}]},{"@type":"BreadcrumbList","@id":"https:\/\/www.oeuvrequiparle.com\/decouverte\/#breadcrumb","itemListElement":[{"@type":"ListItem","position":1,"name":"Home","item":"https:\/\/www.oeuvrequiparle.com\/decouverte\/"},{"@type":"ListItem","position":2,"name":"1 \u2013 L\u2019encyclop\u00e9die sonore des arts visuels &#8211; Page d\u2019accueil"}]},{"@type":"WebSite","@id":"https:\/\/www.oeuvrequiparle.com\/decouverte\/#website","url":"https:\/\/www.oeuvrequiparle.com\/decouverte\/","name":"L&#039;Encyclop\u00e9die sonore des Arts Visuels","description":"Par Active-Art","potentialAction":[{"@type":"SearchAction","target":{"@type":"EntryPoint","urlTemplate":"https:\/\/www.oeuvrequiparle.com\/decouverte\/?s={search_term_string}"},"query-input":"required name=search_term_string"}],"inLanguage":"fr-FR"}]}},"_links":{"self":[{"href":"https:\/\/www.oeuvrequiparle.com\/decouverte\/index.php?rest_route=\/wp\/v2\/pages\/839"}],"collection":[{"href":"https:\/\/www.oeuvrequiparle.com\/decouverte\/index.php?rest_route=\/wp\/v2\/pages"}],"about":[{"href":"https:\/\/www.oeuvrequiparle.com\/decouverte\/index.php?rest_route=\/wp\/v2\/types\/page"}],"author":[{"embeddable":true,"href":"https:\/\/www.oeuvrequiparle.com\/decouverte\/index.php?rest_route=\/wp\/v2\/users\/1"}],"replies":[{"embeddable":true,"href":"https:\/\/www.oeuvrequiparle.com\/decouverte\/index.php?rest_route=%2Fwp%2Fv2%2Fcomments&post=839"}],"version-history":[{"count":51,"href":"https:\/\/www.oeuvrequiparle.com\/decouverte\/index.php?rest_route=\/wp\/v2\/pages\/839\/revisions"}],"predecessor-version":[{"id":995,"href":"https:\/\/www.oeuvrequiparle.com\/decouverte\/index.php?rest_route=\/wp\/v2\/pages\/839\/revisions\/995"}],"wp:attachment":[{"href":"https:\/\/www.oeuvrequiparle.com\/decouverte\/index.php?rest_route=%2Fwp%2Fv2%2Fmedia&parent=839"}],"curies":[{"name":"wp","href":"https:\/\/api.w.org\/{rel}","templated":true}]}}